{"id":5720484,"date":"2026-02-04T10:05:49","date_gmt":"2026-02-04T09:05:49","guid":{"rendered":"https:\/\/stoic-curie.212-227-153-4.plesk.page\/product\/set-anoda-za-mercury-verado-mmp\/"},"modified":"2026-02-25T00:01:53","modified_gmt":"2026-02-25T00:01:53","slug":"set-anoda-za-mercury-verado-mmp","status":"publish","type":"product","link":"https:\/\/stoic-curie.212-227-153-4.plesk.page\/hr\/product\/set-anoda-za-mercury-verado-mmp\/","title":{"rendered":"Set Anoda za Mercury Verado MMP"},"content":{"rendered":"<p>Set Anoda za Mercury Verado MMP &#8211; <\/p>\n<p>Martyr set anoda za Mercury Verado MMP izra\u0111en od M2 aluminijske legure. Ove anode te\u017ee 50% manje od tradicionalnih cinkovih anoda, dok pru\u017eaju istu razinu za\u0161tite. Set uklju\u010duje: 2 x 826134Q, 2 x 893404, 1 x 8M0012083, 1 x 8M0001734, 1 x 762145Q.<\/p>\n","protected":false},"excerpt":{"rendered":"<p>Set Anoda za Mercury Verado MMP &#8211; Martyr set anoda za Mercury Verado MMP izra\u0111en od M2 aluminijske legure. Ove<\/p>\n","protected":false},"featured_media":5719282,"comment_status":"open","ping_status":"closed","template":"","meta":[],"product_brand":[3286],"product_cat":[1815],"product_tag":[],"class_list":{"0":"post-5720484","1":"product","2":"type-product","3":"status-publish","4":"has-post-thumbnail","6":"product_brand-quicksilver-hr","7":"product_cat-rezervni-dijelovi-za-vanbrodske-motore-mercury-i-mariner","9":"first","10":"instock","11":"shipping-taxable","12":"purchasable","13":"product-type-simple"},"_links":{"self":[{"href":"https:\/\/stoic-curie.212-227-153-4.plesk.page\/hr\/wp-json\/wp\/v2\/product\/5720484","targetHints":{"allow":["GET"]}}],"collection":[{"href":"https:\/\/stoic-curie.212-227-153-4.plesk.page\/hr\/wp-json\/wp\/v2\/product"}],"about":[{"href":"https:\/\/stoic-curie.212-227-153-4.plesk.page\/hr\/wp-json\/wp\/v2\/types\/product"}],"replies":[{"embeddable":true,"href":"https:\/\/stoic-curie.212-227-153-4.plesk.page\/hr\/wp-json\/wp\/v2\/comments?post=5720484"}],"version-history":[{"count":0,"href":"https:\/\/stoic-curie.212-227-153-4.plesk.page\/hr\/wp-json\/wp\/v2\/product\/5720484\/revisions"}],"wp:featuredmedia":[{"embeddable":true,"href":"https:\/\/stoic-curie.212-227-153-4.plesk.page\/hr\/wp-json\/wp\/v2\/media\/5719282"}],"wp:attachment":[{"href":"https:\/\/stoic-curie.212-227-153-4.plesk.page\/hr\/wp-json\/wp\/v2\/media?parent=5720484"}],"wp:term":[{"taxonomy":"product_brand","embeddable":true,"href":"https:\/\/stoic-curie.212-227-153-4.plesk.page\/hr\/wp-json\/wp\/v2\/product_brand?post=5720484"},{"taxonomy":"product_cat","embeddable":true,"href":"https:\/\/stoic-curie.212-227-153-4.plesk.page\/hr\/wp-json\/wp\/v2\/product_cat?post=5720484"},{"taxonomy":"product_tag","embeddable":true,"href":"https:\/\/stoic-curie.212-227-153-4.plesk.page\/hr\/wp-json\/wp\/v2\/product_tag?post=5720484"}],"curies":[{"name":"wp","href":"https:\/\/api.w.org\/{rel}","templated":true}]}}