{"id":5720486,"date":"2026-02-04T10:05:51","date_gmt":"2026-02-04T09:05:51","guid":{"rendered":"https:\/\/stoic-curie.212-227-153-4.plesk.page\/product\/set-za-popravak-pumpe-za-vodu-i-pogonske-jedinice-za-mercury-mercruiser-motore-original-46-807151a14-motor-v8-7-4l-8-2l\/"},"modified":"2026-02-25T00:01:53","modified_gmt":"2026-02-25T00:01:53","slug":"set-za-popravak-pumpe-za-vodu-i-pogonske-jedinice-za-mercury-mercruiser-motore-original-46-807151a14-motor-v8-7-4l-8-2l","status":"publish","type":"product","link":"https:\/\/stoic-curie.212-227-153-4.plesk.page\/hr\/product\/set-za-popravak-pumpe-za-vodu-i-pogonske-jedinice-za-mercury-mercruiser-motore-original-46-807151a14-motor-v8-7-4l-8-2l\/","title":{"rendered":"Set za popravak pumpe za vodu i pogonske jedinice za Mercury\/MerCruiser motore &#8211; Original 46-807151A14 motor V8\/7.4L\/8.2L"},"content":{"rendered":"<p>Set za popravak pumpe za vodu i pogonske jedinice za Mercury\/MerCruiser motore &#8211; Original 46-807151A14 motor V8\/7.4L\/8.2L &#8211; <\/p>\n<p>Set za popravak pumpe za vodu i pogonske jedinice posebno je dizajniran za Mercury\/MerCruiser motore. Ovaj set mo\u017ee zamijeniti originalni dio proizvo\u0111a\u010da (OEM).<\/p>\n","protected":false},"excerpt":{"rendered":"<p>Set za popravak pumpe za vodu i pogonske jedinice za Mercury\/MerCruiser motore &#8211; Original 46-807151A14 motor V8\/7.4L\/8.2L &#8211; Set za<\/p>\n","protected":false},"featured_media":5666005,"comment_status":"open","ping_status":"closed","template":"","meta":[],"product_brand":[3286],"product_cat":[1830],"product_tag":[],"class_list":{"0":"post-5720486","1":"product","2":"type-product","3":"status-publish","4":"has-post-thumbnail","6":"product_brand-quicksilver-hr","7":"product_cat-rezervni-dijelovi-za-vanbrodske-motore-mercruiser","9":"first","10":"instock","11":"shipping-taxable","12":"purchasable","13":"product-type-simple"},"_links":{"self":[{"href":"https:\/\/stoic-curie.212-227-153-4.plesk.page\/hr\/wp-json\/wp\/v2\/product\/5720486","targetHints":{"allow":["GET"]}}],"collection":[{"href":"https:\/\/stoic-curie.212-227-153-4.plesk.page\/hr\/wp-json\/wp\/v2\/product"}],"about":[{"href":"https:\/\/stoic-curie.212-227-153-4.plesk.page\/hr\/wp-json\/wp\/v2\/types\/product"}],"replies":[{"embeddable":true,"href":"https:\/\/stoic-curie.212-227-153-4.plesk.page\/hr\/wp-json\/wp\/v2\/comments?post=5720486"}],"version-history":[{"count":0,"href":"https:\/\/stoic-curie.212-227-153-4.plesk.page\/hr\/wp-json\/wp\/v2\/product\/5720486\/revisions"}],"wp:featuredmedia":[{"embeddable":true,"href":"https:\/\/stoic-curie.212-227-153-4.plesk.page\/hr\/wp-json\/wp\/v2\/media\/5666005"}],"wp:attachment":[{"href":"https:\/\/stoic-curie.212-227-153-4.plesk.page\/hr\/wp-json\/wp\/v2\/media?parent=5720486"}],"wp:term":[{"taxonomy":"product_brand","embeddable":true,"href":"https:\/\/stoic-curie.212-227-153-4.plesk.page\/hr\/wp-json\/wp\/v2\/product_brand?post=5720486"},{"taxonomy":"product_cat","embeddable":true,"href":"https:\/\/stoic-curie.212-227-153-4.plesk.page\/hr\/wp-json\/wp\/v2\/product_cat?post=5720486"},{"taxonomy":"product_tag","embeddable":true,"href":"https:\/\/stoic-curie.212-227-153-4.plesk.page\/hr\/wp-json\/wp\/v2\/product_tag?post=5720486"}],"curies":[{"name":"wp","href":"https:\/\/api.w.org\/{rel}","templated":true}]}}