{"id":5720494,"date":"2026-02-04T10:06:00","date_gmt":"2026-02-04T09:06:00","guid":{"rendered":"https:\/\/stoic-curie.212-227-153-4.plesk.page\/product\/kompletan-set-za-prikljucke-druge-upravljacke-stanice\/"},"modified":"2026-02-25T00:02:11","modified_gmt":"2026-02-25T00:02:11","slug":"kompletan-set-za-prikljucke-druge-upravljacke-stanice","status":"publish","type":"product","link":"https:\/\/stoic-curie.212-227-153-4.plesk.page\/hr\/product\/kompletan-set-za-prikljucke-druge-upravljacke-stanice\/","title":{"rendered":"Kompletan set za priklju\u010dke druge upravlja\u010dke stanice"},"content":{"rendered":"<p>Kompletan set za priklju\u010dke druge upravlja\u010dke stanice &#8211; <\/p>\n<p>Ultraflex hidrauli\u010dki sustavi upravljanja za dvostruku stanicu ili autopilot priklju\u010dke dizajnirani su za izdr\u017eljivost i visoke performanse.<\/p>\n","protected":false},"excerpt":{"rendered":"<p>Kompletan set za priklju\u010dke druge upravlja\u010dke stanice &#8211; Ultraflex hidrauli\u010dki sustavi upravljanja za dvostruku stanicu ili autopilot priklju\u010dke dizajnirani su<\/p>\n","protected":false},"featured_media":5719351,"comment_status":"open","ping_status":"closed","template":"","meta":[],"product_brand":[3501],"product_cat":[1823],"product_tag":[],"class_list":{"0":"post-5720494","1":"product","2":"type-product","3":"status-publish","4":"has-post-thumbnail","6":"product_brand-ultraflex-uflex-hr","7":"product_cat-hidraulicno-kormilarenje","9":"first","10":"instock","11":"shipping-taxable","12":"purchasable","13":"product-type-simple"},"_links":{"self":[{"href":"https:\/\/stoic-curie.212-227-153-4.plesk.page\/hr\/wp-json\/wp\/v2\/product\/5720494","targetHints":{"allow":["GET"]}}],"collection":[{"href":"https:\/\/stoic-curie.212-227-153-4.plesk.page\/hr\/wp-json\/wp\/v2\/product"}],"about":[{"href":"https:\/\/stoic-curie.212-227-153-4.plesk.page\/hr\/wp-json\/wp\/v2\/types\/product"}],"replies":[{"embeddable":true,"href":"https:\/\/stoic-curie.212-227-153-4.plesk.page\/hr\/wp-json\/wp\/v2\/comments?post=5720494"}],"version-history":[{"count":0,"href":"https:\/\/stoic-curie.212-227-153-4.plesk.page\/hr\/wp-json\/wp\/v2\/product\/5720494\/revisions"}],"wp:featuredmedia":[{"embeddable":true,"href":"https:\/\/stoic-curie.212-227-153-4.plesk.page\/hr\/wp-json\/wp\/v2\/media\/5719351"}],"wp:attachment":[{"href":"https:\/\/stoic-curie.212-227-153-4.plesk.page\/hr\/wp-json\/wp\/v2\/media?parent=5720494"}],"wp:term":[{"taxonomy":"product_brand","embeddable":true,"href":"https:\/\/stoic-curie.212-227-153-4.plesk.page\/hr\/wp-json\/wp\/v2\/product_brand?post=5720494"},{"taxonomy":"product_cat","embeddable":true,"href":"https:\/\/stoic-curie.212-227-153-4.plesk.page\/hr\/wp-json\/wp\/v2\/product_cat?post=5720494"},{"taxonomy":"product_tag","embeddable":true,"href":"https:\/\/stoic-curie.212-227-153-4.plesk.page\/hr\/wp-json\/wp\/v2\/product_tag?post=5720494"}],"curies":[{"name":"wp","href":"https:\/\/api.w.org\/{rel}","templated":true}]}}