{"id":5737202,"date":"2026-02-05T11:10:31","date_gmt":"2026-02-05T10:10:31","guid":{"rendered":"https:\/\/stoic-curie.212-227-153-4.plesk.page\/product\/trudesign-kuglasta-ventil-g-1-2-navoja\/"},"modified":"2026-02-25T00:01:28","modified_gmt":"2026-02-25T00:01:28","slug":"trudesign-kuglasta-ventil-g-1-2-navoja","status":"publish","type":"product","link":"https:\/\/stoic-curie.212-227-153-4.plesk.page\/hr\/product\/trudesign-kuglasta-ventil-g-1-2-navoja\/","title":{"rendered":"Trudesign Kuglasta Ventil G 1\/2 Navoja"},"content":{"rendered":"<p>Trudesign Kuglasta Ventil G 1\/2 Navoja &#8211; <\/p>\n<p>Trudesign kuglasti ventil je oblikovan od stakleno oja\u010danog kompozita. Otporan je na kemijsku i galvansku koroziju, tro\u0161enje i tlak. Izra\u0111en od netoksi\u010dnih materijala, u\u010dinkovito radi u temperaturnom rasponu od -40 \u00b0C do +110 \u00b0C. Pogodan za primjene iznad i ispod linije vode.<\/p>\n","protected":false},"excerpt":{"rendered":"<p>Trudesign Kuglasta Ventil G 1\/2 Navoja &#8211; Trudesign kuglasti ventil je oblikovan od stakleno oja\u010danog kompozita. Otporan je na kemijsku<\/p>\n","protected":false},"featured_media":5665541,"comment_status":"open","ping_status":"closed","template":"","meta":[],"product_brand":[3206],"product_cat":[1670,1661],"product_tag":[],"class_list":{"0":"post-5737202","1":"product","2":"type-product","3":"status-publish","4":"has-post-thumbnail","6":"product_brand-nova-argonautica-hr","7":"product_cat-brodski-ventili","8":"product_cat-elementi-brodskog-vovovoda-plastika","10":"first","11":"instock","12":"shipping-taxable","13":"purchasable","14":"product-type-simple"},"_links":{"self":[{"href":"https:\/\/stoic-curie.212-227-153-4.plesk.page\/hr\/wp-json\/wp\/v2\/product\/5737202","targetHints":{"allow":["GET"]}}],"collection":[{"href":"https:\/\/stoic-curie.212-227-153-4.plesk.page\/hr\/wp-json\/wp\/v2\/product"}],"about":[{"href":"https:\/\/stoic-curie.212-227-153-4.plesk.page\/hr\/wp-json\/wp\/v2\/types\/product"}],"replies":[{"embeddable":true,"href":"https:\/\/stoic-curie.212-227-153-4.plesk.page\/hr\/wp-json\/wp\/v2\/comments?post=5737202"}],"version-history":[{"count":0,"href":"https:\/\/stoic-curie.212-227-153-4.plesk.page\/hr\/wp-json\/wp\/v2\/product\/5737202\/revisions"}],"wp:featuredmedia":[{"embeddable":true,"href":"https:\/\/stoic-curie.212-227-153-4.plesk.page\/hr\/wp-json\/wp\/v2\/media\/5665541"}],"wp:attachment":[{"href":"https:\/\/stoic-curie.212-227-153-4.plesk.page\/hr\/wp-json\/wp\/v2\/media?parent=5737202"}],"wp:term":[{"taxonomy":"product_brand","embeddable":true,"href":"https:\/\/stoic-curie.212-227-153-4.plesk.page\/hr\/wp-json\/wp\/v2\/product_brand?post=5737202"},{"taxonomy":"product_cat","embeddable":true,"href":"https:\/\/stoic-curie.212-227-153-4.plesk.page\/hr\/wp-json\/wp\/v2\/product_cat?post=5737202"},{"taxonomy":"product_tag","embeddable":true,"href":"https:\/\/stoic-curie.212-227-153-4.plesk.page\/hr\/wp-json\/wp\/v2\/product_tag?post=5737202"}],"curies":[{"name":"wp","href":"https:\/\/api.w.org\/{rel}","templated":true}]}}