{"id":5737208,"date":"2026-02-05T11:10:37","date_gmt":"2026-02-05T10:10:37","guid":{"rendered":"https:\/\/stoic-curie.212-227-153-4.plesk.page\/product\/ploca-od-nehrdajuceg-celika-s-tipkama-od-nehrdajuceg-celika-4-dim-80-x-80-mm\/"},"modified":"2026-02-25T00:01:35","modified_gmt":"2026-02-25T00:01:35","slug":"ploca-od-nehrdajuceg-celika-s-tipkama-od-nehrdajuceg-celika-4-dim-80-x-80-mm","status":"publish","type":"product","link":"https:\/\/stoic-curie.212-227-153-4.plesk.page\/hr\/product\/ploca-od-nehrdajuceg-celika-s-tipkama-od-nehrdajuceg-celika-4-dim-80-x-80-mm\/","title":{"rendered":"Plo\u010da od Nehr\u0111aju\u0107eg \u010celika s Tipkama od Nehr\u0111aju\u0107eg \u010celika 4 Dim 80 x 80 mm"},"content":{"rendered":"<p>Plo\u010da od Nehr\u0111aju\u0107eg \u010celika s Tipkama od Nehr\u0111aju\u0107eg \u010celika 4 Dim 80 x 80 mm &#8211; <\/p>\n<p>IP65 vodootporna plo\u010da od nehr\u0111aju\u0107eg \u010delika s 12\/24V-15A D19 mm tipkama od nehr\u0111aju\u0107eg \u010delika s plavom LED svjetlom. Uklju\u010duje vijke za monta\u017eu i set oznaka.<\/p>\n","protected":false},"excerpt":{"rendered":"<p>Plo\u010da od Nehr\u0111aju\u0107eg \u010celika s Tipkama od Nehr\u0111aju\u0107eg \u010celika 4 Dim 80 x 80 mm &#8211; IP65 vodootporna plo\u010da od<\/p>\n","protected":false},"featured_media":5718898,"comment_status":"open","ping_status":"closed","template":"","meta":[],"product_brand":[2831],"product_cat":[1746],"product_tag":[],"class_list":{"0":"post-5737208","1":"product","2":"type-product","3":"status-publish","4":"has-post-thumbnail","6":"product_brand-blue-sea-systems-hr","7":"product_cat-elektricne-ploce-prekidaca","9":"first","10":"instock","11":"shipping-taxable","12":"purchasable","13":"product-type-simple"},"_links":{"self":[{"href":"https:\/\/stoic-curie.212-227-153-4.plesk.page\/hr\/wp-json\/wp\/v2\/product\/5737208","targetHints":{"allow":["GET"]}}],"collection":[{"href":"https:\/\/stoic-curie.212-227-153-4.plesk.page\/hr\/wp-json\/wp\/v2\/product"}],"about":[{"href":"https:\/\/stoic-curie.212-227-153-4.plesk.page\/hr\/wp-json\/wp\/v2\/types\/product"}],"replies":[{"embeddable":true,"href":"https:\/\/stoic-curie.212-227-153-4.plesk.page\/hr\/wp-json\/wp\/v2\/comments?post=5737208"}],"version-history":[{"count":0,"href":"https:\/\/stoic-curie.212-227-153-4.plesk.page\/hr\/wp-json\/wp\/v2\/product\/5737208\/revisions"}],"wp:featuredmedia":[{"embeddable":true,"href":"https:\/\/stoic-curie.212-227-153-4.plesk.page\/hr\/wp-json\/wp\/v2\/media\/5718898"}],"wp:attachment":[{"href":"https:\/\/stoic-curie.212-227-153-4.plesk.page\/hr\/wp-json\/wp\/v2\/media?parent=5737208"}],"wp:term":[{"taxonomy":"product_brand","embeddable":true,"href":"https:\/\/stoic-curie.212-227-153-4.plesk.page\/hr\/wp-json\/wp\/v2\/product_brand?post=5737208"},{"taxonomy":"product_cat","embeddable":true,"href":"https:\/\/stoic-curie.212-227-153-4.plesk.page\/hr\/wp-json\/wp\/v2\/product_cat?post=5737208"},{"taxonomy":"product_tag","embeddable":true,"href":"https:\/\/stoic-curie.212-227-153-4.plesk.page\/hr\/wp-json\/wp\/v2\/product_tag?post=5737208"}],"curies":[{"name":"wp","href":"https:\/\/api.w.org\/{rel}","templated":true}]}}