{"id":5737209,"date":"2026-02-05T11:10:37","date_gmt":"2026-02-05T10:10:37","guid":{"rendered":"https:\/\/stoic-curie.212-227-153-4.plesk.page\/product\/aluminijski-crni-panel-s-rocker-i-automatskim-preklopnicima-4-2x5a-1x10a-1x15a-dimenzije-134-x-115-mm\/"},"modified":"2026-02-25T00:01:35","modified_gmt":"2026-02-25T00:01:35","slug":"aluminijski-crni-panel-s-rocker-i-automatskim-preklopnicima-4-2x5a-1x10a-1x15a-dimenzije-134-x-115-mm","status":"publish","type":"product","link":"https:\/\/stoic-curie.212-227-153-4.plesk.page\/hr\/product\/aluminijski-crni-panel-s-rocker-i-automatskim-preklopnicima-4-2x5a-1x10a-1x15a-dimenzije-134-x-115-mm\/","title":{"rendered":"Aluminijski Crni Panel s Rocker i Automatskim Preklopnicima 4 (2x5A\/1x10A\/1x15A) &#8211; Dimenzije 134 x 115 mm"},"content":{"rendered":"<p>Aluminijski Crni Panel s Rocker i Automatskim Preklopnicima 4 (2x5A\/1x10A\/1x15A) &#8211; Dimenzije 134 x 115 mm &#8211; <\/p>\n<p>IP65 vodootporni aluminijski panel s 12\/24V Carling veli\u010dine prekida\u010dima s LED svjetlom i automatskim, ponovo postavljivim osigura\u010dima. Uklju\u010duje vijke za monta\u017eu i komplet oznaka.<\/p>\n","protected":false},"excerpt":{"rendered":"<p>Aluminijski Crni Panel s Rocker i Automatskim Preklopnicima 4 (2x5A\/1x10A\/1x15A) &#8211; Dimenzije 134 x 115 mm &#8211; IP65 vodootporni aluminijski<\/p>\n","protected":false},"featured_media":5718914,"comment_status":"open","ping_status":"closed","template":"","meta":[],"product_brand":[2831],"product_cat":[1746],"product_tag":[],"class_list":{"0":"post-5737209","1":"product","2":"type-product","3":"status-publish","4":"has-post-thumbnail","6":"product_brand-blue-sea-systems-hr","7":"product_cat-elektricne-ploce-prekidaca","9":"first","10":"instock","11":"shipping-taxable","12":"purchasable","13":"product-type-simple"},"_links":{"self":[{"href":"https:\/\/stoic-curie.212-227-153-4.plesk.page\/hr\/wp-json\/wp\/v2\/product\/5737209","targetHints":{"allow":["GET"]}}],"collection":[{"href":"https:\/\/stoic-curie.212-227-153-4.plesk.page\/hr\/wp-json\/wp\/v2\/product"}],"about":[{"href":"https:\/\/stoic-curie.212-227-153-4.plesk.page\/hr\/wp-json\/wp\/v2\/types\/product"}],"replies":[{"embeddable":true,"href":"https:\/\/stoic-curie.212-227-153-4.plesk.page\/hr\/wp-json\/wp\/v2\/comments?post=5737209"}],"version-history":[{"count":0,"href":"https:\/\/stoic-curie.212-227-153-4.plesk.page\/hr\/wp-json\/wp\/v2\/product\/5737209\/revisions"}],"wp:featuredmedia":[{"embeddable":true,"href":"https:\/\/stoic-curie.212-227-153-4.plesk.page\/hr\/wp-json\/wp\/v2\/media\/5718914"}],"wp:attachment":[{"href":"https:\/\/stoic-curie.212-227-153-4.plesk.page\/hr\/wp-json\/wp\/v2\/media?parent=5737209"}],"wp:term":[{"taxonomy":"product_brand","embeddable":true,"href":"https:\/\/stoic-curie.212-227-153-4.plesk.page\/hr\/wp-json\/wp\/v2\/product_brand?post=5737209"},{"taxonomy":"product_cat","embeddable":true,"href":"https:\/\/stoic-curie.212-227-153-4.plesk.page\/hr\/wp-json\/wp\/v2\/product_cat?post=5737209"},{"taxonomy":"product_tag","embeddable":true,"href":"https:\/\/stoic-curie.212-227-153-4.plesk.page\/hr\/wp-json\/wp\/v2\/product_tag?post=5737209"}],"curies":[{"name":"wp","href":"https:\/\/api.w.org\/{rel}","templated":true}]}}