{"id":5737212,"date":"2026-02-05T11:10:40","date_gmt":"2026-02-05T10:10:40","guid":{"rendered":"https:\/\/stoic-curie.212-227-153-4.plesk.page\/product\/aluminijska-bijela-ploca-s-kipucim-prekidacima-i-osiguracima-5-12v-utikac-3x5a-2x10a-1x15a\/"},"modified":"2026-02-25T00:01:35","modified_gmt":"2026-02-25T00:01:35","slug":"aluminijska-bijela-ploca-s-kipucim-prekidacima-i-osiguracima-5-12v-utikac-3x5a-2x10a-1x15a","status":"publish","type":"product","link":"https:\/\/stoic-curie.212-227-153-4.plesk.page\/hr\/product\/aluminijska-bijela-ploca-s-kipucim-prekidacima-i-osiguracima-5-12v-utikac-3x5a-2x10a-1x15a\/","title":{"rendered":"Aluminijska Bijela Plo\u010da s Kipu\u0107im Prekida\u010dima i Osigura\u010dima &#8211; 5 + 12V Utika\u010d (3x5A\/2x10A\/1x15A)"},"content":{"rendered":"<p>Aluminijska Bijela Plo\u010da s Kipu\u0107im Prekida\u010dima i Osigura\u010dima &#8211; 5 + 12V Utika\u010d (3x5A\/2x10A\/1x15A) &#8211; <\/p>\n<p>IP65 vodootporna aluminijska plo\u010da s 12\/24V Carling veli\u010dine prekida\u010dima s LED svjetlom i automatskim ponovnim umetanjima osigura\u010da. Dolazi s pri\u010dvrsnim vijcima i setom oznaka.<\/p>\n","protected":false},"excerpt":{"rendered":"<p>Aluminijska Bijela Plo\u010da s Kipu\u0107im Prekida\u010dima i Osigura\u010dima &#8211; 5 + 12V Utika\u010d (3x5A\/2x10A\/1x15A) &#8211; IP65 vodootporna aluminijska plo\u010da s<\/p>\n","protected":false},"featured_media":5718966,"comment_status":"open","ping_status":"closed","template":"","meta":[],"product_brand":[2831],"product_cat":[1746],"product_tag":[],"class_list":{"0":"post-5737212","1":"product","2":"type-product","3":"status-publish","4":"has-post-thumbnail","6":"product_brand-blue-sea-systems-hr","7":"product_cat-elektricne-ploce-prekidaca","9":"first","10":"instock","11":"shipping-taxable","12":"purchasable","13":"product-type-simple"},"_links":{"self":[{"href":"https:\/\/stoic-curie.212-227-153-4.plesk.page\/hr\/wp-json\/wp\/v2\/product\/5737212","targetHints":{"allow":["GET"]}}],"collection":[{"href":"https:\/\/stoic-curie.212-227-153-4.plesk.page\/hr\/wp-json\/wp\/v2\/product"}],"about":[{"href":"https:\/\/stoic-curie.212-227-153-4.plesk.page\/hr\/wp-json\/wp\/v2\/types\/product"}],"replies":[{"embeddable":true,"href":"https:\/\/stoic-curie.212-227-153-4.plesk.page\/hr\/wp-json\/wp\/v2\/comments?post=5737212"}],"version-history":[{"count":0,"href":"https:\/\/stoic-curie.212-227-153-4.plesk.page\/hr\/wp-json\/wp\/v2\/product\/5737212\/revisions"}],"wp:featuredmedia":[{"embeddable":true,"href":"https:\/\/stoic-curie.212-227-153-4.plesk.page\/hr\/wp-json\/wp\/v2\/media\/5718966"}],"wp:attachment":[{"href":"https:\/\/stoic-curie.212-227-153-4.plesk.page\/hr\/wp-json\/wp\/v2\/media?parent=5737212"}],"wp:term":[{"taxonomy":"product_brand","embeddable":true,"href":"https:\/\/stoic-curie.212-227-153-4.plesk.page\/hr\/wp-json\/wp\/v2\/product_brand?post=5737212"},{"taxonomy":"product_cat","embeddable":true,"href":"https:\/\/stoic-curie.212-227-153-4.plesk.page\/hr\/wp-json\/wp\/v2\/product_cat?post=5737212"},{"taxonomy":"product_tag","embeddable":true,"href":"https:\/\/stoic-curie.212-227-153-4.plesk.page\/hr\/wp-json\/wp\/v2\/product_tag?post=5737212"}],"curies":[{"name":"wp","href":"https:\/\/api.w.org\/{rel}","templated":true}]}}