{"id":5737213,"date":"2026-02-05T11:10:41","date_gmt":"2026-02-05T10:10:41","guid":{"rendered":"https:\/\/stoic-curie.212-227-153-4.plesk.page\/product\/karbon-panel-s-prekidacima-i-automatskim-osiguracima-3usb-utikac-voltmetar-130-x-100-mm\/"},"modified":"2026-02-25T00:01:35","modified_gmt":"2026-02-25T00:01:35","slug":"karbon-panel-s-prekidacima-i-automatskim-osiguracima-3usb-utikac-voltmetar-130-x-100-mm","status":"publish","type":"product","link":"https:\/\/stoic-curie.212-227-153-4.plesk.page\/hr\/product\/karbon-panel-s-prekidacima-i-automatskim-osiguracima-3usb-utikac-voltmetar-130-x-100-mm\/","title":{"rendered":"Karbon panel s prekida\u010dima i automatskim osigura\u010dima (3+USB utika\u010d + voltmetar) &#8211; 130 x 100 mm"},"content":{"rendered":"<p>Karbon panel s prekida\u010dima i automatskim osigura\u010dima (3+USB utika\u010d + voltmetar) &#8211; 130 x 100 mm &#8211; <\/p>\n<p>IP65 vodootporni panel sa 12\/24V Carling veli\u010dine prekida\u010dima opremljenim LED svjetlima i automatskim ponovo umetljivim osigura\u010dima. Ovaj panel uklju\u010duje USB utika\u010d od 4.2A, digitalni voltmetar, vijke za monta\u017eu i set oznaka za lako prepoznavanje.<\/p>\n","protected":false},"excerpt":{"rendered":"<p>Karbon panel s prekida\u010dima i automatskim osigura\u010dima (3+USB utika\u010d + voltmetar) &#8211; 130 x 100 mm &#8211; IP65 vodootporni panel<\/p>\n","protected":false},"featured_media":5719018,"comment_status":"open","ping_status":"closed","template":"","meta":[],"product_brand":[2831],"product_cat":[1746],"product_tag":[],"class_list":{"0":"post-5737213","1":"product","2":"type-product","3":"status-publish","4":"has-post-thumbnail","6":"product_brand-blue-sea-systems-hr","7":"product_cat-elektricne-ploce-prekidaca","9":"first","10":"instock","11":"shipping-taxable","12":"purchasable","13":"product-type-simple"},"_links":{"self":[{"href":"https:\/\/stoic-curie.212-227-153-4.plesk.page\/hr\/wp-json\/wp\/v2\/product\/5737213","targetHints":{"allow":["GET"]}}],"collection":[{"href":"https:\/\/stoic-curie.212-227-153-4.plesk.page\/hr\/wp-json\/wp\/v2\/product"}],"about":[{"href":"https:\/\/stoic-curie.212-227-153-4.plesk.page\/hr\/wp-json\/wp\/v2\/types\/product"}],"replies":[{"embeddable":true,"href":"https:\/\/stoic-curie.212-227-153-4.plesk.page\/hr\/wp-json\/wp\/v2\/comments?post=5737213"}],"version-history":[{"count":0,"href":"https:\/\/stoic-curie.212-227-153-4.plesk.page\/hr\/wp-json\/wp\/v2\/product\/5737213\/revisions"}],"wp:featuredmedia":[{"embeddable":true,"href":"https:\/\/stoic-curie.212-227-153-4.plesk.page\/hr\/wp-json\/wp\/v2\/media\/5719018"}],"wp:attachment":[{"href":"https:\/\/stoic-curie.212-227-153-4.plesk.page\/hr\/wp-json\/wp\/v2\/media?parent=5737213"}],"wp:term":[{"taxonomy":"product_brand","embeddable":true,"href":"https:\/\/stoic-curie.212-227-153-4.plesk.page\/hr\/wp-json\/wp\/v2\/product_brand?post=5737213"},{"taxonomy":"product_cat","embeddable":true,"href":"https:\/\/stoic-curie.212-227-153-4.plesk.page\/hr\/wp-json\/wp\/v2\/product_cat?post=5737213"},{"taxonomy":"product_tag","embeddable":true,"href":"https:\/\/stoic-curie.212-227-153-4.plesk.page\/hr\/wp-json\/wp\/v2\/product_tag?post=5737213"}],"curies":[{"name":"wp","href":"https:\/\/api.w.org\/{rel}","templated":true}]}}