{"id":5737218,"date":"2026-02-05T11:10:46","date_gmt":"2026-02-05T10:10:46","guid":{"rendered":"https:\/\/stoic-curie.212-227-153-4.plesk.page\/product\/pulsar-10w-led-punjiva-svjetiljka\/"},"modified":"2026-02-25T00:01:35","modified_gmt":"2026-02-25T00:01:35","slug":"pulsar-10w-led-punjiva-svjetiljka","status":"publish","type":"product","link":"https:\/\/stoic-curie.212-227-153-4.plesk.page\/hr\/product\/pulsar-10w-led-punjiva-svjetiljka\/","title":{"rendered":"Pulsar 10W LED punjiva svjetiljka"},"content":{"rendered":"<p>Pulsar 10W LED punjiva svjetiljka &#8211; <\/p>\n<p>Oja\u010dana ABS LED svjetiljka s ergonomskom dr\u0161kom koja se mo\u017ee pode\u0161avati do 90\u00b0. Uklju\u010duje sklopivu podlogu i nudi tri podesiva na\u010dina svjetlosti: Visoka intenzivnost (850 lumena), Trep\u0107u\u0107a (220 lumena) i Srednja intenzivnost (220 lumena). Maksimalno trajanje baterije na srednjoj intenziteti je 3,5 sata, a tako\u0111er funkcionira kao 2400mAh power bank.<\/p>\n","protected":false},"excerpt":{"rendered":"<p>Pulsar 10W LED punjiva svjetiljka &#8211; Oja\u010dana ABS LED svjetiljka s ergonomskom dr\u0161kom koja se mo\u017ee pode\u0161avati do 90\u00b0. Uklju\u010duje<\/p>\n","protected":false},"featured_media":5735383,"comment_status":"open","ping_status":"closed","template":"","meta":[],"product_brand":[2831],"product_cat":[1738],"product_tag":[],"class_list":{"0":"post-5737218","1":"product","2":"type-product","3":"status-publish","4":"has-post-thumbnail","6":"product_brand-blue-sea-systems-hr","7":"product_cat-prijenosne-baklje","9":"first","10":"instock","11":"shipping-taxable","12":"purchasable","13":"product-type-simple"},"_links":{"self":[{"href":"https:\/\/stoic-curie.212-227-153-4.plesk.page\/hr\/wp-json\/wp\/v2\/product\/5737218","targetHints":{"allow":["GET"]}}],"collection":[{"href":"https:\/\/stoic-curie.212-227-153-4.plesk.page\/hr\/wp-json\/wp\/v2\/product"}],"about":[{"href":"https:\/\/stoic-curie.212-227-153-4.plesk.page\/hr\/wp-json\/wp\/v2\/types\/product"}],"replies":[{"embeddable":true,"href":"https:\/\/stoic-curie.212-227-153-4.plesk.page\/hr\/wp-json\/wp\/v2\/comments?post=5737218"}],"version-history":[{"count":0,"href":"https:\/\/stoic-curie.212-227-153-4.plesk.page\/hr\/wp-json\/wp\/v2\/product\/5737218\/revisions"}],"wp:featuredmedia":[{"embeddable":true,"href":"https:\/\/stoic-curie.212-227-153-4.plesk.page\/hr\/wp-json\/wp\/v2\/media\/5735383"}],"wp:attachment":[{"href":"https:\/\/stoic-curie.212-227-153-4.plesk.page\/hr\/wp-json\/wp\/v2\/media?parent=5737218"}],"wp:term":[{"taxonomy":"product_brand","embeddable":true,"href":"https:\/\/stoic-curie.212-227-153-4.plesk.page\/hr\/wp-json\/wp\/v2\/product_brand?post=5737218"},{"taxonomy":"product_cat","embeddable":true,"href":"https:\/\/stoic-curie.212-227-153-4.plesk.page\/hr\/wp-json\/wp\/v2\/product_cat?post=5737218"},{"taxonomy":"product_tag","embeddable":true,"href":"https:\/\/stoic-curie.212-227-153-4.plesk.page\/hr\/wp-json\/wp\/v2\/product_tag?post=5737218"}],"curies":[{"name":"wp","href":"https:\/\/api.w.org\/{rel}","templated":true}]}}