{"id":5737219,"date":"2026-02-05T11:10:47","date_gmt":"2026-02-05T10:10:47","guid":{"rendered":"https:\/\/stoic-curie.212-227-153-4.plesk.page\/product\/k-tool-10w-punjaca-led-torches\/"},"modified":"2026-02-25T00:01:35","modified_gmt":"2026-02-25T00:01:35","slug":"k-tool-10w-punjaca-led-torches","status":"publish","type":"product","link":"https:\/\/stoic-curie.212-227-153-4.plesk.page\/hr\/product\/k-tool-10w-punjaca-led-torches\/","title":{"rendered":"K-tool 10W Punja\u010da LED Torches"},"content":{"rendered":"<p>K-tool 10W Punja\u010da LED Torches &#8211; <\/p>\n<p>Ova LED torches ima punjivu litijsku bateriju koja se mo\u017ee puniti putem USB uti\u010dnice. Ima ku\u0107i\u0161te od ABS-a oja\u010dano gumom otporanom na udarce i opremljena je 10W LED \u017earuljom koja nudi tri na\u010dina svjetla: intenzivno, normalno i SOS. Sa radnim vremenom od 6 sati na normalnom svjetlu dolazi s remenom i USB kabelom.<\/p>\n","protected":false},"excerpt":{"rendered":"<p>K-tool 10W Punja\u010da LED Torches &#8211; Ova LED torches ima punjivu litijsku bateriju koja se mo\u017ee puniti putem USB uti\u010dnice.<\/p>\n","protected":false},"featured_media":5735387,"comment_status":"open","ping_status":"closed","template":"","meta":[],"product_brand":[2831],"product_cat":[1738],"product_tag":[],"class_list":{"0":"post-5737219","1":"product","2":"type-product","3":"status-publish","4":"has-post-thumbnail","6":"product_brand-blue-sea-systems-hr","7":"product_cat-prijenosne-baklje","9":"first","10":"instock","11":"shipping-taxable","12":"purchasable","13":"product-type-simple"},"_links":{"self":[{"href":"https:\/\/stoic-curie.212-227-153-4.plesk.page\/hr\/wp-json\/wp\/v2\/product\/5737219","targetHints":{"allow":["GET"]}}],"collection":[{"href":"https:\/\/stoic-curie.212-227-153-4.plesk.page\/hr\/wp-json\/wp\/v2\/product"}],"about":[{"href":"https:\/\/stoic-curie.212-227-153-4.plesk.page\/hr\/wp-json\/wp\/v2\/types\/product"}],"replies":[{"embeddable":true,"href":"https:\/\/stoic-curie.212-227-153-4.plesk.page\/hr\/wp-json\/wp\/v2\/comments?post=5737219"}],"version-history":[{"count":0,"href":"https:\/\/stoic-curie.212-227-153-4.plesk.page\/hr\/wp-json\/wp\/v2\/product\/5737219\/revisions"}],"wp:featuredmedia":[{"embeddable":true,"href":"https:\/\/stoic-curie.212-227-153-4.plesk.page\/hr\/wp-json\/wp\/v2\/media\/5735387"}],"wp:attachment":[{"href":"https:\/\/stoic-curie.212-227-153-4.plesk.page\/hr\/wp-json\/wp\/v2\/media?parent=5737219"}],"wp:term":[{"taxonomy":"product_brand","embeddable":true,"href":"https:\/\/stoic-curie.212-227-153-4.plesk.page\/hr\/wp-json\/wp\/v2\/product_brand?post=5737219"},{"taxonomy":"product_cat","embeddable":true,"href":"https:\/\/stoic-curie.212-227-153-4.plesk.page\/hr\/wp-json\/wp\/v2\/product_cat?post=5737219"},{"taxonomy":"product_tag","embeddable":true,"href":"https:\/\/stoic-curie.212-227-153-4.plesk.page\/hr\/wp-json\/wp\/v2\/product_tag?post=5737219"}],"curies":[{"name":"wp","href":"https:\/\/api.w.org\/{rel}","templated":true}]}}