{"id":5737220,"date":"2026-02-05T11:10:48","date_gmt":"2026-02-05T10:10:48","guid":{"rendered":"https:\/\/stoic-curie.212-227-153-4.plesk.page\/product\/solas-med-vsg-led-svjetlo-za-spasilacki-prsten\/"},"modified":"2026-02-25T00:01:41","modified_gmt":"2026-02-25T00:01:41","slug":"solas-med-vsg-led-svjetlo-za-spasilacki-prsten","status":"publish","type":"product","link":"https:\/\/stoic-curie.212-227-153-4.plesk.page\/hr\/product\/solas-med-vsg-led-svjetlo-za-spasilacki-prsten\/","title":{"rendered":"Solas\/MED VSG LED Svjetlo za Spasila\u010dki Prsten"},"content":{"rendered":"<p>Solas\/MED VSG LED Svjetlo za Spasila\u010dki Prsten &#8211; <\/p>\n<p>Bljeskaju\u0107i LED signalizacijsko svjetlo s kop\u010dom i remenom za lako pri\u010dvr\u0161\u0107ivanje na remen i prsluke za spa\u0161avanje. Automatski se aktivira pri kontaktu s vodom i ima impresivnu autonomiju od 8 sati. Alkalne baterije su uklju\u010dene. Ovaj proizvod ima Solas\/MED certifikat za sigurnost.<\/p>\n","protected":false},"excerpt":{"rendered":"<p>Solas\/MED VSG LED Svjetlo za Spasila\u010dki Prsten &#8211; Bljeskaju\u0107i LED signalizacijsko svjetlo s kop\u010dom i remenom za lako pri\u010dvr\u0161\u0107ivanje na<\/p>\n","protected":false},"featured_media":5735436,"comment_status":"open","ping_status":"closed","template":"","meta":[],"product_brand":[3516],"product_cat":[1604],"product_tag":[],"class_list":{"0":"post-5737220","1":"product","2":"type-product","3":"status-publish","4":"has-post-thumbnail","6":"product_brand-veleria-san-giorgio-hr","7":"product_cat-pojasevi-za-spasavanje-i-remenje","9":"first","10":"instock","11":"shipping-taxable","12":"purchasable","13":"product-type-simple"},"_links":{"self":[{"href":"https:\/\/stoic-curie.212-227-153-4.plesk.page\/hr\/wp-json\/wp\/v2\/product\/5737220","targetHints":{"allow":["GET"]}}],"collection":[{"href":"https:\/\/stoic-curie.212-227-153-4.plesk.page\/hr\/wp-json\/wp\/v2\/product"}],"about":[{"href":"https:\/\/stoic-curie.212-227-153-4.plesk.page\/hr\/wp-json\/wp\/v2\/types\/product"}],"replies":[{"embeddable":true,"href":"https:\/\/stoic-curie.212-227-153-4.plesk.page\/hr\/wp-json\/wp\/v2\/comments?post=5737220"}],"version-history":[{"count":0,"href":"https:\/\/stoic-curie.212-227-153-4.plesk.page\/hr\/wp-json\/wp\/v2\/product\/5737220\/revisions"}],"wp:featuredmedia":[{"embeddable":true,"href":"https:\/\/stoic-curie.212-227-153-4.plesk.page\/hr\/wp-json\/wp\/v2\/media\/5735436"}],"wp:attachment":[{"href":"https:\/\/stoic-curie.212-227-153-4.plesk.page\/hr\/wp-json\/wp\/v2\/media?parent=5737220"}],"wp:term":[{"taxonomy":"product_brand","embeddable":true,"href":"https:\/\/stoic-curie.212-227-153-4.plesk.page\/hr\/wp-json\/wp\/v2\/product_brand?post=5737220"},{"taxonomy":"product_cat","embeddable":true,"href":"https:\/\/stoic-curie.212-227-153-4.plesk.page\/hr\/wp-json\/wp\/v2\/product_cat?post=5737220"},{"taxonomy":"product_tag","embeddable":true,"href":"https:\/\/stoic-curie.212-227-153-4.plesk.page\/hr\/wp-json\/wp\/v2\/product_tag?post=5737220"}],"curies":[{"name":"wp","href":"https:\/\/api.w.org\/{rel}","templated":true}]}}