{"id":5737221,"date":"2026-02-05T11:10:49","date_gmt":"2026-02-05T10:10:49","guid":{"rendered":"https:\/\/stoic-curie.212-227-153-4.plesk.page\/product\/jobe-sup-aero-sredisnja-peraja-lime\/"},"modified":"2026-02-25T00:01:41","modified_gmt":"2026-02-25T00:01:41","slug":"jobe-sup-aero-sredisnja-peraja-lime","status":"publish","type":"product","link":"https:\/\/stoic-curie.212-227-153-4.plesk.page\/hr\/product\/jobe-sup-aero-sredisnja-peraja-lime\/","title":{"rendered":"Jobe SUP Aero Sredi\u0161nja Peraja &#8211; Lime"},"content":{"rendered":"<p>Jobe SUP Aero Sredi\u0161nja Peraja &#8211; Lime &#8211; <\/p>\n<p>8-in\u010dna Jobe Aero sredi\u0161nja peraja dizajnirana je s EZ lock sustavom za lako postavljanje i uklanjanje. Kompatibilna je sa svim Jobe Aero daskama, pru\u017eaju\u0107i stabilnost i pobolj\u0161ano pra\u0107enje na vodi.<\/p>\n","protected":false},"excerpt":{"rendered":"<p>Jobe SUP Aero Sredi\u0161nja Peraja &#8211; Lime &#8211; 8-in\u010dna Jobe Aero sredi\u0161nja peraja dizajnirana je s EZ lock sustavom za<\/p>\n","protected":false},"featured_media":5735450,"comment_status":"open","ping_status":"closed","template":"","meta":[],"product_brand":[3041],"product_cat":[1845],"product_tag":[],"class_list":{"0":"post-5737221","1":"product","2":"type-product","3":"status-publish","4":"has-post-thumbnail","6":"product_brand-jobe-sports-hr","7":"product_cat-sup-daske","9":"first","10":"outofstock","11":"shipping-taxable","12":"purchasable","13":"product-type-simple"},"_links":{"self":[{"href":"https:\/\/stoic-curie.212-227-153-4.plesk.page\/hr\/wp-json\/wp\/v2\/product\/5737221","targetHints":{"allow":["GET"]}}],"collection":[{"href":"https:\/\/stoic-curie.212-227-153-4.plesk.page\/hr\/wp-json\/wp\/v2\/product"}],"about":[{"href":"https:\/\/stoic-curie.212-227-153-4.plesk.page\/hr\/wp-json\/wp\/v2\/types\/product"}],"replies":[{"embeddable":true,"href":"https:\/\/stoic-curie.212-227-153-4.plesk.page\/hr\/wp-json\/wp\/v2\/comments?post=5737221"}],"version-history":[{"count":0,"href":"https:\/\/stoic-curie.212-227-153-4.plesk.page\/hr\/wp-json\/wp\/v2\/product\/5737221\/revisions"}],"wp:featuredmedia":[{"embeddable":true,"href":"https:\/\/stoic-curie.212-227-153-4.plesk.page\/hr\/wp-json\/wp\/v2\/media\/5735450"}],"wp:attachment":[{"href":"https:\/\/stoic-curie.212-227-153-4.plesk.page\/hr\/wp-json\/wp\/v2\/media?parent=5737221"}],"wp:term":[{"taxonomy":"product_brand","embeddable":true,"href":"https:\/\/stoic-curie.212-227-153-4.plesk.page\/hr\/wp-json\/wp\/v2\/product_brand?post=5737221"},{"taxonomy":"product_cat","embeddable":true,"href":"https:\/\/stoic-curie.212-227-153-4.plesk.page\/hr\/wp-json\/wp\/v2\/product_cat?post=5737221"},{"taxonomy":"product_tag","embeddable":true,"href":"https:\/\/stoic-curie.212-227-153-4.plesk.page\/hr\/wp-json\/wp\/v2\/product_tag?post=5737221"}],"curies":[{"name":"wp","href":"https:\/\/api.w.org\/{rel}","templated":true}]}}