{"id":5737224,"date":"2026-02-05T11:10:51","date_gmt":"2026-02-05T10:10:51","guid":{"rendered":"https:\/\/stoic-curie.212-227-153-4.plesk.page\/product\/jobe-sup-pumpa-dvostruka-akcija-20-psi\/"},"modified":"2026-02-25T00:01:41","modified_gmt":"2026-02-25T00:01:41","slug":"jobe-sup-pumpa-dvostruka-akcija-20-psi","status":"publish","type":"product","link":"https:\/\/stoic-curie.212-227-153-4.plesk.page\/hr\/product\/jobe-sup-pumpa-dvostruka-akcija-20-psi\/","title":{"rendered":"Jobe SUP Pumpa &#8211; Dvostruka Akcija 20 PSI"},"content":{"rendered":"<p>Jobe SUP Pumpa &#8211; Dvostruka Akcija 20 PSI &#8211; <\/p>\n<p>Jobe ru\u010dna pumpa posebno je razvijena za SUP-ove i izgra\u0111ena je da traje. Kada je \u010dep umetnut, radi kao pumpa s dvostrukom akcijom; uklanjanjem \u010depa, pretvara se u sna\u017enu pumpu s jednostrukom akcijom kako bi zavr\u0161ila posao. Opremljena je aluminijskom osovinom, adapterom, Halkey Roberts mlaznicom (prikladnom za sve Jobe SUP ventile), najlonskom torbom za no\u0161enje i zamjenjivim ugra\u0111enim manometrom. Mo\u017ee napuhati do 27 PSI.<\/p>\n","protected":false},"excerpt":{"rendered":"<p>Jobe SUP Pumpa &#8211; Dvostruka Akcija 20 PSI &#8211; Jobe ru\u010dna pumpa posebno je razvijena za SUP-ove i izgra\u0111ena je<\/p>\n","protected":false},"featured_media":5735462,"comment_status":"open","ping_status":"closed","template":"","meta":[],"product_brand":[3041],"product_cat":[1845],"product_tag":[],"class_list":{"0":"post-5737224","1":"product","2":"type-product","3":"status-publish","4":"has-post-thumbnail","6":"product_brand-jobe-sports-hr","7":"product_cat-sup-daske","9":"first","10":"instock","11":"shipping-taxable","12":"purchasable","13":"product-type-simple"},"_links":{"self":[{"href":"https:\/\/stoic-curie.212-227-153-4.plesk.page\/hr\/wp-json\/wp\/v2\/product\/5737224","targetHints":{"allow":["GET"]}}],"collection":[{"href":"https:\/\/stoic-curie.212-227-153-4.plesk.page\/hr\/wp-json\/wp\/v2\/product"}],"about":[{"href":"https:\/\/stoic-curie.212-227-153-4.plesk.page\/hr\/wp-json\/wp\/v2\/types\/product"}],"replies":[{"embeddable":true,"href":"https:\/\/stoic-curie.212-227-153-4.plesk.page\/hr\/wp-json\/wp\/v2\/comments?post=5737224"}],"version-history":[{"count":0,"href":"https:\/\/stoic-curie.212-227-153-4.plesk.page\/hr\/wp-json\/wp\/v2\/product\/5737224\/revisions"}],"wp:featuredmedia":[{"embeddable":true,"href":"https:\/\/stoic-curie.212-227-153-4.plesk.page\/hr\/wp-json\/wp\/v2\/media\/5735462"}],"wp:attachment":[{"href":"https:\/\/stoic-curie.212-227-153-4.plesk.page\/hr\/wp-json\/wp\/v2\/media?parent=5737224"}],"wp:term":[{"taxonomy":"product_brand","embeddable":true,"href":"https:\/\/stoic-curie.212-227-153-4.plesk.page\/hr\/wp-json\/wp\/v2\/product_brand?post=5737224"},{"taxonomy":"product_cat","embeddable":true,"href":"https:\/\/stoic-curie.212-227-153-4.plesk.page\/hr\/wp-json\/wp\/v2\/product_cat?post=5737224"},{"taxonomy":"product_tag","embeddable":true,"href":"https:\/\/stoic-curie.212-227-153-4.plesk.page\/hr\/wp-json\/wp\/v2\/product_tag?post=5737224"}],"curies":[{"name":"wp","href":"https:\/\/api.w.org\/{rel}","templated":true}]}}