{"id":5737231,"date":"2026-02-05T11:10:58","date_gmt":"2026-02-05T10:10:58","guid":{"rendered":"https:\/\/stoic-curie.212-227-153-4.plesk.page\/product\/musto-crew-sunblock-majica-s-dugim-rukavima-velicina-m-mornar-plava\/"},"modified":"2026-02-25T00:01:41","modified_gmt":"2026-02-25T00:01:41","slug":"musto-crew-sunblock-majica-s-dugim-rukavima-velicina-m-mornar-plava","status":"publish","type":"product","link":"https:\/\/stoic-curie.212-227-153-4.plesk.page\/hr\/product\/musto-crew-sunblock-majica-s-dugim-rukavima-velicina-m-mornar-plava\/","title":{"rendered":"Musto Crew Sunblock Majica s Dugim Rukavima &#8211; Veli\u010dina M &#8211; Mornar Plava"},"content":{"rendered":"<p>Musto Crew Sunblock Majica s Dugim Rukavima &#8211; Veli\u010dina M &#8211; Mornar Plava &#8211; <\/p>\n<p>Musto Crew Sunblock Majica s Dugim Rukavima nudi izvanrednu za\u0161titu zahvaljuju\u0107i svom UPF50 poliester i elastan materijalu, osiguravaju\u0107i udobnost i trajnost protiv jake sun\u010deve svjetlosti. Ravne \u0161avove jedva da se osjete na va\u0161oj ko\u017ei, pru\u017eaju\u0107i vam maksimalnu udobnost. <a>Kliknite ovdje da provjerite to\u010dnu veli\u010dinu.<\/a><\/p>\n","protected":false},"excerpt":{"rendered":"<p>Musto Crew Sunblock Majica s Dugim Rukavima &#8211; Veli\u010dina M &#8211; Mornar Plava &#8211; Musto Crew Sunblock Majica s Dugim<\/p>\n","protected":false},"featured_media":5735465,"comment_status":"open","ping_status":"closed","template":"","meta":[],"product_brand":[3156],"product_cat":[1854],"product_tag":[],"class_list":{"0":"post-5737231","1":"product","2":"type-product","3":"status-publish","4":"has-post-thumbnail","6":"product_brand-musto-hr","7":"product_cat-jedrilicarska-odjeca-musto","9":"first","10":"instock","11":"shipping-taxable","12":"purchasable","13":"product-type-simple"},"_links":{"self":[{"href":"https:\/\/stoic-curie.212-227-153-4.plesk.page\/hr\/wp-json\/wp\/v2\/product\/5737231","targetHints":{"allow":["GET"]}}],"collection":[{"href":"https:\/\/stoic-curie.212-227-153-4.plesk.page\/hr\/wp-json\/wp\/v2\/product"}],"about":[{"href":"https:\/\/stoic-curie.212-227-153-4.plesk.page\/hr\/wp-json\/wp\/v2\/types\/product"}],"replies":[{"embeddable":true,"href":"https:\/\/stoic-curie.212-227-153-4.plesk.page\/hr\/wp-json\/wp\/v2\/comments?post=5737231"}],"version-history":[{"count":0,"href":"https:\/\/stoic-curie.212-227-153-4.plesk.page\/hr\/wp-json\/wp\/v2\/product\/5737231\/revisions"}],"wp:featuredmedia":[{"embeddable":true,"href":"https:\/\/stoic-curie.212-227-153-4.plesk.page\/hr\/wp-json\/wp\/v2\/media\/5735465"}],"wp:attachment":[{"href":"https:\/\/stoic-curie.212-227-153-4.plesk.page\/hr\/wp-json\/wp\/v2\/media?parent=5737231"}],"wp:term":[{"taxonomy":"product_brand","embeddable":true,"href":"https:\/\/stoic-curie.212-227-153-4.plesk.page\/hr\/wp-json\/wp\/v2\/product_brand?post=5737231"},{"taxonomy":"product_cat","embeddable":true,"href":"https:\/\/stoic-curie.212-227-153-4.plesk.page\/hr\/wp-json\/wp\/v2\/product_cat?post=5737231"},{"taxonomy":"product_tag","embeddable":true,"href":"https:\/\/stoic-curie.212-227-153-4.plesk.page\/hr\/wp-json\/wp\/v2\/product_tag?post=5737231"}],"curies":[{"name":"wp","href":"https:\/\/api.w.org\/{rel}","templated":true}]}}