{"id":5737237,"date":"2026-02-05T11:11:03","date_gmt":"2026-02-05T10:11:03","guid":{"rendered":"https:\/\/stoic-curie.212-227-153-4.plesk.page\/product\/musto-crew-t-shirt-s-dugo-rukavima-za-zastitu-od-sunca-velicina-l-boja-platina\/"},"modified":"2026-02-25T00:01:41","modified_gmt":"2026-02-25T00:01:41","slug":"musto-crew-t-shirt-s-dugo-rukavima-za-zastitu-od-sunca-velicina-l-boja-platina","status":"publish","type":"product","link":"https:\/\/stoic-curie.212-227-153-4.plesk.page\/hr\/product\/musto-crew-t-shirt-s-dugo-rukavima-za-zastitu-od-sunca-velicina-l-boja-platina\/","title":{"rendered":"Musto Crew T-shirt s Dugo Rukavima za Za\u0161titu od Sunca &#8211; Veli\u010dina L &#8211; Boja Platina"},"content":{"rendered":"<p>Musto Crew T-shirt s Dugo Rukavima za Za\u0161titu od Sunca &#8211; Veli\u010dina L &#8211; Boja Platina &#8211; <\/p>\n<p>Musto Crew T-shirt s Dugo Rukavima za Za\u0161titu od Sunca izra\u0111en je od izvanrednog UPF 50 poliestera i elastana, pru\u017eaju\u0107i optimalnu za\u0161titu tijekom jake sun\u010deve svjetlosti. Ravne \u0161avove jedva mo\u017eete osjetiti na svojoj ko\u017ei, osiguravaju\u0107i maksimalnu udobnost. <br \/> Kliknite ovdje da biste provjerili to\u010dnu veli\u010dinu:<\/p>\n","protected":false},"excerpt":{"rendered":"<p>Musto Crew T-shirt s Dugo Rukavima za Za\u0161titu od Sunca &#8211; Veli\u010dina L &#8211; Boja Platina &#8211; Musto Crew T-shirt<\/p>\n","protected":false},"featured_media":5735465,"comment_status":"open","ping_status":"closed","template":"","meta":[],"product_brand":[3156],"product_cat":[1854],"product_tag":[],"class_list":{"0":"post-5737237","1":"product","2":"type-product","3":"status-publish","4":"has-post-thumbnail","6":"product_brand-musto-hr","7":"product_cat-jedrilicarska-odjeca-musto","9":"first","10":"instock","11":"shipping-taxable","12":"purchasable","13":"product-type-simple"},"_links":{"self":[{"href":"https:\/\/stoic-curie.212-227-153-4.plesk.page\/hr\/wp-json\/wp\/v2\/product\/5737237","targetHints":{"allow":["GET"]}}],"collection":[{"href":"https:\/\/stoic-curie.212-227-153-4.plesk.page\/hr\/wp-json\/wp\/v2\/product"}],"about":[{"href":"https:\/\/stoic-curie.212-227-153-4.plesk.page\/hr\/wp-json\/wp\/v2\/types\/product"}],"replies":[{"embeddable":true,"href":"https:\/\/stoic-curie.212-227-153-4.plesk.page\/hr\/wp-json\/wp\/v2\/comments?post=5737237"}],"version-history":[{"count":0,"href":"https:\/\/stoic-curie.212-227-153-4.plesk.page\/hr\/wp-json\/wp\/v2\/product\/5737237\/revisions"}],"wp:featuredmedia":[{"embeddable":true,"href":"https:\/\/stoic-curie.212-227-153-4.plesk.page\/hr\/wp-json\/wp\/v2\/media\/5735465"}],"wp:attachment":[{"href":"https:\/\/stoic-curie.212-227-153-4.plesk.page\/hr\/wp-json\/wp\/v2\/media?parent=5737237"}],"wp:term":[{"taxonomy":"product_brand","embeddable":true,"href":"https:\/\/stoic-curie.212-227-153-4.plesk.page\/hr\/wp-json\/wp\/v2\/product_brand?post=5737237"},{"taxonomy":"product_cat","embeddable":true,"href":"https:\/\/stoic-curie.212-227-153-4.plesk.page\/hr\/wp-json\/wp\/v2\/product_cat?post=5737237"},{"taxonomy":"product_tag","embeddable":true,"href":"https:\/\/stoic-curie.212-227-153-4.plesk.page\/hr\/wp-json\/wp\/v2\/product_tag?post=5737237"}],"curies":[{"name":"wp","href":"https:\/\/api.w.org\/{rel}","templated":true}]}}