{"id":5737239,"date":"2026-02-05T11:11:05","date_gmt":"2026-02-05T10:11:05","guid":{"rendered":"https:\/\/stoic-curie.212-227-153-4.plesk.page\/product\/musto-crew-sunblock-majica-dugih-rukava-velicina-2xl-boja-platinum\/"},"modified":"2026-02-25T00:01:41","modified_gmt":"2026-02-25T00:01:41","slug":"musto-crew-sunblock-majica-dugih-rukava-velicina-2xl-boja-platinum","status":"publish","type":"product","link":"https:\/\/stoic-curie.212-227-153-4.plesk.page\/hr\/product\/musto-crew-sunblock-majica-dugih-rukava-velicina-2xl-boja-platinum\/","title":{"rendered":"Musto Crew Sunblock Majica dugih rukava &#8211; Veli\u010dina 2XL &#8211; Boja: Platinum"},"content":{"rendered":"<p>Musto Crew Sunblock Majica dugih rukava &#8211; Veli\u010dina 2XL &#8211; Boja: Platinum &#8211; <\/p>\n<p>Musto Crew Sunblock majica dugih rukava izra\u0111ena je od izvanredne kombinacije UPF50 poliestra i elastana koja pru\u017ea maksimalnu za\u0161titu od jakog sun\u010devog zra\u010denja. Flatlock \u0161avovi su gotovo neprimjetni na va\u0161oj ko\u017ei, osiguravaju\u0107i vrhunsku udobnost. <a>Kliknite ovdje da provjerite to\u010dnu veli\u010dinu.<\/a><\/p>\n","protected":false},"excerpt":{"rendered":"<p>Musto Crew Sunblock Majica dugih rukava &#8211; Veli\u010dina 2XL &#8211; Boja: Platinum &#8211; Musto Crew Sunblock majica dugih rukava izra\u0111ena<\/p>\n","protected":false},"featured_media":5735465,"comment_status":"open","ping_status":"closed","template":"","meta":[],"product_brand":[3156],"product_cat":[1854],"product_tag":[],"class_list":{"0":"post-5737239","1":"product","2":"type-product","3":"status-publish","4":"has-post-thumbnail","6":"product_brand-musto-hr","7":"product_cat-jedrilicarska-odjeca-musto","9":"first","10":"instock","11":"shipping-taxable","12":"purchasable","13":"product-type-simple"},"_links":{"self":[{"href":"https:\/\/stoic-curie.212-227-153-4.plesk.page\/hr\/wp-json\/wp\/v2\/product\/5737239","targetHints":{"allow":["GET"]}}],"collection":[{"href":"https:\/\/stoic-curie.212-227-153-4.plesk.page\/hr\/wp-json\/wp\/v2\/product"}],"about":[{"href":"https:\/\/stoic-curie.212-227-153-4.plesk.page\/hr\/wp-json\/wp\/v2\/types\/product"}],"replies":[{"embeddable":true,"href":"https:\/\/stoic-curie.212-227-153-4.plesk.page\/hr\/wp-json\/wp\/v2\/comments?post=5737239"}],"version-history":[{"count":0,"href":"https:\/\/stoic-curie.212-227-153-4.plesk.page\/hr\/wp-json\/wp\/v2\/product\/5737239\/revisions"}],"wp:featuredmedia":[{"embeddable":true,"href":"https:\/\/stoic-curie.212-227-153-4.plesk.page\/hr\/wp-json\/wp\/v2\/media\/5735465"}],"wp:attachment":[{"href":"https:\/\/stoic-curie.212-227-153-4.plesk.page\/hr\/wp-json\/wp\/v2\/media?parent=5737239"}],"wp:term":[{"taxonomy":"product_brand","embeddable":true,"href":"https:\/\/stoic-curie.212-227-153-4.plesk.page\/hr\/wp-json\/wp\/v2\/product_brand?post=5737239"},{"taxonomy":"product_cat","embeddable":true,"href":"https:\/\/stoic-curie.212-227-153-4.plesk.page\/hr\/wp-json\/wp\/v2\/product_cat?post=5737239"},{"taxonomy":"product_tag","embeddable":true,"href":"https:\/\/stoic-curie.212-227-153-4.plesk.page\/hr\/wp-json\/wp\/v2\/product_tag?post=5737239"}],"curies":[{"name":"wp","href":"https:\/\/api.w.org\/{rel}","templated":true}]}}