{"id":5737240,"date":"2026-02-05T11:11:06","date_gmt":"2026-02-05T10:11:06","guid":{"rendered":"https:\/\/stoic-curie.212-227-153-4.plesk.page\/product\/musto-performansne-rukavice-2-0-prsti-3-4-velicina-xs\/"},"modified":"2026-02-25T00:01:49","modified_gmt":"2026-02-25T00:01:49","slug":"musto-performansne-rukavice-2-0-prsti-3-4-velicina-xs","status":"publish","type":"product","link":"https:\/\/stoic-curie.212-227-153-4.plesk.page\/hr\/product\/musto-performansne-rukavice-2-0-prsti-3-4-velicina-xs\/","title":{"rendered":"Musto Performansne Rukavice 2.0 Prsti 3\/4 Veli\u010dina XS"},"content":{"rendered":"<p>Musto Performansne Rukavice 2.0 Prsti 3\/4 Veli\u010dina XS &#8211; <\/p>\n<p>Musto Premium Performansne Rukavice imaju laganu konstrukciju dinami\u010dke mre\u017ee koja se prote\u017ee u 4 smjera, koja kombinira prozra\u010dnost i anatomski udobnost s punom slobodom kretanja. Dynamic Git sustav omogu\u0107uje nesmetano pomicanje zape\u0161\u0107a, osiguravaju\u0107i potpunu udobnost. GripFlex dlan osigurava superiorno prianjanje uz produ\u017eenu man\u017eetu za dodatnu za\u0161titu.<\/p>\n<p>Kliknite ovdje da provjerite to\u010dnu veli\u010dinu:<\/p>\n","protected":false},"excerpt":{"rendered":"<p>Musto Performansne Rukavice 2.0 Prsti 3\/4 Veli\u010dina XS &#8211; Musto Premium Performansne Rukavice imaju laganu konstrukciju dinami\u010dke mre\u017ee koja se<\/p>\n","protected":false},"featured_media":5735600,"comment_status":"open","ping_status":"closed","template":"","meta":[],"product_brand":[3156],"product_cat":[1858],"product_tag":[],"class_list":{"0":"post-5737240","1":"product","2":"type-product","3":"status-publish","4":"has-post-thumbnail","6":"product_brand-musto-hr","7":"product_cat-rukavice-za-jedrenje","9":"first","10":"instock","11":"shipping-taxable","12":"purchasable","13":"product-type-simple"},"_links":{"self":[{"href":"https:\/\/stoic-curie.212-227-153-4.plesk.page\/hr\/wp-json\/wp\/v2\/product\/5737240","targetHints":{"allow":["GET"]}}],"collection":[{"href":"https:\/\/stoic-curie.212-227-153-4.plesk.page\/hr\/wp-json\/wp\/v2\/product"}],"about":[{"href":"https:\/\/stoic-curie.212-227-153-4.plesk.page\/hr\/wp-json\/wp\/v2\/types\/product"}],"replies":[{"embeddable":true,"href":"https:\/\/stoic-curie.212-227-153-4.plesk.page\/hr\/wp-json\/wp\/v2\/comments?post=5737240"}],"version-history":[{"count":0,"href":"https:\/\/stoic-curie.212-227-153-4.plesk.page\/hr\/wp-json\/wp\/v2\/product\/5737240\/revisions"}],"wp:featuredmedia":[{"embeddable":true,"href":"https:\/\/stoic-curie.212-227-153-4.plesk.page\/hr\/wp-json\/wp\/v2\/media\/5735600"}],"wp:attachment":[{"href":"https:\/\/stoic-curie.212-227-153-4.plesk.page\/hr\/wp-json\/wp\/v2\/media?parent=5737240"}],"wp:term":[{"taxonomy":"product_brand","embeddable":true,"href":"https:\/\/stoic-curie.212-227-153-4.plesk.page\/hr\/wp-json\/wp\/v2\/product_brand?post=5737240"},{"taxonomy":"product_cat","embeddable":true,"href":"https:\/\/stoic-curie.212-227-153-4.plesk.page\/hr\/wp-json\/wp\/v2\/product_cat?post=5737240"},{"taxonomy":"product_tag","embeddable":true,"href":"https:\/\/stoic-curie.212-227-153-4.plesk.page\/hr\/wp-json\/wp\/v2\/product_tag?post=5737240"}],"curies":[{"name":"wp","href":"https:\/\/api.w.org\/{rel}","templated":true}]}}