{"id":5737241,"date":"2026-02-05T11:11:07","date_gmt":"2026-02-05T10:11:07","guid":{"rendered":"https:\/\/stoic-curie.212-227-153-4.plesk.page\/product\/musto-performans-rukavice-2-0-prst-3-4-velicina-s\/"},"modified":"2026-02-25T00:01:49","modified_gmt":"2026-02-25T00:01:49","slug":"musto-performans-rukavice-2-0-prst-3-4-velicina-s","status":"publish","type":"product","link":"https:\/\/stoic-curie.212-227-153-4.plesk.page\/hr\/product\/musto-performans-rukavice-2-0-prst-3-4-velicina-s\/","title":{"rendered":"Musto Performans Rukavice 2.0 Prst 3\/4 Veli\u010dina S"},"content":{"rendered":"<p>Musto Performans Rukavice 2.0 Prst 3\/4 Veli\u010dina S &#8211; <\/p>\n<p>Musto premium Performans Rukavice imaju laganu konstrukciju od dinami\u010dne mre\u017ee koja se prote\u017ee u 4 smjera, kombiniraju\u0107i anatomsku udobnost s potpunom slobodom pokreta. Dynamic Git sustav omogu\u0107uje nesmetano pomicanje zape\u0161\u0107a za potpunu udobnost. GripFlex dlan osigurava vrhunsko prianjanje, a produ\u017eeni rukav nudi dodatno pokrivanje. Kliknite ovdje kako biste provjerili to\u010dnu veli\u010dinu:<\/p>\n","protected":false},"excerpt":{"rendered":"<p>Musto Performans Rukavice 2.0 Prst 3\/4 Veli\u010dina S &#8211; Musto premium Performans Rukavice imaju laganu konstrukciju od dinami\u010dne mre\u017ee koja<\/p>\n","protected":false},"featured_media":5735600,"comment_status":"open","ping_status":"closed","template":"","meta":[],"product_brand":[3156],"product_cat":[1858],"product_tag":[],"class_list":{"0":"post-5737241","1":"product","2":"type-product","3":"status-publish","4":"has-post-thumbnail","6":"product_brand-musto-hr","7":"product_cat-rukavice-za-jedrenje","9":"first","10":"instock","11":"shipping-taxable","12":"purchasable","13":"product-type-simple"},"_links":{"self":[{"href":"https:\/\/stoic-curie.212-227-153-4.plesk.page\/hr\/wp-json\/wp\/v2\/product\/5737241","targetHints":{"allow":["GET"]}}],"collection":[{"href":"https:\/\/stoic-curie.212-227-153-4.plesk.page\/hr\/wp-json\/wp\/v2\/product"}],"about":[{"href":"https:\/\/stoic-curie.212-227-153-4.plesk.page\/hr\/wp-json\/wp\/v2\/types\/product"}],"replies":[{"embeddable":true,"href":"https:\/\/stoic-curie.212-227-153-4.plesk.page\/hr\/wp-json\/wp\/v2\/comments?post=5737241"}],"version-history":[{"count":0,"href":"https:\/\/stoic-curie.212-227-153-4.plesk.page\/hr\/wp-json\/wp\/v2\/product\/5737241\/revisions"}],"wp:featuredmedia":[{"embeddable":true,"href":"https:\/\/stoic-curie.212-227-153-4.plesk.page\/hr\/wp-json\/wp\/v2\/media\/5735600"}],"wp:attachment":[{"href":"https:\/\/stoic-curie.212-227-153-4.plesk.page\/hr\/wp-json\/wp\/v2\/media?parent=5737241"}],"wp:term":[{"taxonomy":"product_brand","embeddable":true,"href":"https:\/\/stoic-curie.212-227-153-4.plesk.page\/hr\/wp-json\/wp\/v2\/product_brand?post=5737241"},{"taxonomy":"product_cat","embeddable":true,"href":"https:\/\/stoic-curie.212-227-153-4.plesk.page\/hr\/wp-json\/wp\/v2\/product_cat?post=5737241"},{"taxonomy":"product_tag","embeddable":true,"href":"https:\/\/stoic-curie.212-227-153-4.plesk.page\/hr\/wp-json\/wp\/v2\/product_tag?post=5737241"}],"curies":[{"name":"wp","href":"https:\/\/api.w.org\/{rel}","templated":true}]}}