{"id":5737244,"date":"2026-02-05T11:11:10","date_gmt":"2026-02-05T10:11:10","guid":{"rendered":"https:\/\/stoic-curie.212-227-153-4.plesk.page\/product\/musto-rukavice-za-performanse-2-0-prst-3-4-velicina-xl\/"},"modified":"2026-02-25T00:01:49","modified_gmt":"2026-02-25T00:01:49","slug":"musto-rukavice-za-performanse-2-0-prst-3-4-velicina-xl","status":"publish","type":"product","link":"https:\/\/stoic-curie.212-227-153-4.plesk.page\/hr\/product\/musto-rukavice-za-performanse-2-0-prst-3-4-velicina-xl\/","title":{"rendered":"Musto Rukavice za Performanse 2.0 Prst 3\/4 Velicina XL"},"content":{"rendered":"<p>Musto Rukavice za Performanse 2.0 Prst 3\/4 Velicina XL &#8211; <\/p>\n<p>Musto premium Rukavice za performanse izra\u0111ene su od laganog dinami\u010dkog mre\u017eastog materijala s 4 smjera rastezanja koji kombinira prozra\u010dnu, anatomski prilago\u0111enu udobnost s punim rasponom pokreta. Dynamic Git sustav omogu\u0107ava slobodno kretanje zape\u0161\u0107a za potpunu udobnost. GripFlex dlan osigurava superiorno prianjanje, dok produ\u017eeni man\u017eet pru\u017ea dodatnu za\u0161titu. Kliknite ovdje za provjeru to\u010dne veli\u010dine:<\/p>\n","protected":false},"excerpt":{"rendered":"<p>Musto Rukavice za Performanse 2.0 Prst 3\/4 Velicina XL &#8211; Musto premium Rukavice za performanse izra\u0111ene su od laganog dinami\u010dkog<\/p>\n","protected":false},"featured_media":5735600,"comment_status":"open","ping_status":"closed","template":"","meta":[],"product_brand":[3156],"product_cat":[1858],"product_tag":[],"class_list":{"0":"post-5737244","1":"product","2":"type-product","3":"status-publish","4":"has-post-thumbnail","6":"product_brand-musto-hr","7":"product_cat-rukavice-za-jedrenje","9":"first","10":"instock","11":"shipping-taxable","12":"purchasable","13":"product-type-simple"},"_links":{"self":[{"href":"https:\/\/stoic-curie.212-227-153-4.plesk.page\/hr\/wp-json\/wp\/v2\/product\/5737244","targetHints":{"allow":["GET"]}}],"collection":[{"href":"https:\/\/stoic-curie.212-227-153-4.plesk.page\/hr\/wp-json\/wp\/v2\/product"}],"about":[{"href":"https:\/\/stoic-curie.212-227-153-4.plesk.page\/hr\/wp-json\/wp\/v2\/types\/product"}],"replies":[{"embeddable":true,"href":"https:\/\/stoic-curie.212-227-153-4.plesk.page\/hr\/wp-json\/wp\/v2\/comments?post=5737244"}],"version-history":[{"count":0,"href":"https:\/\/stoic-curie.212-227-153-4.plesk.page\/hr\/wp-json\/wp\/v2\/product\/5737244\/revisions"}],"wp:featuredmedia":[{"embeddable":true,"href":"https:\/\/stoic-curie.212-227-153-4.plesk.page\/hr\/wp-json\/wp\/v2\/media\/5735600"}],"wp:attachment":[{"href":"https:\/\/stoic-curie.212-227-153-4.plesk.page\/hr\/wp-json\/wp\/v2\/media?parent=5737244"}],"wp:term":[{"taxonomy":"product_brand","embeddable":true,"href":"https:\/\/stoic-curie.212-227-153-4.plesk.page\/hr\/wp-json\/wp\/v2\/product_brand?post=5737244"},{"taxonomy":"product_cat","embeddable":true,"href":"https:\/\/stoic-curie.212-227-153-4.plesk.page\/hr\/wp-json\/wp\/v2\/product_cat?post=5737244"},{"taxonomy":"product_tag","embeddable":true,"href":"https:\/\/stoic-curie.212-227-153-4.plesk.page\/hr\/wp-json\/wp\/v2\/product_tag?post=5737244"}],"curies":[{"name":"wp","href":"https:\/\/api.w.org\/{rel}","templated":true}]}}