{"id":5737245,"date":"2026-02-05T11:11:11","date_gmt":"2026-02-05T10:11:11","guid":{"rendered":"https:\/\/stoic-curie.212-227-153-4.plesk.page\/product\/musto-performans-rukavice-2-0-prst-3-4-velicina-2xl\/"},"modified":"2026-02-25T00:01:49","modified_gmt":"2026-02-25T00:01:49","slug":"musto-performans-rukavice-2-0-prst-3-4-velicina-2xl","status":"publish","type":"product","link":"https:\/\/stoic-curie.212-227-153-4.plesk.page\/hr\/product\/musto-performans-rukavice-2-0-prst-3-4-velicina-2xl\/","title":{"rendered":"Musto Performans Rukavice 2.0 Prst 3\/4 Veli\u010dina 2XL"},"content":{"rendered":"<p>Musto Performans Rukavice 2.0 Prst 3\/4 Veli\u010dina 2XL &#8211; <\/p>\n<p>Musto premium performans rukavice izra\u0111ene su od lagane, elasti\u010dne mre\u017ene konstrukcije koja se prote\u017ee u 4 smjera, kombiniraju\u0107i prozra\u010dne materijale s anatomskom udobno\u0161\u0107u i potpunim spektrom pokreta. Dynamic Git sustav omogu\u0107uje neograni\u010deno kretanje zape\u0161\u0107a za potpunu udobnost. GripFlex dlan osigurava superiorno prianjanje, a produ\u017eeni man\u017eet osigurava dodatnu pokrivenost. Kliknite ovdje da provjerite to\u010dnu veli\u010dinu:<\/p>\n","protected":false},"excerpt":{"rendered":"<p>Musto Performans Rukavice 2.0 Prst 3\/4 Veli\u010dina 2XL &#8211; Musto premium performans rukavice izra\u0111ene su od lagane, elasti\u010dne mre\u017ene konstrukcije<\/p>\n","protected":false},"featured_media":5735600,"comment_status":"open","ping_status":"closed","template":"","meta":[],"product_brand":[3156],"product_cat":[1858],"product_tag":[],"class_list":{"0":"post-5737245","1":"product","2":"type-product","3":"status-publish","4":"has-post-thumbnail","6":"product_brand-musto-hr","7":"product_cat-rukavice-za-jedrenje","9":"first","10":"instock","11":"shipping-taxable","12":"purchasable","13":"product-type-simple"},"_links":{"self":[{"href":"https:\/\/stoic-curie.212-227-153-4.plesk.page\/hr\/wp-json\/wp\/v2\/product\/5737245","targetHints":{"allow":["GET"]}}],"collection":[{"href":"https:\/\/stoic-curie.212-227-153-4.plesk.page\/hr\/wp-json\/wp\/v2\/product"}],"about":[{"href":"https:\/\/stoic-curie.212-227-153-4.plesk.page\/hr\/wp-json\/wp\/v2\/types\/product"}],"replies":[{"embeddable":true,"href":"https:\/\/stoic-curie.212-227-153-4.plesk.page\/hr\/wp-json\/wp\/v2\/comments?post=5737245"}],"version-history":[{"count":0,"href":"https:\/\/stoic-curie.212-227-153-4.plesk.page\/hr\/wp-json\/wp\/v2\/product\/5737245\/revisions"}],"wp:featuredmedia":[{"embeddable":true,"href":"https:\/\/stoic-curie.212-227-153-4.plesk.page\/hr\/wp-json\/wp\/v2\/media\/5735600"}],"wp:attachment":[{"href":"https:\/\/stoic-curie.212-227-153-4.plesk.page\/hr\/wp-json\/wp\/v2\/media?parent=5737245"}],"wp:term":[{"taxonomy":"product_brand","embeddable":true,"href":"https:\/\/stoic-curie.212-227-153-4.plesk.page\/hr\/wp-json\/wp\/v2\/product_brand?post=5737245"},{"taxonomy":"product_cat","embeddable":true,"href":"https:\/\/stoic-curie.212-227-153-4.plesk.page\/hr\/wp-json\/wp\/v2\/product_cat?post=5737245"},{"taxonomy":"product_tag","embeddable":true,"href":"https:\/\/stoic-curie.212-227-153-4.plesk.page\/hr\/wp-json\/wp\/v2\/product_tag?post=5737245"}],"curies":[{"name":"wp","href":"https:\/\/api.w.org\/{rel}","templated":true}]}}