{"id":5737250,"date":"2026-02-05T11:11:16","date_gmt":"2026-02-05T10:11:16","guid":{"rendered":"https:\/\/stoic-curie.212-227-153-4.plesk.page\/product\/musto-performance-rukavice-2-0-s-punim-prstom-velicina-l-xl\/"},"modified":"2026-02-25T00:01:49","modified_gmt":"2026-02-25T00:01:49","slug":"musto-performance-rukavice-2-0-s-punim-prstom-velicina-l-xl","status":"publish","type":"product","link":"https:\/\/stoic-curie.212-227-153-4.plesk.page\/hr\/product\/musto-performance-rukavice-2-0-s-punim-prstom-velicina-l-xl\/","title":{"rendered":"Musto Performance Rukavice 2.0 S Punim Prstom Veli\u010dina L\/XL"},"content":{"rendered":"<p>Musto Performance Rukavice 2.0 S Punim Prstom Veli\u010dina L\/XL &#8211; <\/p>\n<p>Musto premium Performance Rukavice imaju laganu 4-smjernu stre\u010dnu dinami\u010dnu mre\u017enu konstrukciju koja kombinira prozra\u010dnu anatomsku udobnost s punim spektrom pokreta. Dinami\u010dki Git sustav omogu\u0107uje neometano kretanje zape\u0161\u0107a za potpunu udobnost. GripFlex dlan osigurava superiorno prianjanje s produ\u017eenim rukavom za dodatnu za\u0161titu.<\/p>\n","protected":false},"excerpt":{"rendered":"<p>Musto Performance Rukavice 2.0 S Punim Prstom Veli\u010dina L\/XL &#8211; Musto premium Performance Rukavice imaju laganu 4-smjernu stre\u010dnu dinami\u010dnu mre\u017enu<\/p>\n","protected":false},"featured_media":5735600,"comment_status":"open","ping_status":"closed","template":"","meta":[],"product_brand":[3156],"product_cat":[1858],"product_tag":[],"class_list":{"0":"post-5737250","1":"product","2":"type-product","3":"status-publish","4":"has-post-thumbnail","6":"product_brand-musto-hr","7":"product_cat-rukavice-za-jedrenje","9":"first","10":"instock","11":"shipping-taxable","12":"purchasable","13":"product-type-simple"},"_links":{"self":[{"href":"https:\/\/stoic-curie.212-227-153-4.plesk.page\/hr\/wp-json\/wp\/v2\/product\/5737250","targetHints":{"allow":["GET"]}}],"collection":[{"href":"https:\/\/stoic-curie.212-227-153-4.plesk.page\/hr\/wp-json\/wp\/v2\/product"}],"about":[{"href":"https:\/\/stoic-curie.212-227-153-4.plesk.page\/hr\/wp-json\/wp\/v2\/types\/product"}],"replies":[{"embeddable":true,"href":"https:\/\/stoic-curie.212-227-153-4.plesk.page\/hr\/wp-json\/wp\/v2\/comments?post=5737250"}],"version-history":[{"count":0,"href":"https:\/\/stoic-curie.212-227-153-4.plesk.page\/hr\/wp-json\/wp\/v2\/product\/5737250\/revisions"}],"wp:featuredmedia":[{"embeddable":true,"href":"https:\/\/stoic-curie.212-227-153-4.plesk.page\/hr\/wp-json\/wp\/v2\/media\/5735600"}],"wp:attachment":[{"href":"https:\/\/stoic-curie.212-227-153-4.plesk.page\/hr\/wp-json\/wp\/v2\/media?parent=5737250"}],"wp:term":[{"taxonomy":"product_brand","embeddable":true,"href":"https:\/\/stoic-curie.212-227-153-4.plesk.page\/hr\/wp-json\/wp\/v2\/product_brand?post=5737250"},{"taxonomy":"product_cat","embeddable":true,"href":"https:\/\/stoic-curie.212-227-153-4.plesk.page\/hr\/wp-json\/wp\/v2\/product_cat?post=5737250"},{"taxonomy":"product_tag","embeddable":true,"href":"https:\/\/stoic-curie.212-227-153-4.plesk.page\/hr\/wp-json\/wp\/v2\/product_tag?post=5737250"}],"curies":[{"name":"wp","href":"https:\/\/api.w.org\/{rel}","templated":true}]}}