{"id":5737259,"date":"2026-02-05T11:11:24","date_gmt":"2026-02-05T10:11:24","guid":{"rendered":"https:\/\/stoic-curie.212-227-153-4.plesk.page\/product\/hh-voss-jakna-protiv-kise-velicina-xl-svijetloplava\/"},"modified":"2026-02-25T00:01:49","modified_gmt":"2026-02-25T00:01:49","slug":"hh-voss-jakna-protiv-kise-velicina-xl-svijetloplava","status":"publish","type":"product","link":"https:\/\/stoic-curie.212-227-153-4.plesk.page\/hr\/product\/hh-voss-jakna-protiv-kise-velicina-xl-svijetloplava\/","title":{"rendered":"Hh Voss Jakna protiv ki\u0161e Veli\u010dina XL &#8211; Svijetloplava"},"content":{"rendered":"<p>Hh Voss Jakna protiv ki\u0161e Veli\u010dina XL &#8211; Svijetloplava &#8211; <\/p>\n<p>Helly Hansen Voss Jakna protiv ki\u0161e je pouzdana i izdr\u017eljiva, savr\u0161ena za bilo kakve vremenske uvjete. Inspirirana jaknama nordijskih ribara, izra\u0111ena je od PU Helox+ materijala, koji je potpuno otporan na vjetar i vodu za optimalnu za\u0161titu. Pro\u0161irivi PU Helox+ materijal osigurava udobnost \u010dak i tijekom dugotrajnog no\u0161enja. Ikona dizajna i funkcionalnosti, idealna za one koji tra\u017ee pouzdanost i stil.<\/p>\n<p>Kliknite ovdje da provjerite to\u010dnu veli\u010dinu:<\/p>\n","protected":false},"excerpt":{"rendered":"<p>Hh Voss Jakna protiv ki\u0161e Veli\u010dina XL &#8211; Svijetloplava &#8211; Helly Hansen Voss Jakna protiv ki\u0161e je pouzdana i izdr\u017eljiva,<\/p>\n","protected":false},"featured_media":5735681,"comment_status":"open","ping_status":"closed","template":"","meta":[],"product_brand":[3001],"product_cat":[1857],"product_tag":[],"class_list":{"0":"post-5737259","1":"product","2":"type-product","3":"status-publish","4":"has-post-thumbnail","6":"product_brand-helly-hansen-hr","7":"product_cat-jedrilicarska-odjeca-helly-hansen","9":"first","10":"instock","11":"shipping-taxable","12":"purchasable","13":"product-type-simple"},"_links":{"self":[{"href":"https:\/\/stoic-curie.212-227-153-4.plesk.page\/hr\/wp-json\/wp\/v2\/product\/5737259","targetHints":{"allow":["GET"]}}],"collection":[{"href":"https:\/\/stoic-curie.212-227-153-4.plesk.page\/hr\/wp-json\/wp\/v2\/product"}],"about":[{"href":"https:\/\/stoic-curie.212-227-153-4.plesk.page\/hr\/wp-json\/wp\/v2\/types\/product"}],"replies":[{"embeddable":true,"href":"https:\/\/stoic-curie.212-227-153-4.plesk.page\/hr\/wp-json\/wp\/v2\/comments?post=5737259"}],"version-history":[{"count":0,"href":"https:\/\/stoic-curie.212-227-153-4.plesk.page\/hr\/wp-json\/wp\/v2\/product\/5737259\/revisions"}],"wp:featuredmedia":[{"embeddable":true,"href":"https:\/\/stoic-curie.212-227-153-4.plesk.page\/hr\/wp-json\/wp\/v2\/media\/5735681"}],"wp:attachment":[{"href":"https:\/\/stoic-curie.212-227-153-4.plesk.page\/hr\/wp-json\/wp\/v2\/media?parent=5737259"}],"wp:term":[{"taxonomy":"product_brand","embeddable":true,"href":"https:\/\/stoic-curie.212-227-153-4.plesk.page\/hr\/wp-json\/wp\/v2\/product_brand?post=5737259"},{"taxonomy":"product_cat","embeddable":true,"href":"https:\/\/stoic-curie.212-227-153-4.plesk.page\/hr\/wp-json\/wp\/v2\/product_cat?post=5737259"},{"taxonomy":"product_tag","embeddable":true,"href":"https:\/\/stoic-curie.212-227-153-4.plesk.page\/hr\/wp-json\/wp\/v2\/product_tag?post=5737259"}],"curies":[{"name":"wp","href":"https:\/\/api.w.org\/{rel}","templated":true}]}}