{"id":5737264,"date":"2026-02-05T11:11:29","date_gmt":"2026-02-05T10:11:29","guid":{"rendered":"https:\/\/stoic-curie.212-227-153-4.plesk.page\/product\/volvo-sx-anodna-kitu\/"},"modified":"2026-02-25T00:01:53","modified_gmt":"2026-02-25T00:01:53","slug":"volvo-sx-anodna-kitu","status":"publish","type":"product","link":"https:\/\/stoic-curie.212-227-153-4.plesk.page\/hr\/product\/volvo-sx-anodna-kitu\/","title":{"rendered":"Volvo SX Anodna Kitu"},"content":{"rendered":"<p>Volvo SX Anodna Kitu &#8211; <\/p>\n<p>Tecnoseal anodni kit od aluminija za Volvo Penta SX. Te\u017ee 50 % manje od tradicionalnih cinkovih anoda, pru\u017eaju\u0107i istu razinu za\u0161tite. Kit uklju\u010duje: 1 x 3586461 1 x 3855411<\/p>\n","protected":false},"excerpt":{"rendered":"<p>Volvo SX Anodna Kitu &#8211; Tecnoseal anodni kit od aluminija za Volvo Penta SX. Te\u017ee 50 % manje od tradicionalnih<\/p>\n","protected":false},"featured_media":5735752,"comment_status":"open","ping_status":"closed","template":"","meta":[],"product_brand":[3126],"product_cat":[1829],"product_tag":[],"class_list":{"0":"post-5737264","1":"product","2":"type-product","3":"status-publish","4":"has-post-thumbnail","6":"product_brand-martyr-hr","7":"product_cat-rezervni-dijelovi-za-motore-volvo-penta","9":"first","10":"instock","11":"shipping-taxable","12":"purchasable","13":"product-type-simple"},"_links":{"self":[{"href":"https:\/\/stoic-curie.212-227-153-4.plesk.page\/hr\/wp-json\/wp\/v2\/product\/5737264","targetHints":{"allow":["GET"]}}],"collection":[{"href":"https:\/\/stoic-curie.212-227-153-4.plesk.page\/hr\/wp-json\/wp\/v2\/product"}],"about":[{"href":"https:\/\/stoic-curie.212-227-153-4.plesk.page\/hr\/wp-json\/wp\/v2\/types\/product"}],"replies":[{"embeddable":true,"href":"https:\/\/stoic-curie.212-227-153-4.plesk.page\/hr\/wp-json\/wp\/v2\/comments?post=5737264"}],"version-history":[{"count":0,"href":"https:\/\/stoic-curie.212-227-153-4.plesk.page\/hr\/wp-json\/wp\/v2\/product\/5737264\/revisions"}],"wp:featuredmedia":[{"embeddable":true,"href":"https:\/\/stoic-curie.212-227-153-4.plesk.page\/hr\/wp-json\/wp\/v2\/media\/5735752"}],"wp:attachment":[{"href":"https:\/\/stoic-curie.212-227-153-4.plesk.page\/hr\/wp-json\/wp\/v2\/media?parent=5737264"}],"wp:term":[{"taxonomy":"product_brand","embeddable":true,"href":"https:\/\/stoic-curie.212-227-153-4.plesk.page\/hr\/wp-json\/wp\/v2\/product_brand?post=5737264"},{"taxonomy":"product_cat","embeddable":true,"href":"https:\/\/stoic-curie.212-227-153-4.plesk.page\/hr\/wp-json\/wp\/v2\/product_cat?post=5737264"},{"taxonomy":"product_tag","embeddable":true,"href":"https:\/\/stoic-curie.212-227-153-4.plesk.page\/hr\/wp-json\/wp\/v2\/product_tag?post=5737264"}],"curies":[{"name":"wp","href":"https:\/\/api.w.org\/{rel}","templated":true}]}}