{"id":5737266,"date":"2026-02-05T11:11:31","date_gmt":"2026-02-05T10:11:31","guid":{"rendered":"https:\/\/stoic-curie.212-227-153-4.plesk.page\/product\/anodski-komplet-za-honda-bf40-50-hp\/"},"modified":"2026-02-25T00:01:53","modified_gmt":"2026-02-25T00:01:53","slug":"anodski-komplet-za-honda-bf40-50-hp","status":"publish","type":"product","link":"https:\/\/stoic-curie.212-227-153-4.plesk.page\/hr\/product\/anodski-komplet-za-honda-bf40-50-hp\/","title":{"rendered":"Anodski komplet za Honda BF40\u201350 HP"},"content":{"rendered":"<p>Anodski komplet za Honda BF40\u201350 HP &#8211; Martyr aluminijski M2 legirani anodski komplet za Honda BF40-50 HP te\u017ei 50% manje od tradicionalnih cinkovih anoda, dok pru\u017ea istu razinu za\u0161tite. Komplet sadr\u017ei: 1 x 41107-ZV5-000, 1 x 06411-ZV5-000 i 2 x 41109-ZW1-003.<\/p>\n","protected":false},"excerpt":{"rendered":"<p>Anodski komplet za Honda BF40\u201350 HP &#8211; Martyr aluminijski M2 legirani anodski komplet za Honda BF40-50 HP te\u017ei 50% manje<\/p>\n","protected":false},"featured_media":5735756,"comment_status":"open","ping_status":"closed","template":"","meta":[],"product_brand":[3126],"product_cat":[1825],"product_tag":[],"class_list":{"0":"post-5737266","1":"product","2":"type-product","3":"status-publish","4":"has-post-thumbnail","6":"product_brand-martyr-hr","7":"product_cat-rezervni-dijelovi-za-vanbrodske-motore-honda","9":"first","10":"instock","11":"shipping-taxable","12":"purchasable","13":"product-type-simple"},"_links":{"self":[{"href":"https:\/\/stoic-curie.212-227-153-4.plesk.page\/hr\/wp-json\/wp\/v2\/product\/5737266","targetHints":{"allow":["GET"]}}],"collection":[{"href":"https:\/\/stoic-curie.212-227-153-4.plesk.page\/hr\/wp-json\/wp\/v2\/product"}],"about":[{"href":"https:\/\/stoic-curie.212-227-153-4.plesk.page\/hr\/wp-json\/wp\/v2\/types\/product"}],"replies":[{"embeddable":true,"href":"https:\/\/stoic-curie.212-227-153-4.plesk.page\/hr\/wp-json\/wp\/v2\/comments?post=5737266"}],"version-history":[{"count":0,"href":"https:\/\/stoic-curie.212-227-153-4.plesk.page\/hr\/wp-json\/wp\/v2\/product\/5737266\/revisions"}],"wp:featuredmedia":[{"embeddable":true,"href":"https:\/\/stoic-curie.212-227-153-4.plesk.page\/hr\/wp-json\/wp\/v2\/media\/5735756"}],"wp:attachment":[{"href":"https:\/\/stoic-curie.212-227-153-4.plesk.page\/hr\/wp-json\/wp\/v2\/media?parent=5737266"}],"wp:term":[{"taxonomy":"product_brand","embeddable":true,"href":"https:\/\/stoic-curie.212-227-153-4.plesk.page\/hr\/wp-json\/wp\/v2\/product_brand?post=5737266"},{"taxonomy":"product_cat","embeddable":true,"href":"https:\/\/stoic-curie.212-227-153-4.plesk.page\/hr\/wp-json\/wp\/v2\/product_cat?post=5737266"},{"taxonomy":"product_tag","embeddable":true,"href":"https:\/\/stoic-curie.212-227-153-4.plesk.page\/hr\/wp-json\/wp\/v2\/product_tag?post=5737266"}],"curies":[{"name":"wp","href":"https:\/\/api.w.org\/{rel}","templated":true}]}}