{"id":5737267,"date":"2026-02-05T11:11:31","date_gmt":"2026-02-05T10:11:31","guid":{"rendered":"https:\/\/stoic-curie.212-227-153-4.plesk.page\/product\/anodna-oprema-za-mercury-75-150ks\/"},"modified":"2026-02-25T00:01:53","modified_gmt":"2026-02-25T00:01:53","slug":"anodna-oprema-za-mercury-75-150ks","status":"publish","type":"product","link":"https:\/\/stoic-curie.212-227-153-4.plesk.page\/hr\/product\/anodna-oprema-za-mercury-75-150ks\/","title":{"rendered":"Anodna oprema za Mercury 75\u2013150ks"},"content":{"rendered":"<p>Anodna oprema za Mercury 75\u2013150ks &#8211; <\/p>\n<p>Na\u0161 anodni set te\u017ei 50% manje od tradicionalnih cinkovih anoda dok pru\u017ea istu razinu za\u0161tite. Uklju\u010duje: <br \/>1 x 8M0057772 <br \/>1 x 762145Q <br \/>2 x 826134Q<\/p>\n","protected":false},"excerpt":{"rendered":"<p>Anodna oprema za Mercury 75\u2013150ks &#8211; Na\u0161 anodni set te\u017ei 50% manje od tradicionalnih cinkovih anoda dok pru\u017ea istu razinu<\/p>\n","protected":false},"featured_media":5735758,"comment_status":"open","ping_status":"closed","template":"","meta":[],"product_brand":[3126],"product_cat":[1815],"product_tag":[],"class_list":{"0":"post-5737267","1":"product","2":"type-product","3":"status-publish","4":"has-post-thumbnail","6":"product_brand-martyr-hr","7":"product_cat-rezervni-dijelovi-za-vanbrodske-motore-mercury-i-mariner","9":"first","10":"instock","11":"shipping-taxable","12":"purchasable","13":"product-type-simple"},"_links":{"self":[{"href":"https:\/\/stoic-curie.212-227-153-4.plesk.page\/hr\/wp-json\/wp\/v2\/product\/5737267","targetHints":{"allow":["GET"]}}],"collection":[{"href":"https:\/\/stoic-curie.212-227-153-4.plesk.page\/hr\/wp-json\/wp\/v2\/product"}],"about":[{"href":"https:\/\/stoic-curie.212-227-153-4.plesk.page\/hr\/wp-json\/wp\/v2\/types\/product"}],"replies":[{"embeddable":true,"href":"https:\/\/stoic-curie.212-227-153-4.plesk.page\/hr\/wp-json\/wp\/v2\/comments?post=5737267"}],"version-history":[{"count":0,"href":"https:\/\/stoic-curie.212-227-153-4.plesk.page\/hr\/wp-json\/wp\/v2\/product\/5737267\/revisions"}],"wp:featuredmedia":[{"embeddable":true,"href":"https:\/\/stoic-curie.212-227-153-4.plesk.page\/hr\/wp-json\/wp\/v2\/media\/5735758"}],"wp:attachment":[{"href":"https:\/\/stoic-curie.212-227-153-4.plesk.page\/hr\/wp-json\/wp\/v2\/media?parent=5737267"}],"wp:term":[{"taxonomy":"product_brand","embeddable":true,"href":"https:\/\/stoic-curie.212-227-153-4.plesk.page\/hr\/wp-json\/wp\/v2\/product_brand?post=5737267"},{"taxonomy":"product_cat","embeddable":true,"href":"https:\/\/stoic-curie.212-227-153-4.plesk.page\/hr\/wp-json\/wp\/v2\/product_cat?post=5737267"},{"taxonomy":"product_tag","embeddable":true,"href":"https:\/\/stoic-curie.212-227-153-4.plesk.page\/hr\/wp-json\/wp\/v2\/product_tag?post=5737267"}],"curies":[{"name":"wp","href":"https:\/\/api.w.org\/{rel}","templated":true}]}}