{"id":5737268,"date":"2026-02-05T11:11:32","date_gmt":"2026-02-05T10:11:32","guid":{"rendered":"https:\/\/stoic-curie.212-227-153-4.plesk.page\/product\/kit-anoda-za-suzuki-150-350-ks\/"},"modified":"2026-02-25T00:01:53","modified_gmt":"2026-02-25T00:01:53","slug":"kit-anoda-za-suzuki-150-350-ks","status":"publish","type":"product","link":"https:\/\/stoic-curie.212-227-153-4.plesk.page\/hr\/product\/kit-anoda-za-suzuki-150-350-ks\/","title":{"rendered":"Kit anoda za Suzuki 150\u2013350 KS"},"content":{"rendered":"<p>Kit anoda za Suzuki 150\u2013350 KS &#8211; <\/p>\n<p>Martyr kit anoda za Suzuki 150\u2013350 KS izra\u0111en od M2 aluminijske legure. Ove anode te\u017ee 50% manje od tradicionalnih cinkovih anoda, a pru\u017eaju istu razinu za\u0161tite. Kit uklju\u010duje: 1 x 55320-94900, 3 x 55320-95310, 8 x 55321-87J00<\/p>\n","protected":false},"excerpt":{"rendered":"<p>Kit anoda za Suzuki 150\u2013350 KS &#8211; Martyr kit anoda za Suzuki 150\u2013350 KS izra\u0111en od M2 aluminijske legure. Ove<\/p>\n","protected":false},"featured_media":5735760,"comment_status":"open","ping_status":"closed","template":"","meta":[],"product_brand":[3126],"product_cat":[1832],"product_tag":[],"class_list":{"0":"post-5737268","1":"product","2":"type-product","3":"status-publish","4":"has-post-thumbnail","6":"product_brand-martyr-hr","7":"product_cat-rezervni-dijelovi-za-vanbrodske-motore-suzuki","9":"first","10":"instock","11":"shipping-taxable","12":"purchasable","13":"product-type-simple"},"_links":{"self":[{"href":"https:\/\/stoic-curie.212-227-153-4.plesk.page\/hr\/wp-json\/wp\/v2\/product\/5737268","targetHints":{"allow":["GET"]}}],"collection":[{"href":"https:\/\/stoic-curie.212-227-153-4.plesk.page\/hr\/wp-json\/wp\/v2\/product"}],"about":[{"href":"https:\/\/stoic-curie.212-227-153-4.plesk.page\/hr\/wp-json\/wp\/v2\/types\/product"}],"replies":[{"embeddable":true,"href":"https:\/\/stoic-curie.212-227-153-4.plesk.page\/hr\/wp-json\/wp\/v2\/comments?post=5737268"}],"version-history":[{"count":0,"href":"https:\/\/stoic-curie.212-227-153-4.plesk.page\/hr\/wp-json\/wp\/v2\/product\/5737268\/revisions"}],"wp:featuredmedia":[{"embeddable":true,"href":"https:\/\/stoic-curie.212-227-153-4.plesk.page\/hr\/wp-json\/wp\/v2\/media\/5735760"}],"wp:attachment":[{"href":"https:\/\/stoic-curie.212-227-153-4.plesk.page\/hr\/wp-json\/wp\/v2\/media?parent=5737268"}],"wp:term":[{"taxonomy":"product_brand","embeddable":true,"href":"https:\/\/stoic-curie.212-227-153-4.plesk.page\/hr\/wp-json\/wp\/v2\/product_brand?post=5737268"},{"taxonomy":"product_cat","embeddable":true,"href":"https:\/\/stoic-curie.212-227-153-4.plesk.page\/hr\/wp-json\/wp\/v2\/product_cat?post=5737268"},{"taxonomy":"product_tag","embeddable":true,"href":"https:\/\/stoic-curie.212-227-153-4.plesk.page\/hr\/wp-json\/wp\/v2\/product_tag?post=5737268"}],"curies":[{"name":"wp","href":"https:\/\/api.w.org\/{rel}","templated":true}]}}