{"id":5737295,"date":"2026-02-05T11:11:59","date_gmt":"2026-02-05T10:11:59","guid":{"rendered":"https:\/\/stoic-curie.212-227-153-4.plesk.page\/product\/kits-za-popravak-pumpa-za-vodu-i-pogonske-jedinice-za-johnson-evinrude-vanbrodske-motore-original-438592-kod-motora-40-50\/"},"modified":"2026-02-25T00:02:11","modified_gmt":"2026-02-25T00:02:11","slug":"kits-za-popravak-pumpa-za-vodu-i-pogonske-jedinice-za-johnson-evinrude-vanbrodske-motore-original-438592-kod-motora-40-50","status":"publish","type":"product","link":"https:\/\/stoic-curie.212-227-153-4.plesk.page\/hr\/product\/kits-za-popravak-pumpa-za-vodu-i-pogonske-jedinice-za-johnson-evinrude-vanbrodske-motore-original-438592-kod-motora-40-50\/","title":{"rendered":"Kits za popravak pumpa za vodu i pogonske jedinice za Johnson-Evinrude vanbrodske motore Original 438592 kod motora 40\/50"},"content":{"rendered":"<p>Kits za popravak pumpa za vodu i pogonske jedinice za Johnson-Evinrude vanbrodske motore Original 438592 kod motora 40\/50 &#8211; Ovaj originalni reparacijski kit posebno je dizajniran za Johnson-Evinrude vanbrodske motore. Sadr\u017ei sve potrebne komponente za odr\u017eavanje i popravak pumpe za vodu i pogonske jedinice, osiguravaju\u0107i optimalne performanse i pouzdanost.<\/p>\n","protected":false},"excerpt":{"rendered":"<p>Kits za popravak pumpa za vodu i pogonske jedinice za Johnson-Evinrude vanbrodske motore Original 438592 kod motora 40\/50 &#8211; Ovaj<\/p>\n","protected":false},"featured_media":5736096,"comment_status":"open","ping_status":"closed","template":"","meta":[],"product_brand":[3391],"product_cat":[1821],"product_tag":[],"class_list":{"0":"post-5737295","1":"product","2":"type-product","3":"status-publish","4":"has-post-thumbnail","6":"product_brand-sierra-marine-hr","7":"product_cat-rezervni-dijelovi-za-vanbrodske-motore-johnson-i-evinrude","9":"first","10":"instock","11":"shipping-taxable","12":"purchasable","13":"product-type-simple"},"_links":{"self":[{"href":"https:\/\/stoic-curie.212-227-153-4.plesk.page\/hr\/wp-json\/wp\/v2\/product\/5737295","targetHints":{"allow":["GET"]}}],"collection":[{"href":"https:\/\/stoic-curie.212-227-153-4.plesk.page\/hr\/wp-json\/wp\/v2\/product"}],"about":[{"href":"https:\/\/stoic-curie.212-227-153-4.plesk.page\/hr\/wp-json\/wp\/v2\/types\/product"}],"replies":[{"embeddable":true,"href":"https:\/\/stoic-curie.212-227-153-4.plesk.page\/hr\/wp-json\/wp\/v2\/comments?post=5737295"}],"version-history":[{"count":0,"href":"https:\/\/stoic-curie.212-227-153-4.plesk.page\/hr\/wp-json\/wp\/v2\/product\/5737295\/revisions"}],"wp:featuredmedia":[{"embeddable":true,"href":"https:\/\/stoic-curie.212-227-153-4.plesk.page\/hr\/wp-json\/wp\/v2\/media\/5736096"}],"wp:attachment":[{"href":"https:\/\/stoic-curie.212-227-153-4.plesk.page\/hr\/wp-json\/wp\/v2\/media?parent=5737295"}],"wp:term":[{"taxonomy":"product_brand","embeddable":true,"href":"https:\/\/stoic-curie.212-227-153-4.plesk.page\/hr\/wp-json\/wp\/v2\/product_brand?post=5737295"},{"taxonomy":"product_cat","embeddable":true,"href":"https:\/\/stoic-curie.212-227-153-4.plesk.page\/hr\/wp-json\/wp\/v2\/product_cat?post=5737295"},{"taxonomy":"product_tag","embeddable":true,"href":"https:\/\/stoic-curie.212-227-153-4.plesk.page\/hr\/wp-json\/wp\/v2\/product_tag?post=5737295"}],"curies":[{"name":"wp","href":"https:\/\/api.w.org\/{rel}","templated":true}]}}