{"id":5737298,"date":"2026-02-05T11:12:02","date_gmt":"2026-02-05T10:12:02","guid":{"rendered":"https:\/\/stoic-curie.212-227-153-4.plesk.page\/product\/supa-za-upijanje-ugljikovodika\/"},"modified":"2026-02-25T00:02:11","modified_gmt":"2026-02-25T00:02:11","slug":"supa-za-upijanje-ugljikovodika","status":"publish","type":"product","link":"https:\/\/stoic-curie.212-227-153-4.plesk.page\/hr\/product\/supa-za-upijanje-ugljikovodika\/","title":{"rendered":"Supa za upijanje ugljikovodika"},"content":{"rendered":"<p>Supa za upijanje ugljikovodika &#8211; <\/p>\n<p>Jednokratna plutaju\u0107a upijaju\u0107a vre\u0107a izra\u0111ena od posebnog materijala koji upija ulje i ugljikovodike, ali ne i vodu. Idealna za zadr\u017eavanje i upijanje izlijevanja na moru i za zatvaranje podru\u010dja pogo\u0111enih curenjem.<\/p>\n","protected":false},"excerpt":{"rendered":"<p>Supa za upijanje ugljikovodika &#8211; Jednokratna plutaju\u0107a upijaju\u0107a vre\u0107a izra\u0111ena od posebnog materijala koji upija ulje i ugljikovodike, ali ne<\/p>\n","protected":false},"featured_media":5736113,"comment_status":"open","ping_status":"closed","template":"","meta":[],"product_brand":[3206],"product_cat":[1630],"product_tag":[],"class_list":{"0":"post-5737298","1":"product","2":"type-product","3":"status-publish","4":"has-post-thumbnail","6":"product_brand-nova-argonautica-hr","7":"product_cat-absorbenti-za-ulje-i-gorivo","9":"first","10":"instock","11":"shipping-taxable","12":"purchasable","13":"product-type-simple"},"_links":{"self":[{"href":"https:\/\/stoic-curie.212-227-153-4.plesk.page\/hr\/wp-json\/wp\/v2\/product\/5737298","targetHints":{"allow":["GET"]}}],"collection":[{"href":"https:\/\/stoic-curie.212-227-153-4.plesk.page\/hr\/wp-json\/wp\/v2\/product"}],"about":[{"href":"https:\/\/stoic-curie.212-227-153-4.plesk.page\/hr\/wp-json\/wp\/v2\/types\/product"}],"replies":[{"embeddable":true,"href":"https:\/\/stoic-curie.212-227-153-4.plesk.page\/hr\/wp-json\/wp\/v2\/comments?post=5737298"}],"version-history":[{"count":0,"href":"https:\/\/stoic-curie.212-227-153-4.plesk.page\/hr\/wp-json\/wp\/v2\/product\/5737298\/revisions"}],"wp:featuredmedia":[{"embeddable":true,"href":"https:\/\/stoic-curie.212-227-153-4.plesk.page\/hr\/wp-json\/wp\/v2\/media\/5736113"}],"wp:attachment":[{"href":"https:\/\/stoic-curie.212-227-153-4.plesk.page\/hr\/wp-json\/wp\/v2\/media?parent=5737298"}],"wp:term":[{"taxonomy":"product_brand","embeddable":true,"href":"https:\/\/stoic-curie.212-227-153-4.plesk.page\/hr\/wp-json\/wp\/v2\/product_brand?post=5737298"},{"taxonomy":"product_cat","embeddable":true,"href":"https:\/\/stoic-curie.212-227-153-4.plesk.page\/hr\/wp-json\/wp\/v2\/product_cat?post=5737298"},{"taxonomy":"product_tag","embeddable":true,"href":"https:\/\/stoic-curie.212-227-153-4.plesk.page\/hr\/wp-json\/wp\/v2\/product_tag?post=5737298"}],"curies":[{"name":"wp","href":"https:\/\/api.w.org\/{rel}","templated":true}]}}