{"id":5756040,"date":"2026-02-12T13:44:53","date_gmt":"2026-02-12T12:44:53","guid":{"rendered":"https:\/\/stoic-curie.212-227-153-4.plesk.page\/product\/yamaha-nehrdajuci-propeler-14-x-19\/"},"modified":"2026-02-25T00:02:19","modified_gmt":"2026-02-25T00:02:19","slug":"yamaha-nehrdajuci-propeler-14-x-19","status":"publish","type":"product","link":"https:\/\/stoic-curie.212-227-153-4.plesk.page\/hr\/product\/yamaha-nehrdajuci-propeler-14-x-19\/","title":{"rendered":"Yamaha &#8211; Nehr\u0111aju\u0107i propeler 14 x 19"},"content":{"rendered":"<p>Yamaha &#8211; Nehr\u0111aju\u0107i propeler 14 x 19 &#8211; <\/p>\n<p>Izra\u0111en od A4 Duplex ASTM-A890 nehr\u0111aju\u0107eg \u010delika 3D lasersko skeniranje za stati\u010dku i dinami\u010dku kontrolu ogledalo polirano elektroliznom tehnologijom visoka u\u010dinkovitost i smanjena potro\u0161nja zahvaljuju\u0107i savr\u0161enom oblikovanju\u00a0<\/p>\n","protected":false},"excerpt":{"rendered":"<p>Yamaha &#8211; Nehr\u0111aju\u0107i propeler 14 x 19 &#8211; Izra\u0111en od A4 Duplex ASTM-A890 nehr\u0111aju\u0107eg \u010delika 3D lasersko skeniranje za stati\u010dku<\/p>\n","protected":false},"featured_media":5949020,"comment_status":"open","ping_status":"closed","template":"","meta":[],"product_brand":[3391],"product_cat":[1803,1831],"product_tag":[],"class_list":{"0":"post-5756040","1":"product","2":"type-product","3":"status-publish","4":"has-post-thumbnail","6":"product_brand-sierra-marine-hr","7":"product_cat-propeleri-za-vanbrodske-motore","8":"product_cat-rezervni-dijelovi-za-vanbrodske-motore-yamaha","10":"first","11":"instock","12":"shipping-taxable","13":"purchasable","14":"product-type-simple"},"_links":{"self":[{"href":"https:\/\/stoic-curie.212-227-153-4.plesk.page\/hr\/wp-json\/wp\/v2\/product\/5756040","targetHints":{"allow":["GET"]}}],"collection":[{"href":"https:\/\/stoic-curie.212-227-153-4.plesk.page\/hr\/wp-json\/wp\/v2\/product"}],"about":[{"href":"https:\/\/stoic-curie.212-227-153-4.plesk.page\/hr\/wp-json\/wp\/v2\/types\/product"}],"replies":[{"embeddable":true,"href":"https:\/\/stoic-curie.212-227-153-4.plesk.page\/hr\/wp-json\/wp\/v2\/comments?post=5756040"}],"version-history":[{"count":0,"href":"https:\/\/stoic-curie.212-227-153-4.plesk.page\/hr\/wp-json\/wp\/v2\/product\/5756040\/revisions"}],"wp:featuredmedia":[{"embeddable":true,"href":"https:\/\/stoic-curie.212-227-153-4.plesk.page\/hr\/wp-json\/wp\/v2\/media\/5949020"}],"wp:attachment":[{"href":"https:\/\/stoic-curie.212-227-153-4.plesk.page\/hr\/wp-json\/wp\/v2\/media?parent=5756040"}],"wp:term":[{"taxonomy":"product_brand","embeddable":true,"href":"https:\/\/stoic-curie.212-227-153-4.plesk.page\/hr\/wp-json\/wp\/v2\/product_brand?post=5756040"},{"taxonomy":"product_cat","embeddable":true,"href":"https:\/\/stoic-curie.212-227-153-4.plesk.page\/hr\/wp-json\/wp\/v2\/product_cat?post=5756040"},{"taxonomy":"product_tag","embeddable":true,"href":"https:\/\/stoic-curie.212-227-153-4.plesk.page\/hr\/wp-json\/wp\/v2\/product_tag?post=5756040"}],"curies":[{"name":"wp","href":"https:\/\/api.w.org\/{rel}","templated":true}]}}