{"id":5756053,"date":"2026-02-12T13:45:04","date_gmt":"2026-02-12T12:45:04","guid":{"rendered":"https:\/\/stoic-curie.212-227-153-4.plesk.page\/product\/usb-punjac-stolic-ventilator-dim-o-17-x-h28-cm\/"},"modified":"2026-02-25T00:01:28","modified_gmt":"2026-02-25T00:01:28","slug":"usb-punjac-stolic-ventilator-dim-o-17-x-h28-cm","status":"publish","type":"product","link":"https:\/\/stoic-curie.212-227-153-4.plesk.page\/hr\/product\/usb-punjac-stolic-ventilator-dim-o-17-x-h28-cm\/","title":{"rendered":"USB Punja\u010d Stoli\u0107 Ventilator Dim \u00d8 17 x H28 cm"},"content":{"rendered":"<p>USB Punja\u010d Stoli\u0107 Ventilator Dim \u00d8 17 x H28 cm &#8211; <\/p>\n<p>Univerzalni be\u017ei\u010dni stolni ventilator s litijskom baterijom koja se puni putem USB priklju\u010dka. Ventilator s vi\u0161epolo\u017eajnom podesivom re\u0161etkom i kukom za monta\u017eu na zid. Tri brzine protoka zraka s autonomijom do 15 sati (niska brzina).<\/p>\n","protected":false},"excerpt":{"rendered":"<p>USB Punja\u010d Stoli\u0107 Ventilator Dim \u00d8 17 x H28 cm &#8211; Univerzalni be\u017ei\u010dni stolni ventilator s litijskom baterijom koja se<\/p>\n","protected":false},"featured_media":5752173,"comment_status":"open","ping_status":"closed","template":"","meta":[],"product_brand":[2831],"product_cat":[1647],"product_tag":[],"class_list":{"0":"post-5756053","1":"product","2":"type-product","3":"status-publish","4":"has-post-thumbnail","6":"product_brand-blue-sea-systems-hr","7":"product_cat-uredaji-za-brodske-kuhinje","9":"first","10":"instock","11":"shipping-taxable","12":"purchasable","13":"product-type-simple"},"_links":{"self":[{"href":"https:\/\/stoic-curie.212-227-153-4.plesk.page\/hr\/wp-json\/wp\/v2\/product\/5756053","targetHints":{"allow":["GET"]}}],"collection":[{"href":"https:\/\/stoic-curie.212-227-153-4.plesk.page\/hr\/wp-json\/wp\/v2\/product"}],"about":[{"href":"https:\/\/stoic-curie.212-227-153-4.plesk.page\/hr\/wp-json\/wp\/v2\/types\/product"}],"replies":[{"embeddable":true,"href":"https:\/\/stoic-curie.212-227-153-4.plesk.page\/hr\/wp-json\/wp\/v2\/comments?post=5756053"}],"version-history":[{"count":0,"href":"https:\/\/stoic-curie.212-227-153-4.plesk.page\/hr\/wp-json\/wp\/v2\/product\/5756053\/revisions"}],"wp:featuredmedia":[{"embeddable":true,"href":"https:\/\/stoic-curie.212-227-153-4.plesk.page\/hr\/wp-json\/wp\/v2\/media\/5752173"}],"wp:attachment":[{"href":"https:\/\/stoic-curie.212-227-153-4.plesk.page\/hr\/wp-json\/wp\/v2\/media?parent=5756053"}],"wp:term":[{"taxonomy":"product_brand","embeddable":true,"href":"https:\/\/stoic-curie.212-227-153-4.plesk.page\/hr\/wp-json\/wp\/v2\/product_brand?post=5756053"},{"taxonomy":"product_cat","embeddable":true,"href":"https:\/\/stoic-curie.212-227-153-4.plesk.page\/hr\/wp-json\/wp\/v2\/product_cat?post=5756053"},{"taxonomy":"product_tag","embeddable":true,"href":"https:\/\/stoic-curie.212-227-153-4.plesk.page\/hr\/wp-json\/wp\/v2\/product_tag?post=5756053"}],"curies":[{"name":"wp","href":"https:\/\/api.w.org\/{rel}","templated":true}]}}