{"id":5756054,"date":"2026-02-12T13:45:05","date_gmt":"2026-02-12T12:45:05","guid":{"rendered":"https:\/\/stoic-curie.212-227-153-4.plesk.page\/product\/parker-kuhinjski-stednjak-od-nehrdajuceg-celika-dim-580-x-300-x-h120-mm\/"},"modified":"2026-02-25T00:01:28","modified_gmt":"2026-02-25T00:01:28","slug":"parker-kuhinjski-stednjak-od-nehrdajuceg-celika-dim-580-x-300-x-h120-mm","status":"publish","type":"product","link":"https:\/\/stoic-curie.212-227-153-4.plesk.page\/hr\/product\/parker-kuhinjski-stednjak-od-nehrdajuceg-celika-dim-580-x-300-x-h120-mm\/","title":{"rendered":"Parker kuhinjski \u0161tednjak od nehr\u0111aju\u0107eg \u010delika DIM 580 x 300 x H120 mm"},"content":{"rendered":"<p>Parker kuhinjski \u0161tednjak od nehr\u0111aju\u0107eg \u010delika DIM 580 x 300 x H120 mm &#8211; <\/p>\n<p>Ovaj kuhinjski \u0161tednjak ima poklopac i izdr\u017eljivu povr\u0161inu od nehr\u0111aju\u0107eg \u010delika. Opremljen je sigurnosnim termoelementima, Pyral legurama, pre\u0161o mesingom za raspr\u0161iva\u010de plamena i kontinuiranim kromiranim \u010deli\u010dnim podr\u017eava\u010dem tave. Snaga plamenika iznosi 1500\/2000W.<\/p>\n","protected":false},"excerpt":{"rendered":"<p>Parker kuhinjski \u0161tednjak od nehr\u0111aju\u0107eg \u010delika DIM 580 x 300 x H120 mm &#8211; Ovaj kuhinjski \u0161tednjak ima poklopac i<\/p>\n","protected":false},"featured_media":5752182,"comment_status":"open","ping_status":"closed","template":"","meta":[],"product_brand":[3206],"product_cat":[1641],"product_tag":[],"class_list":{"0":"post-5756054","1":"product","2":"type-product","3":"status-publish","4":"has-post-thumbnail","6":"product_brand-nova-argonautica-hr","7":"product_cat-brodski-stednjaci","9":"first","10":"instock","11":"shipping-taxable","12":"purchasable","13":"product-type-simple"},"_links":{"self":[{"href":"https:\/\/stoic-curie.212-227-153-4.plesk.page\/hr\/wp-json\/wp\/v2\/product\/5756054","targetHints":{"allow":["GET"]}}],"collection":[{"href":"https:\/\/stoic-curie.212-227-153-4.plesk.page\/hr\/wp-json\/wp\/v2\/product"}],"about":[{"href":"https:\/\/stoic-curie.212-227-153-4.plesk.page\/hr\/wp-json\/wp\/v2\/types\/product"}],"replies":[{"embeddable":true,"href":"https:\/\/stoic-curie.212-227-153-4.plesk.page\/hr\/wp-json\/wp\/v2\/comments?post=5756054"}],"version-history":[{"count":0,"href":"https:\/\/stoic-curie.212-227-153-4.plesk.page\/hr\/wp-json\/wp\/v2\/product\/5756054\/revisions"}],"wp:featuredmedia":[{"embeddable":true,"href":"https:\/\/stoic-curie.212-227-153-4.plesk.page\/hr\/wp-json\/wp\/v2\/media\/5752182"}],"wp:attachment":[{"href":"https:\/\/stoic-curie.212-227-153-4.plesk.page\/hr\/wp-json\/wp\/v2\/media?parent=5756054"}],"wp:term":[{"taxonomy":"product_brand","embeddable":true,"href":"https:\/\/stoic-curie.212-227-153-4.plesk.page\/hr\/wp-json\/wp\/v2\/product_brand?post=5756054"},{"taxonomy":"product_cat","embeddable":true,"href":"https:\/\/stoic-curie.212-227-153-4.plesk.page\/hr\/wp-json\/wp\/v2\/product_cat?post=5756054"},{"taxonomy":"product_tag","embeddable":true,"href":"https:\/\/stoic-curie.212-227-153-4.plesk.page\/hr\/wp-json\/wp\/v2\/product_tag?post=5756054"}],"curies":[{"name":"wp","href":"https:\/\/api.w.org\/{rel}","templated":true}]}}