{"id":5756055,"date":"2026-02-12T13:45:06","date_gmt":"2026-02-12T12:45:06","guid":{"rendered":"https:\/\/stoic-curie.212-227-153-4.plesk.page\/product\/parker-crna-plina-450-x-360-x-h150-mm\/"},"modified":"2026-02-25T00:01:28","modified_gmt":"2026-02-25T00:01:28","slug":"parker-crna-plina-450-x-360-x-h150-mm","status":"publish","type":"product","link":"https:\/\/stoic-curie.212-227-153-4.plesk.page\/hr\/product\/parker-crna-plina-450-x-360-x-h150-mm\/","title":{"rendered":"Parker Crna Plina 450 x 360 x H150 mm"},"content":{"rendered":"<p>Parker Crna Plina 450 x 360 x H150 mm &#8211; <\/p>\n<p>Ova plinska kuhalna plo\u010da ima poklopac i uklonjivu nehr\u0111aju\u0107u povr\u0161inu koja omogu\u0107ava lako i brzo \u010di\u0161\u0107enje. Opremljena je sigurnosnim termoelementima, Pyral legura plamenicima i crno emajliranim dijelovima koji raspore\u0111uju plamen s re\u0161etkom. Snaga plamenika: 1500\/2500W.<\/p>\n","protected":false},"excerpt":{"rendered":"<p>Parker Crna Plina 450 x 360 x H150 mm &#8211; Ova plinska kuhalna plo\u010da ima poklopac i uklonjivu nehr\u0111aju\u0107u povr\u0161inu<\/p>\n","protected":false},"featured_media":5752184,"comment_status":"open","ping_status":"closed","template":"","meta":[],"product_brand":[3206],"product_cat":[1641],"product_tag":[],"class_list":{"0":"post-5756055","1":"product","2":"type-product","3":"status-publish","4":"has-post-thumbnail","6":"product_brand-nova-argonautica-hr","7":"product_cat-brodski-stednjaci","9":"first","10":"instock","11":"shipping-taxable","12":"purchasable","13":"product-type-simple"},"_links":{"self":[{"href":"https:\/\/stoic-curie.212-227-153-4.plesk.page\/hr\/wp-json\/wp\/v2\/product\/5756055","targetHints":{"allow":["GET"]}}],"collection":[{"href":"https:\/\/stoic-curie.212-227-153-4.plesk.page\/hr\/wp-json\/wp\/v2\/product"}],"about":[{"href":"https:\/\/stoic-curie.212-227-153-4.plesk.page\/hr\/wp-json\/wp\/v2\/types\/product"}],"replies":[{"embeddable":true,"href":"https:\/\/stoic-curie.212-227-153-4.plesk.page\/hr\/wp-json\/wp\/v2\/comments?post=5756055"}],"version-history":[{"count":0,"href":"https:\/\/stoic-curie.212-227-153-4.plesk.page\/hr\/wp-json\/wp\/v2\/product\/5756055\/revisions"}],"wp:featuredmedia":[{"embeddable":true,"href":"https:\/\/stoic-curie.212-227-153-4.plesk.page\/hr\/wp-json\/wp\/v2\/media\/5752184"}],"wp:attachment":[{"href":"https:\/\/stoic-curie.212-227-153-4.plesk.page\/hr\/wp-json\/wp\/v2\/media?parent=5756055"}],"wp:term":[{"taxonomy":"product_brand","embeddable":true,"href":"https:\/\/stoic-curie.212-227-153-4.plesk.page\/hr\/wp-json\/wp\/v2\/product_brand?post=5756055"},{"taxonomy":"product_cat","embeddable":true,"href":"https:\/\/stoic-curie.212-227-153-4.plesk.page\/hr\/wp-json\/wp\/v2\/product_cat?post=5756055"},{"taxonomy":"product_tag","embeddable":true,"href":"https:\/\/stoic-curie.212-227-153-4.plesk.page\/hr\/wp-json\/wp\/v2\/product_tag?post=5756055"}],"curies":[{"name":"wp","href":"https:\/\/api.w.org\/{rel}","templated":true}]}}