{"id":5756056,"date":"2026-02-12T13:45:06","date_gmt":"2026-02-12T12:45:06","guid":{"rendered":"https:\/\/stoic-curie.212-227-153-4.plesk.page\/product\/produziva-tusa-crijevo-od-1-do-3-metra\/"},"modified":"2026-02-25T00:01:28","modified_gmt":"2026-02-25T00:01:28","slug":"produziva-tusa-crijevo-od-1-do-3-metra","status":"publish","type":"product","link":"https:\/\/stoic-curie.212-227-153-4.plesk.page\/hr\/product\/produziva-tusa-crijevo-od-1-do-3-metra\/","title":{"rendered":"Produ\u017eiva tu\u0161a crijevo od 1 do 3 metra"},"content":{"rendered":"<p>Produ\u017eiva tu\u0161a crijevo od 1 do 3 metra &#8211; <\/p>\n<p>Fleksibilno tu\u0161a crijevo od TPU-a, koje se prote\u017ee od 1 do 3 metra. Sa 1\/2&#8243; kromiranim mesing fitinzima.<\/p>\n","protected":false},"excerpt":{"rendered":"<p>Produ\u017eiva tu\u0161a crijevo od 1 do 3 metra &#8211; Fleksibilno tu\u0161a crijevo od TPU-a, koje se prote\u017ee od 1 do<\/p>\n","protected":false},"featured_media":5752191,"comment_status":"open","ping_status":"closed","template":"","meta":[],"product_brand":[3201],"product_cat":[1652],"product_tag":[],"class_list":{"0":"post-5756056","1":"product","2":"type-product","3":"status-publish","4":"has-post-thumbnail","6":"product_brand-nobili-hr","7":"product_cat-brodski-tusevi","9":"first","10":"instock","11":"shipping-taxable","12":"purchasable","13":"product-type-simple"},"_links":{"self":[{"href":"https:\/\/stoic-curie.212-227-153-4.plesk.page\/hr\/wp-json\/wp\/v2\/product\/5756056","targetHints":{"allow":["GET"]}}],"collection":[{"href":"https:\/\/stoic-curie.212-227-153-4.plesk.page\/hr\/wp-json\/wp\/v2\/product"}],"about":[{"href":"https:\/\/stoic-curie.212-227-153-4.plesk.page\/hr\/wp-json\/wp\/v2\/types\/product"}],"replies":[{"embeddable":true,"href":"https:\/\/stoic-curie.212-227-153-4.plesk.page\/hr\/wp-json\/wp\/v2\/comments?post=5756056"}],"version-history":[{"count":0,"href":"https:\/\/stoic-curie.212-227-153-4.plesk.page\/hr\/wp-json\/wp\/v2\/product\/5756056\/revisions"}],"wp:featuredmedia":[{"embeddable":true,"href":"https:\/\/stoic-curie.212-227-153-4.plesk.page\/hr\/wp-json\/wp\/v2\/media\/5752191"}],"wp:attachment":[{"href":"https:\/\/stoic-curie.212-227-153-4.plesk.page\/hr\/wp-json\/wp\/v2\/media?parent=5756056"}],"wp:term":[{"taxonomy":"product_brand","embeddable":true,"href":"https:\/\/stoic-curie.212-227-153-4.plesk.page\/hr\/wp-json\/wp\/v2\/product_brand?post=5756056"},{"taxonomy":"product_cat","embeddable":true,"href":"https:\/\/stoic-curie.212-227-153-4.plesk.page\/hr\/wp-json\/wp\/v2\/product_cat?post=5756056"},{"taxonomy":"product_tag","embeddable":true,"href":"https:\/\/stoic-curie.212-227-153-4.plesk.page\/hr\/wp-json\/wp\/v2\/product_tag?post=5756056"}],"curies":[{"name":"wp","href":"https:\/\/api.w.org\/{rel}","templated":true}]}}