{"id":5756057,"date":"2026-02-12T13:45:07","date_gmt":"2026-02-12T12:45:07","guid":{"rendered":"https:\/\/stoic-curie.212-227-153-4.plesk.page\/product\/jabsco-kutija-za-spajanje-vode\/"},"modified":"2026-02-25T00:01:28","modified_gmt":"2026-02-25T00:01:28","slug":"jabsco-kutija-za-spajanje-vode","status":"publish","type":"product","link":"https:\/\/stoic-curie.212-227-153-4.plesk.page\/hr\/product\/jabsco-kutija-za-spajanje-vode\/","title":{"rendered":"Jabsco Kutija za Spajanje Vode"},"content":{"rendered":"<p>Jabsco Kutija za Spajanje Vode &#8211; <\/p>\n<p>Ova ukopana kutija za spajanje vode izra\u0111ena je od udarnootpornog plastike i dostupna je u elegantnoj bijeloj ili kromiranoj zavr\u0161noj obradi. Opremljena je smanjenjem tlaka od 3 bara koje \u0161titi va\u0161u plinovodnu opremu na brodu prilikom povezivanja na obalu vodoopskrbe. Ulaz je s 3\/4&#8243; \u017eenskim navojem, a izlaz uklju\u010duje 12 mm cevi bradavicu.<\/p>\n","protected":false},"excerpt":{"rendered":"<p>Jabsco Kutija za Spajanje Vode &#8211; Ova ukopana kutija za spajanje vode izra\u0111ena je od udarnootpornog plastike i dostupna je<\/p>\n","protected":false},"featured_media":5752194,"comment_status":"open","ping_status":"closed","template":"","meta":[],"product_brand":[3031],"product_cat":[1648,1660],"product_tag":[],"class_list":{"0":"post-5756057","1":"product","2":"type-product","3":"status-publish","4":"has-post-thumbnail","6":"product_brand-jabsco-marine-hr","7":"product_cat-pumpe-za-pranje-brodova","8":"product_cat-pumpe-za-tlak-vode","10":"first","11":"instock","12":"shipping-taxable","13":"purchasable","14":"product-type-simple"},"_links":{"self":[{"href":"https:\/\/stoic-curie.212-227-153-4.plesk.page\/hr\/wp-json\/wp\/v2\/product\/5756057","targetHints":{"allow":["GET"]}}],"collection":[{"href":"https:\/\/stoic-curie.212-227-153-4.plesk.page\/hr\/wp-json\/wp\/v2\/product"}],"about":[{"href":"https:\/\/stoic-curie.212-227-153-4.plesk.page\/hr\/wp-json\/wp\/v2\/types\/product"}],"replies":[{"embeddable":true,"href":"https:\/\/stoic-curie.212-227-153-4.plesk.page\/hr\/wp-json\/wp\/v2\/comments?post=5756057"}],"version-history":[{"count":0,"href":"https:\/\/stoic-curie.212-227-153-4.plesk.page\/hr\/wp-json\/wp\/v2\/product\/5756057\/revisions"}],"wp:featuredmedia":[{"embeddable":true,"href":"https:\/\/stoic-curie.212-227-153-4.plesk.page\/hr\/wp-json\/wp\/v2\/media\/5752194"}],"wp:attachment":[{"href":"https:\/\/stoic-curie.212-227-153-4.plesk.page\/hr\/wp-json\/wp\/v2\/media?parent=5756057"}],"wp:term":[{"taxonomy":"product_brand","embeddable":true,"href":"https:\/\/stoic-curie.212-227-153-4.plesk.page\/hr\/wp-json\/wp\/v2\/product_brand?post=5756057"},{"taxonomy":"product_cat","embeddable":true,"href":"https:\/\/stoic-curie.212-227-153-4.plesk.page\/hr\/wp-json\/wp\/v2\/product_cat?post=5756057"},{"taxonomy":"product_tag","embeddable":true,"href":"https:\/\/stoic-curie.212-227-153-4.plesk.page\/hr\/wp-json\/wp\/v2\/product_tag?post=5756057"}],"curies":[{"name":"wp","href":"https:\/\/api.w.org\/{rel}","templated":true}]}}