{"id":5756059,"date":"2026-02-12T13:45:08","date_gmt":"2026-02-12T12:45:08","guid":{"rendered":"https:\/\/stoic-curie.212-227-153-4.plesk.page\/product\/rucka-kljuca-za-poklopac-palube-135-mm\/"},"modified":"2026-02-25T00:01:28","modified_gmt":"2026-02-25T00:01:28","slug":"rucka-kljuca-za-poklopac-palube-135-mm","status":"publish","type":"product","link":"https:\/\/stoic-curie.212-227-153-4.plesk.page\/hr\/product\/rucka-kljuca-za-poklopac-palube-135-mm\/","title":{"rendered":"Ru\u010dka Klju\u010da za Poklopac Palube 135 mm"},"content":{"rendered":"<p>Ru\u010dka Klju\u010da za Poklopac Palube 135 mm &#8211; <\/p>\n<p>Kompozitna ru\u010dka dizajnirana za lako otvaranje i zatvaranje poklopaca palube.<\/p>\n","protected":false},"excerpt":{"rendered":"<p>Ru\u010dka Klju\u010da za Poklopac Palube 135 mm &#8211; Kompozitna ru\u010dka dizajnirana za lako otvaranje i zatvaranje poklopaca palube.<\/p>\n","protected":false},"featured_media":5752202,"comment_status":"open","ping_status":"closed","template":"","meta":[],"product_brand":[3356],"product_cat":[1801,1662],"product_tag":[],"class_list":{"0":"post-5756059","1":"product","2":"type-product","3":"status-publish","4":"has-post-thumbnail","6":"product_brand-seaflow-hr","7":"product_cat-cepovi-za-punjenje-goriva","8":"product_cat-filteri-za-vodu","10":"first","11":"instock","12":"shipping-taxable","13":"purchasable","14":"product-type-simple"},"_links":{"self":[{"href":"https:\/\/stoic-curie.212-227-153-4.plesk.page\/hr\/wp-json\/wp\/v2\/product\/5756059","targetHints":{"allow":["GET"]}}],"collection":[{"href":"https:\/\/stoic-curie.212-227-153-4.plesk.page\/hr\/wp-json\/wp\/v2\/product"}],"about":[{"href":"https:\/\/stoic-curie.212-227-153-4.plesk.page\/hr\/wp-json\/wp\/v2\/types\/product"}],"replies":[{"embeddable":true,"href":"https:\/\/stoic-curie.212-227-153-4.plesk.page\/hr\/wp-json\/wp\/v2\/comments?post=5756059"}],"version-history":[{"count":0,"href":"https:\/\/stoic-curie.212-227-153-4.plesk.page\/hr\/wp-json\/wp\/v2\/product\/5756059\/revisions"}],"wp:featuredmedia":[{"embeddable":true,"href":"https:\/\/stoic-curie.212-227-153-4.plesk.page\/hr\/wp-json\/wp\/v2\/media\/5752202"}],"wp:attachment":[{"href":"https:\/\/stoic-curie.212-227-153-4.plesk.page\/hr\/wp-json\/wp\/v2\/media?parent=5756059"}],"wp:term":[{"taxonomy":"product_brand","embeddable":true,"href":"https:\/\/stoic-curie.212-227-153-4.plesk.page\/hr\/wp-json\/wp\/v2\/product_brand?post=5756059"},{"taxonomy":"product_cat","embeddable":true,"href":"https:\/\/stoic-curie.212-227-153-4.plesk.page\/hr\/wp-json\/wp\/v2\/product_cat?post=5756059"},{"taxonomy":"product_tag","embeddable":true,"href":"https:\/\/stoic-curie.212-227-153-4.plesk.page\/hr\/wp-json\/wp\/v2\/product_tag?post=5756059"}],"curies":[{"name":"wp","href":"https:\/\/api.w.org\/{rel}","templated":true}]}}