{"id":5756060,"date":"2026-02-12T13:45:09","date_gmt":"2026-02-12T12:45:09","guid":{"rendered":"https:\/\/stoic-curie.212-227-153-4.plesk.page\/product\/broncana-anti-block-ventil-g-2-1-2-navoja\/"},"modified":"2026-02-25T00:01:28","modified_gmt":"2026-02-25T00:01:28","slug":"broncana-anti-block-ventil-g-2-1-2-navoja","status":"publish","type":"product","link":"https:\/\/stoic-curie.212-227-153-4.plesk.page\/hr\/product\/broncana-anti-block-ventil-g-2-1-2-navoja\/","title":{"rendered":"Bron\u010dana Anti-Block Ventil G 2 1\/2 Navoja (&#8220;"},"content":{"rendered":"<p>Bron\u010dana Anti-Block Ventil G 2 1\/2 Navoja (&#8221; &#8211; <\/p>\n<p>Bron\u010dani ventil punog protoka anti-block s neoprenim brtvama i termoplasti\u010dnim ru\u010dnim kota\u010dem. Ne blokira se \u010dak ni nakon dugo vremena neupotrebe. RINa certificiran, u skladu s UNI-EN ISO9093-1.<\/p>\n","protected":false},"excerpt":{"rendered":"<p>Bron\u010dana Anti-Block Ventil G 2 1\/2 Navoja (&#8221; &#8211; Bron\u010dani ventil punog protoka anti-block s neoprenim brtvama i termoplasti\u010dnim ru\u010dnim<\/p>\n","protected":false},"featured_media":5752204,"comment_status":"open","ping_status":"closed","template":"","meta":[],"product_brand":[2996],"product_cat":[1670,1669],"product_tag":[],"class_list":{"0":"post-5756060","1":"product","2":"type-product","3":"status-publish","4":"has-post-thumbnail","6":"product_brand-guidi-marine-hr","7":"product_cat-brodski-ventili","8":"product_cat-elementi-brodskog-sustava-vode-bronca","10":"first","11":"instock","12":"shipping-taxable","13":"purchasable","14":"product-type-simple"},"_links":{"self":[{"href":"https:\/\/stoic-curie.212-227-153-4.plesk.page\/hr\/wp-json\/wp\/v2\/product\/5756060","targetHints":{"allow":["GET"]}}],"collection":[{"href":"https:\/\/stoic-curie.212-227-153-4.plesk.page\/hr\/wp-json\/wp\/v2\/product"}],"about":[{"href":"https:\/\/stoic-curie.212-227-153-4.plesk.page\/hr\/wp-json\/wp\/v2\/types\/product"}],"replies":[{"embeddable":true,"href":"https:\/\/stoic-curie.212-227-153-4.plesk.page\/hr\/wp-json\/wp\/v2\/comments?post=5756060"}],"version-history":[{"count":0,"href":"https:\/\/stoic-curie.212-227-153-4.plesk.page\/hr\/wp-json\/wp\/v2\/product\/5756060\/revisions"}],"wp:featuredmedia":[{"embeddable":true,"href":"https:\/\/stoic-curie.212-227-153-4.plesk.page\/hr\/wp-json\/wp\/v2\/media\/5752204"}],"wp:attachment":[{"href":"https:\/\/stoic-curie.212-227-153-4.plesk.page\/hr\/wp-json\/wp\/v2\/media?parent=5756060"}],"wp:term":[{"taxonomy":"product_brand","embeddable":true,"href":"https:\/\/stoic-curie.212-227-153-4.plesk.page\/hr\/wp-json\/wp\/v2\/product_brand?post=5756060"},{"taxonomy":"product_cat","embeddable":true,"href":"https:\/\/stoic-curie.212-227-153-4.plesk.page\/hr\/wp-json\/wp\/v2\/product_cat?post=5756060"},{"taxonomy":"product_tag","embeddable":true,"href":"https:\/\/stoic-curie.212-227-153-4.plesk.page\/hr\/wp-json\/wp\/v2\/product_tag?post=5756060"}],"curies":[{"name":"wp","href":"https:\/\/api.w.org\/{rel}","templated":true}]}}