{"id":5756063,"date":"2026-02-12T13:45:11","date_gmt":"2026-02-12T12:45:11","guid":{"rendered":"https:\/\/stoic-curie.212-227-153-4.plesk.page\/product\/pn16-kompaktna-kuglasta-ventil-g-3-4-niti\/"},"modified":"2026-02-25T00:01:28","modified_gmt":"2026-02-25T00:01:28","slug":"pn16-kompaktna-kuglasta-ventil-g-3-4-niti","status":"publish","type":"product","link":"https:\/\/stoic-curie.212-227-153-4.plesk.page\/hr\/product\/pn16-kompaktna-kuglasta-ventil-g-3-4-niti\/","title":{"rendered":"PN16 Kompaktna Kuglasta Ventil G 3\/4 Niti"},"content":{"rendered":"<p>PN16 Kompaktna Kuglasta Ventil G 3\/4 Niti &#8211; <\/p>\n<p>Kompaktna kuglasta ventil izra\u0111ena od kompozitnog polipropilena oja\u010danog staklenim vlaknima. Certificirana od Bureau Veritas za nauti\u010dku uporabu. Opremljena EPDM O-prstenom, otporna na kemijsku i galvansku koroziju, tro\u0161enje i visoki tlak.<\/p>\n","protected":false},"excerpt":{"rendered":"<p>PN16 Kompaktna Kuglasta Ventil G 3\/4 Niti &#8211; Kompaktna kuglasta ventil izra\u0111ena od kompozitnog polipropilena oja\u010danog staklenim vlaknima. Certificirana od<\/p>\n","protected":false},"featured_media":5752208,"comment_status":"open","ping_status":"closed","template":"","meta":[],"product_brand":[3356],"product_cat":[1670,1661],"product_tag":[],"class_list":{"0":"post-5756063","1":"product","2":"type-product","3":"status-publish","4":"has-post-thumbnail","6":"product_brand-seaflow-hr","7":"product_cat-brodski-ventili","8":"product_cat-elementi-brodskog-vovovoda-plastika","10":"first","11":"instock","12":"shipping-taxable","13":"purchasable","14":"product-type-simple"},"_links":{"self":[{"href":"https:\/\/stoic-curie.212-227-153-4.plesk.page\/hr\/wp-json\/wp\/v2\/product\/5756063","targetHints":{"allow":["GET"]}}],"collection":[{"href":"https:\/\/stoic-curie.212-227-153-4.plesk.page\/hr\/wp-json\/wp\/v2\/product"}],"about":[{"href":"https:\/\/stoic-curie.212-227-153-4.plesk.page\/hr\/wp-json\/wp\/v2\/types\/product"}],"replies":[{"embeddable":true,"href":"https:\/\/stoic-curie.212-227-153-4.plesk.page\/hr\/wp-json\/wp\/v2\/comments?post=5756063"}],"version-history":[{"count":0,"href":"https:\/\/stoic-curie.212-227-153-4.plesk.page\/hr\/wp-json\/wp\/v2\/product\/5756063\/revisions"}],"wp:featuredmedia":[{"embeddable":true,"href":"https:\/\/stoic-curie.212-227-153-4.plesk.page\/hr\/wp-json\/wp\/v2\/media\/5752208"}],"wp:attachment":[{"href":"https:\/\/stoic-curie.212-227-153-4.plesk.page\/hr\/wp-json\/wp\/v2\/media?parent=5756063"}],"wp:term":[{"taxonomy":"product_brand","embeddable":true,"href":"https:\/\/stoic-curie.212-227-153-4.plesk.page\/hr\/wp-json\/wp\/v2\/product_brand?post=5756063"},{"taxonomy":"product_cat","embeddable":true,"href":"https:\/\/stoic-curie.212-227-153-4.plesk.page\/hr\/wp-json\/wp\/v2\/product_cat?post=5756063"},{"taxonomy":"product_tag","embeddable":true,"href":"https:\/\/stoic-curie.212-227-153-4.plesk.page\/hr\/wp-json\/wp\/v2\/product_tag?post=5756063"}],"curies":[{"name":"wp","href":"https:\/\/api.w.org\/{rel}","templated":true}]}}