{"id":5756075,"date":"2026-02-12T13:45:22","date_gmt":"2026-02-12T12:45:22","guid":{"rendered":"https:\/\/stoic-curie.212-227-153-4.plesk.page\/product\/pn16-kompaktna-3-smjerna-kuglasta-ventil-g-3-4-n-threading\/"},"modified":"2026-02-25T00:01:28","modified_gmt":"2026-02-25T00:01:28","slug":"pn16-kompaktna-3-smjerna-kuglasta-ventil-g-3-4-n-threading","status":"publish","type":"product","link":"https:\/\/stoic-curie.212-227-153-4.plesk.page\/hr\/product\/pn16-kompaktna-3-smjerna-kuglasta-ventil-g-3-4-n-threading\/","title":{"rendered":"Pn16 Kompaktna 3-smjerna Kuglasta Ventil G 3\/4 N threading"},"content":{"rendered":"<p>Pn16 Kompaktna 3-smjerna Kuglasta Ventil G 3\/4 N threading &#8211; <\/p>\n<p>Kompaktna 3-smjerna kuglasta ventil je izra\u0111ena od kompozitnog polipropilena oja\u010danog staklenim vlaknima. Certificirana je od strane Bureau Veritas za nauti\u010dku upotrebu i dolazi s EPDM O-prstenom. Ovaj ventil je otporan na kemijsku i galvansku koroziju, kao i na habanje i pritisak.<\/p>\n","protected":false},"excerpt":{"rendered":"<p>Pn16 Kompaktna 3-smjerna Kuglasta Ventil G 3\/4 N threading &#8211; Kompaktna 3-smjerna kuglasta ventil je izra\u0111ena od kompozitnog polipropilena oja\u010danog<\/p>\n","protected":false},"featured_media":5752232,"comment_status":"open","ping_status":"closed","template":"","meta":[],"product_brand":[3356],"product_cat":[1670,1661],"product_tag":[],"class_list":{"0":"post-5756075","1":"product","2":"type-product","3":"status-publish","4":"has-post-thumbnail","6":"product_brand-seaflow-hr","7":"product_cat-brodski-ventili","8":"product_cat-elementi-brodskog-vovovoda-plastika","10":"first","11":"instock","12":"shipping-taxable","13":"purchasable","14":"product-type-simple"},"_links":{"self":[{"href":"https:\/\/stoic-curie.212-227-153-4.plesk.page\/hr\/wp-json\/wp\/v2\/product\/5756075","targetHints":{"allow":["GET"]}}],"collection":[{"href":"https:\/\/stoic-curie.212-227-153-4.plesk.page\/hr\/wp-json\/wp\/v2\/product"}],"about":[{"href":"https:\/\/stoic-curie.212-227-153-4.plesk.page\/hr\/wp-json\/wp\/v2\/types\/product"}],"replies":[{"embeddable":true,"href":"https:\/\/stoic-curie.212-227-153-4.plesk.page\/hr\/wp-json\/wp\/v2\/comments?post=5756075"}],"version-history":[{"count":0,"href":"https:\/\/stoic-curie.212-227-153-4.plesk.page\/hr\/wp-json\/wp\/v2\/product\/5756075\/revisions"}],"wp:featuredmedia":[{"embeddable":true,"href":"https:\/\/stoic-curie.212-227-153-4.plesk.page\/hr\/wp-json\/wp\/v2\/media\/5752232"}],"wp:attachment":[{"href":"https:\/\/stoic-curie.212-227-153-4.plesk.page\/hr\/wp-json\/wp\/v2\/media?parent=5756075"}],"wp:term":[{"taxonomy":"product_brand","embeddable":true,"href":"https:\/\/stoic-curie.212-227-153-4.plesk.page\/hr\/wp-json\/wp\/v2\/product_brand?post=5756075"},{"taxonomy":"product_cat","embeddable":true,"href":"https:\/\/stoic-curie.212-227-153-4.plesk.page\/hr\/wp-json\/wp\/v2\/product_cat?post=5756075"},{"taxonomy":"product_tag","embeddable":true,"href":"https:\/\/stoic-curie.212-227-153-4.plesk.page\/hr\/wp-json\/wp\/v2\/product_tag?post=5756075"}],"curies":[{"name":"wp","href":"https:\/\/api.w.org\/{rel}","templated":true}]}}