{"id":5756083,"date":"2026-02-12T13:45:28","date_gmt":"2026-02-12T12:45:28","guid":{"rendered":"https:\/\/stoic-curie.212-227-153-4.plesk.page\/product\/hd-ventila-za-povratnu-struju-s-mesinganim-zatvaracem-g-11-4-navojem\/"},"modified":"2026-02-25T00:01:28","modified_gmt":"2026-02-25T00:01:28","slug":"hd-ventila-za-povratnu-struju-s-mesinganim-zatvaracem-g-11-4-navojem","status":"publish","type":"product","link":"https:\/\/stoic-curie.212-227-153-4.plesk.page\/hr\/product\/hd-ventila-za-povratnu-struju-s-mesinganim-zatvaracem-g-11-4-navojem\/","title":{"rendered":"HD ventila za povratnu struju s mesinganim zatvara\u010dem G 1&#8243;1\/4 navojem"},"content":{"rendered":"<p>HD ventila za povratnu struju s mesinganim zatvara\u010dem G 1&#8243;1\/4 navojem &#8211; <\/p>\n<p>Ova ventila za povratnu struju ima tijelo, zatvara\u010d i disk od mesinga, te oprugu od nehr\u0111aju\u0107eg \u010delika. U\u010dinkovito sprje\u010dava povratnu struju u svje\u017eoj i slanoj vodi. Tako\u0111er je pogodna za upotrebu u brodskim pumpama s tragovima ugljikovodika. Ventila u\u010dinkovito radi na temperaturama u rasponu od -20 \u00b0C do +100 \u00b0C, i udovoljava ACS, ISO 228\/1 (DIN 259) i UNE-EN-12165 standardima.<\/p>\n","protected":false},"excerpt":{"rendered":"<p>HD ventila za povratnu struju s mesinganim zatvara\u010dem G 1&#8243;1\/4 navojem &#8211; Ova ventila za povratnu struju ima tijelo, zatvara\u010d<\/p>\n","protected":false},"featured_media":5752244,"comment_status":"open","ping_status":"closed","template":"","meta":[],"product_brand":[2996],"product_cat":[1670,1673],"product_tag":[],"class_list":{"0":"post-5756083","1":"product","2":"type-product","3":"status-publish","4":"has-post-thumbnail","6":"product_brand-guidi-marine-hr","7":"product_cat-brodski-ventili","8":"product_cat-elementi-brodskog-sustava-vode-mesing","10":"first","11":"instock","12":"shipping-taxable","13":"purchasable","14":"product-type-simple"},"_links":{"self":[{"href":"https:\/\/stoic-curie.212-227-153-4.plesk.page\/hr\/wp-json\/wp\/v2\/product\/5756083","targetHints":{"allow":["GET"]}}],"collection":[{"href":"https:\/\/stoic-curie.212-227-153-4.plesk.page\/hr\/wp-json\/wp\/v2\/product"}],"about":[{"href":"https:\/\/stoic-curie.212-227-153-4.plesk.page\/hr\/wp-json\/wp\/v2\/types\/product"}],"replies":[{"embeddable":true,"href":"https:\/\/stoic-curie.212-227-153-4.plesk.page\/hr\/wp-json\/wp\/v2\/comments?post=5756083"}],"version-history":[{"count":0,"href":"https:\/\/stoic-curie.212-227-153-4.plesk.page\/hr\/wp-json\/wp\/v2\/product\/5756083\/revisions"}],"wp:featuredmedia":[{"embeddable":true,"href":"https:\/\/stoic-curie.212-227-153-4.plesk.page\/hr\/wp-json\/wp\/v2\/media\/5752244"}],"wp:attachment":[{"href":"https:\/\/stoic-curie.212-227-153-4.plesk.page\/hr\/wp-json\/wp\/v2\/media?parent=5756083"}],"wp:term":[{"taxonomy":"product_brand","embeddable":true,"href":"https:\/\/stoic-curie.212-227-153-4.plesk.page\/hr\/wp-json\/wp\/v2\/product_brand?post=5756083"},{"taxonomy":"product_cat","embeddable":true,"href":"https:\/\/stoic-curie.212-227-153-4.plesk.page\/hr\/wp-json\/wp\/v2\/product_cat?post=5756083"},{"taxonomy":"product_tag","embeddable":true,"href":"https:\/\/stoic-curie.212-227-153-4.plesk.page\/hr\/wp-json\/wp\/v2\/product_tag?post=5756083"}],"curies":[{"name":"wp","href":"https:\/\/api.w.org\/{rel}","templated":true}]}}