{"id":5756087,"date":"2026-02-12T13:45:31","date_gmt":"2026-02-12T12:45:31","guid":{"rendered":"https:\/\/stoic-curie.212-227-153-4.plesk.page\/product\/stapni-povratni-ventil-g-3-4-navoj\/"},"modified":"2026-02-25T00:01:28","modified_gmt":"2026-02-25T00:01:28","slug":"stapni-povratni-ventil-g-3-4-navoj","status":"publish","type":"product","link":"https:\/\/stoic-curie.212-227-153-4.plesk.page\/hr\/product\/stapni-povratni-ventil-g-3-4-navoj\/","title":{"rendered":"\u0160tapni povratni ventil G 3\/4&#8243; navoj"},"content":{"rendered":"<p>\u0160tapni povratni ventil G 3\/4&#8243; navoj &#8211; <\/p>\n<p>\u0160tapni povratni ventil su dizajnirani s \u010dvrstim ku\u0107i\u0161tem od nehr\u0111aju\u0107eg \u010delika i robusnom nylon oblogom. Ovaj proizvod ima M navoj koji se lako pri\u010dvr\u0161\u0107uje na N\/R ventil, u skladu s ISO 228\/1 (DIN 259). Mo\u017ee u\u010dinkovito raditi na temperaturama od -20 \u00b0C do 100 \u00b0C, \u0161to ga \u010dini idealnim izborom za operacije u brodskom odjelu.<\/p>\n","protected":false},"excerpt":{"rendered":"<p>\u0160tapni povratni ventil G 3\/4&#8243; navoj &#8211; \u0160tapni povratni ventil su dizajnirani s \u010dvrstim ku\u0107i\u0161tem od nehr\u0111aju\u0107eg \u010delika i robusnom<\/p>\n","protected":false},"featured_media":5752256,"comment_status":"open","ping_status":"closed","template":"","meta":[],"product_brand":[3356],"product_cat":[1670,1661],"product_tag":[],"class_list":{"0":"post-5756087","1":"product","2":"type-product","3":"status-publish","4":"has-post-thumbnail","6":"product_brand-seaflow-hr","7":"product_cat-brodski-ventili","8":"product_cat-elementi-brodskog-vovovoda-plastika","10":"first","11":"instock","12":"shipping-taxable","13":"purchasable","14":"product-type-simple"},"_links":{"self":[{"href":"https:\/\/stoic-curie.212-227-153-4.plesk.page\/hr\/wp-json\/wp\/v2\/product\/5756087","targetHints":{"allow":["GET"]}}],"collection":[{"href":"https:\/\/stoic-curie.212-227-153-4.plesk.page\/hr\/wp-json\/wp\/v2\/product"}],"about":[{"href":"https:\/\/stoic-curie.212-227-153-4.plesk.page\/hr\/wp-json\/wp\/v2\/types\/product"}],"replies":[{"embeddable":true,"href":"https:\/\/stoic-curie.212-227-153-4.plesk.page\/hr\/wp-json\/wp\/v2\/comments?post=5756087"}],"version-history":[{"count":0,"href":"https:\/\/stoic-curie.212-227-153-4.plesk.page\/hr\/wp-json\/wp\/v2\/product\/5756087\/revisions"}],"wp:featuredmedia":[{"embeddable":true,"href":"https:\/\/stoic-curie.212-227-153-4.plesk.page\/hr\/wp-json\/wp\/v2\/media\/5752256"}],"wp:attachment":[{"href":"https:\/\/stoic-curie.212-227-153-4.plesk.page\/hr\/wp-json\/wp\/v2\/media?parent=5756087"}],"wp:term":[{"taxonomy":"product_brand","embeddable":true,"href":"https:\/\/stoic-curie.212-227-153-4.plesk.page\/hr\/wp-json\/wp\/v2\/product_brand?post=5756087"},{"taxonomy":"product_cat","embeddable":true,"href":"https:\/\/stoic-curie.212-227-153-4.plesk.page\/hr\/wp-json\/wp\/v2\/product_cat?post=5756087"},{"taxonomy":"product_tag","embeddable":true,"href":"https:\/\/stoic-curie.212-227-153-4.plesk.page\/hr\/wp-json\/wp\/v2\/product_tag?post=5756087"}],"curies":[{"name":"wp","href":"https:\/\/api.w.org\/{rel}","templated":true}]}}