{"id":5756090,"date":"2026-02-12T13:45:33","date_gmt":"2026-02-12T12:45:33","guid":{"rendered":"https:\/\/stoic-curie.212-227-153-4.plesk.page\/product\/filter-za-povratnu-ventil-g-11-2-navoja\/"},"modified":"2026-02-25T00:01:28","modified_gmt":"2026-02-25T00:01:28","slug":"filter-za-povratnu-ventil-g-11-2-navoja","status":"publish","type":"product","link":"https:\/\/stoic-curie.212-227-153-4.plesk.page\/hr\/product\/filter-za-povratnu-ventil-g-11-2-navoja\/","title":{"rendered":"Filter za Povratnu Ventil G 1&#8243;1\/2 Navoja"},"content":{"rendered":"<p>Filter za Povratnu Ventil G 1&#8243;1\/2 Navoja &#8211; <\/p>\n<p>Filter za povratnu ventil s tijelom od nehr\u0111aju\u0107eg \u010delika i najlonskim poklopcem. Ima M navoj koji se \u010dvrsto pri\u010dvr\u0161\u0107uje na N\/R ventil, u skladu s normom ISO 228\/1 (DIN 259). Ovaj proizvod mo\u017ee se koristiti na temperaturama od -20\u00b0C do 100\u00b0C i idealan je za operacije odvodnje.<\/p>\n","protected":false},"excerpt":{"rendered":"<p>Filter za Povratnu Ventil G 1&#8243;1\/2 Navoja &#8211; Filter za povratnu ventil s tijelom od nehr\u0111aju\u0107eg \u010delika i najlonskim poklopcem.<\/p>\n","protected":false},"featured_media":5752256,"comment_status":"open","ping_status":"closed","template":"","meta":[],"product_brand":[3356],"product_cat":[1670,1661],"product_tag":[],"class_list":{"0":"post-5756090","1":"product","2":"type-product","3":"status-publish","4":"has-post-thumbnail","6":"product_brand-seaflow-hr","7":"product_cat-brodski-ventili","8":"product_cat-elementi-brodskog-vovovoda-plastika","10":"first","11":"instock","12":"shipping-taxable","13":"purchasable","14":"product-type-simple"},"_links":{"self":[{"href":"https:\/\/stoic-curie.212-227-153-4.plesk.page\/hr\/wp-json\/wp\/v2\/product\/5756090","targetHints":{"allow":["GET"]}}],"collection":[{"href":"https:\/\/stoic-curie.212-227-153-4.plesk.page\/hr\/wp-json\/wp\/v2\/product"}],"about":[{"href":"https:\/\/stoic-curie.212-227-153-4.plesk.page\/hr\/wp-json\/wp\/v2\/types\/product"}],"replies":[{"embeddable":true,"href":"https:\/\/stoic-curie.212-227-153-4.plesk.page\/hr\/wp-json\/wp\/v2\/comments?post=5756090"}],"version-history":[{"count":0,"href":"https:\/\/stoic-curie.212-227-153-4.plesk.page\/hr\/wp-json\/wp\/v2\/product\/5756090\/revisions"}],"wp:featuredmedia":[{"embeddable":true,"href":"https:\/\/stoic-curie.212-227-153-4.plesk.page\/hr\/wp-json\/wp\/v2\/media\/5752256"}],"wp:attachment":[{"href":"https:\/\/stoic-curie.212-227-153-4.plesk.page\/hr\/wp-json\/wp\/v2\/media?parent=5756090"}],"wp:term":[{"taxonomy":"product_brand","embeddable":true,"href":"https:\/\/stoic-curie.212-227-153-4.plesk.page\/hr\/wp-json\/wp\/v2\/product_brand?post=5756090"},{"taxonomy":"product_cat","embeddable":true,"href":"https:\/\/stoic-curie.212-227-153-4.plesk.page\/hr\/wp-json\/wp\/v2\/product_cat?post=5756090"},{"taxonomy":"product_tag","embeddable":true,"href":"https:\/\/stoic-curie.212-227-153-4.plesk.page\/hr\/wp-json\/wp\/v2\/product_tag?post=5756090"}],"curies":[{"name":"wp","href":"https:\/\/api.w.org\/{rel}","templated":true}]}}