{"id":5756091,"date":"2026-02-12T13:45:34","date_gmt":"2026-02-12T12:45:34","guid":{"rendered":"https:\/\/stoic-curie.212-227-153-4.plesk.page\/product\/filter-za-povratnu-ventil-g-2-niti\/"},"modified":"2026-02-25T00:01:28","modified_gmt":"2026-02-25T00:01:28","slug":"filter-za-povratnu-ventil-g-2-niti","status":"publish","type":"product","link":"https:\/\/stoic-curie.212-227-153-4.plesk.page\/hr\/product\/filter-za-povratnu-ventil-g-2-niti\/","title":{"rendered":"Filter za Povratnu Ventil G 2&#8243; Niti"},"content":{"rendered":"<p>Filter za Povratnu Ventil G 2&#8243; Niti &#8211; <\/p>\n<p>Filter za povratnu ventil s izdr\u017eljivim ku\u0107i\u0161tem od nehr\u0111aju\u0107eg \u010delika i poklopcem od najlona. Ima M navoj koji se \u010dvrsto zavrti na N\/R ventil, u skladu s ISO 228\/1 (DIN 259). Ovaj ventil mo\u017ee u\u010dinkovito raditi na temperaturama od -20\u00b0C do 100\u00b0C, \u0161to ga \u010dini idealnim za operacije u odvodnim prostorima.<\/p>\n","protected":false},"excerpt":{"rendered":"<p>Filter za Povratnu Ventil G 2&#8243; Niti &#8211; Filter za povratnu ventil s izdr\u017eljivim ku\u0107i\u0161tem od nehr\u0111aju\u0107eg \u010delika i poklopcem<\/p>\n","protected":false},"featured_media":5752256,"comment_status":"open","ping_status":"closed","template":"","meta":[],"product_brand":[3356],"product_cat":[1670,1661],"product_tag":[],"class_list":{"0":"post-5756091","1":"product","2":"type-product","3":"status-publish","4":"has-post-thumbnail","6":"product_brand-seaflow-hr","7":"product_cat-brodski-ventili","8":"product_cat-elementi-brodskog-vovovoda-plastika","10":"first","11":"instock","12":"shipping-taxable","13":"purchasable","14":"product-type-simple"},"_links":{"self":[{"href":"https:\/\/stoic-curie.212-227-153-4.plesk.page\/hr\/wp-json\/wp\/v2\/product\/5756091","targetHints":{"allow":["GET"]}}],"collection":[{"href":"https:\/\/stoic-curie.212-227-153-4.plesk.page\/hr\/wp-json\/wp\/v2\/product"}],"about":[{"href":"https:\/\/stoic-curie.212-227-153-4.plesk.page\/hr\/wp-json\/wp\/v2\/types\/product"}],"replies":[{"embeddable":true,"href":"https:\/\/stoic-curie.212-227-153-4.plesk.page\/hr\/wp-json\/wp\/v2\/comments?post=5756091"}],"version-history":[{"count":0,"href":"https:\/\/stoic-curie.212-227-153-4.plesk.page\/hr\/wp-json\/wp\/v2\/product\/5756091\/revisions"}],"wp:featuredmedia":[{"embeddable":true,"href":"https:\/\/stoic-curie.212-227-153-4.plesk.page\/hr\/wp-json\/wp\/v2\/media\/5752256"}],"wp:attachment":[{"href":"https:\/\/stoic-curie.212-227-153-4.plesk.page\/hr\/wp-json\/wp\/v2\/media?parent=5756091"}],"wp:term":[{"taxonomy":"product_brand","embeddable":true,"href":"https:\/\/stoic-curie.212-227-153-4.plesk.page\/hr\/wp-json\/wp\/v2\/product_brand?post=5756091"},{"taxonomy":"product_cat","embeddable":true,"href":"https:\/\/stoic-curie.212-227-153-4.plesk.page\/hr\/wp-json\/wp\/v2\/product_cat?post=5756091"},{"taxonomy":"product_tag","embeddable":true,"href":"https:\/\/stoic-curie.212-227-153-4.plesk.page\/hr\/wp-json\/wp\/v2\/product_tag?post=5756091"}],"curies":[{"name":"wp","href":"https:\/\/api.w.org\/{rel}","templated":true}]}}