{"id":5756101,"date":"2026-02-12T13:45:41","date_gmt":"2026-02-12T12:45:41","guid":{"rendered":"https:\/\/stoic-curie.212-227-153-4.plesk.page\/product\/i-acetalna-smola-pom-cijev-do-crijevo-za-crijevo-o-18-mm\/"},"modified":"2026-02-25T00:01:28","modified_gmt":"2026-02-25T00:01:28","slug":"i-acetalna-smola-pom-cijev-do-crijevo-za-crijevo-o-18-mm","status":"publish","type":"product","link":"https:\/\/stoic-curie.212-227-153-4.plesk.page\/hr\/product\/i-acetalna-smola-pom-cijev-do-crijevo-za-crijevo-o-18-mm\/","title":{"rendered":"I Acetalna Smola (POM) Cijev-do-Crijevo za Crijevo \u00d8 18 mm"},"content":{"rendered":"<p>I Acetalna Smola (POM) Cijev-do-Crijevo za Crijevo \u00d8 18 mm &#8211; <\/p>\n<p>Fiting cijev-do-crijeva od acetalne smole polimera, dizajniran za sustave slatke vode, otpadnih voda i morske vode. Ima glatki unutarnji prolaz za teku\u0107ine bez rubova i debele zidove za pobolj\u0161anu otpornost na udarce i za\u0161titu od korozije. Radni tlak od 10 bara na maksimalnoj temperaturi od 85 \u00b0C.<\/p>\n","protected":false},"excerpt":{"rendered":"<p>I Acetalna Smola (POM) Cijev-do-Crijevo za Crijevo \u00d8 18 mm &#8211; Fiting cijev-do-crijeva od acetalne smole polimera, dizajniran za sustave<\/p>\n","protected":false},"featured_media":5752280,"comment_status":"open","ping_status":"closed","template":"","meta":[],"product_brand":[3356],"product_cat":[1661],"product_tag":[],"class_list":{"0":"post-5756101","1":"product","2":"type-product","3":"status-publish","4":"has-post-thumbnail","6":"product_brand-seaflow-hr","7":"product_cat-elementi-brodskog-vovovoda-plastika","9":"first","10":"instock","11":"shipping-taxable","12":"purchasable","13":"product-type-simple"},"_links":{"self":[{"href":"https:\/\/stoic-curie.212-227-153-4.plesk.page\/hr\/wp-json\/wp\/v2\/product\/5756101","targetHints":{"allow":["GET"]}}],"collection":[{"href":"https:\/\/stoic-curie.212-227-153-4.plesk.page\/hr\/wp-json\/wp\/v2\/product"}],"about":[{"href":"https:\/\/stoic-curie.212-227-153-4.plesk.page\/hr\/wp-json\/wp\/v2\/types\/product"}],"replies":[{"embeddable":true,"href":"https:\/\/stoic-curie.212-227-153-4.plesk.page\/hr\/wp-json\/wp\/v2\/comments?post=5756101"}],"version-history":[{"count":0,"href":"https:\/\/stoic-curie.212-227-153-4.plesk.page\/hr\/wp-json\/wp\/v2\/product\/5756101\/revisions"}],"wp:featuredmedia":[{"embeddable":true,"href":"https:\/\/stoic-curie.212-227-153-4.plesk.page\/hr\/wp-json\/wp\/v2\/media\/5752280"}],"wp:attachment":[{"href":"https:\/\/stoic-curie.212-227-153-4.plesk.page\/hr\/wp-json\/wp\/v2\/media?parent=5756101"}],"wp:term":[{"taxonomy":"product_brand","embeddable":true,"href":"https:\/\/stoic-curie.212-227-153-4.plesk.page\/hr\/wp-json\/wp\/v2\/product_brand?post=5756101"},{"taxonomy":"product_cat","embeddable":true,"href":"https:\/\/stoic-curie.212-227-153-4.plesk.page\/hr\/wp-json\/wp\/v2\/product_cat?post=5756101"},{"taxonomy":"product_tag","embeddable":true,"href":"https:\/\/stoic-curie.212-227-153-4.plesk.page\/hr\/wp-json\/wp\/v2\/product_tag?post=5756101"}],"curies":[{"name":"wp","href":"https:\/\/api.w.org\/{rel}","templated":true}]}}