{"id":5756106,"date":"2026-02-12T13:45:45","date_gmt":"2026-02-12T12:45:45","guid":{"rendered":"https:\/\/stoic-curie.212-227-153-4.plesk.page\/product\/l-acetal-smola-pom-cijev-do-crijevo-za-18-crijevo-o-mm\/"},"modified":"2026-02-25T00:01:28","modified_gmt":"2026-02-25T00:01:28","slug":"l-acetal-smola-pom-cijev-do-crijevo-za-18-crijevo-o-mm","status":"publish","type":"product","link":"https:\/\/stoic-curie.212-227-153-4.plesk.page\/hr\/product\/l-acetal-smola-pom-cijev-do-crijevo-za-18-crijevo-o-mm\/","title":{"rendered":"L Acetal Smola (POM) Cijev-Do-Crijevo za 18 Crijevo \u00d8 mm"},"content":{"rendered":"<p>L Acetal Smola (POM) Cijev-Do-Crijevo za 18 Crijevo \u00d8 mm &#8211; <\/p>\n<p>Cijev-do-crijevo spoj za sustave slatke vode, otpadne vode i morske vode izra\u0111en od acetalne smole. Posjeduje glatki unutarnji prolaz koji omogu\u0107uje protok teku\u0107ine bez prepreka, uz debele zidove koji otporni na udarce i koroziju. Mogu\u0107e radno tlak do 10 bara na maksimalnoj temperaturi od 85 \u00b0C.<\/p>\n","protected":false},"excerpt":{"rendered":"<p>L Acetal Smola (POM) Cijev-Do-Crijevo za 18 Crijevo \u00d8 mm &#8211; Cijev-do-crijevo spoj za sustave slatke vode, otpadne vode i<\/p>\n","protected":false},"featured_media":5752294,"comment_status":"open","ping_status":"closed","template":"","meta":[],"product_brand":[3356],"product_cat":[1661],"product_tag":[],"class_list":{"0":"post-5756106","1":"product","2":"type-product","3":"status-publish","4":"has-post-thumbnail","6":"product_brand-seaflow-hr","7":"product_cat-elementi-brodskog-vovovoda-plastika","9":"first","10":"instock","11":"shipping-taxable","12":"purchasable","13":"product-type-simple"},"_links":{"self":[{"href":"https:\/\/stoic-curie.212-227-153-4.plesk.page\/hr\/wp-json\/wp\/v2\/product\/5756106","targetHints":{"allow":["GET"]}}],"collection":[{"href":"https:\/\/stoic-curie.212-227-153-4.plesk.page\/hr\/wp-json\/wp\/v2\/product"}],"about":[{"href":"https:\/\/stoic-curie.212-227-153-4.plesk.page\/hr\/wp-json\/wp\/v2\/types\/product"}],"replies":[{"embeddable":true,"href":"https:\/\/stoic-curie.212-227-153-4.plesk.page\/hr\/wp-json\/wp\/v2\/comments?post=5756106"}],"version-history":[{"count":0,"href":"https:\/\/stoic-curie.212-227-153-4.plesk.page\/hr\/wp-json\/wp\/v2\/product\/5756106\/revisions"}],"wp:featuredmedia":[{"embeddable":true,"href":"https:\/\/stoic-curie.212-227-153-4.plesk.page\/hr\/wp-json\/wp\/v2\/media\/5752294"}],"wp:attachment":[{"href":"https:\/\/stoic-curie.212-227-153-4.plesk.page\/hr\/wp-json\/wp\/v2\/media?parent=5756106"}],"wp:term":[{"taxonomy":"product_brand","embeddable":true,"href":"https:\/\/stoic-curie.212-227-153-4.plesk.page\/hr\/wp-json\/wp\/v2\/product_brand?post=5756106"},{"taxonomy":"product_cat","embeddable":true,"href":"https:\/\/stoic-curie.212-227-153-4.plesk.page\/hr\/wp-json\/wp\/v2\/product_cat?post=5756106"},{"taxonomy":"product_tag","embeddable":true,"href":"https:\/\/stoic-curie.212-227-153-4.plesk.page\/hr\/wp-json\/wp\/v2\/product_tag?post=5756106"}],"curies":[{"name":"wp","href":"https:\/\/api.w.org\/{rel}","templated":true}]}}