{"id":5756107,"date":"2026-02-12T13:45:46","date_gmt":"2026-02-12T12:45:46","guid":{"rendered":"https:\/\/stoic-curie.212-227-153-4.plesk.page\/product\/l-acetalna-smola-pom-fiting-cijev-do-cijevi-za-20-cijev-o-mm\/"},"modified":"2026-02-25T00:01:28","modified_gmt":"2026-02-25T00:01:28","slug":"l-acetalna-smola-pom-fiting-cijev-do-cijevi-za-20-cijev-o-mm","status":"publish","type":"product","link":"https:\/\/stoic-curie.212-227-153-4.plesk.page\/hr\/product\/l-acetalna-smola-pom-fiting-cijev-do-cijevi-za-20-cijev-o-mm\/","title":{"rendered":"L Acetalna Smola (POM) Fiting Cijev-do-Cijevi za 20 Cijev \u00d8 mm"},"content":{"rendered":"<p>L Acetalna Smola (POM) Fiting Cijev-do-Cijevi za 20 Cijev \u00d8 mm &#8211; <\/p>\n<p>Ovaj fitting acetalne smole za cijev-do-cijev dizajniran je za sustave slatke vode, otpadne vode i morske vode. Pru\u017ea glatku unutarnju prolaznost teku\u0107ina bez rubova. Dobre debljine zidova osiguravaju visoku otpornost na udarce i koroziju, \u010dine\u0107i ga vrlo izdr\u017eljivim. Radi pod pritiskom od 10 bara pri maksimalnoj temperaturi od 85 \u00b0C.<\/p>\n","protected":false},"excerpt":{"rendered":"<p>L Acetalna Smola (POM) Fiting Cijev-do-Cijevi za 20 Cijev \u00d8 mm &#8211; Ovaj fitting acetalne smole za cijev-do-cijev dizajniran je<\/p>\n","protected":false},"featured_media":5752294,"comment_status":"open","ping_status":"closed","template":"","meta":[],"product_brand":[3356],"product_cat":[1661],"product_tag":[],"class_list":{"0":"post-5756107","1":"product","2":"type-product","3":"status-publish","4":"has-post-thumbnail","6":"product_brand-seaflow-hr","7":"product_cat-elementi-brodskog-vovovoda-plastika","9":"first","10":"instock","11":"shipping-taxable","12":"purchasable","13":"product-type-simple"},"_links":{"self":[{"href":"https:\/\/stoic-curie.212-227-153-4.plesk.page\/hr\/wp-json\/wp\/v2\/product\/5756107","targetHints":{"allow":["GET"]}}],"collection":[{"href":"https:\/\/stoic-curie.212-227-153-4.plesk.page\/hr\/wp-json\/wp\/v2\/product"}],"about":[{"href":"https:\/\/stoic-curie.212-227-153-4.plesk.page\/hr\/wp-json\/wp\/v2\/types\/product"}],"replies":[{"embeddable":true,"href":"https:\/\/stoic-curie.212-227-153-4.plesk.page\/hr\/wp-json\/wp\/v2\/comments?post=5756107"}],"version-history":[{"count":0,"href":"https:\/\/stoic-curie.212-227-153-4.plesk.page\/hr\/wp-json\/wp\/v2\/product\/5756107\/revisions"}],"wp:featuredmedia":[{"embeddable":true,"href":"https:\/\/stoic-curie.212-227-153-4.plesk.page\/hr\/wp-json\/wp\/v2\/media\/5752294"}],"wp:attachment":[{"href":"https:\/\/stoic-curie.212-227-153-4.plesk.page\/hr\/wp-json\/wp\/v2\/media?parent=5756107"}],"wp:term":[{"taxonomy":"product_brand","embeddable":true,"href":"https:\/\/stoic-curie.212-227-153-4.plesk.page\/hr\/wp-json\/wp\/v2\/product_brand?post=5756107"},{"taxonomy":"product_cat","embeddable":true,"href":"https:\/\/stoic-curie.212-227-153-4.plesk.page\/hr\/wp-json\/wp\/v2\/product_cat?post=5756107"},{"taxonomy":"product_tag","embeddable":true,"href":"https:\/\/stoic-curie.212-227-153-4.plesk.page\/hr\/wp-json\/wp\/v2\/product_tag?post=5756107"}],"curies":[{"name":"wp","href":"https:\/\/api.w.org\/{rel}","templated":true}]}}