{"id":5756112,"date":"2026-02-12T13:45:49","date_gmt":"2026-02-12T12:45:49","guid":{"rendered":"https:\/\/stoic-curie.212-227-153-4.plesk.page\/product\/t-prikljucak-od-acetalne-smole-pom-cijevi-za-cijev-od-18-o-mm\/"},"modified":"2026-02-25T00:01:28","modified_gmt":"2026-02-25T00:01:28","slug":"t-prikljucak-od-acetalne-smole-pom-cijevi-za-cijev-od-18-o-mm","status":"publish","type":"product","link":"https:\/\/stoic-curie.212-227-153-4.plesk.page\/hr\/product\/t-prikljucak-od-acetalne-smole-pom-cijevi-za-cijev-od-18-o-mm\/","title":{"rendered":"T Priklju\u010dak od Acetalne Smole (POM) Cijevi za Cijev od 18 \u00d8 mm"},"content":{"rendered":"<p>T Priklju\u010dak od Acetalne Smole (POM) Cijevi za Cijev od 18 \u00d8 mm &#8211; <\/p>\n<p>Priklju\u010dak od acetalne smole za cijevi namijenjen sustavima slatke vode, otpadnih voda i morske vode. Ima glatku unutarnju prolaznost za strujanje fluida bez rubova i debele zidove za pobolj\u0161anu otpornost na udarce i koroziju. Prikladan za radne tlake do 10 bara pri maksimalnoj temperaturi od 85 \u00b0C.<\/p>\n","protected":false},"excerpt":{"rendered":"<p>T Priklju\u010dak od Acetalne Smole (POM) Cijevi za Cijev od 18 \u00d8 mm &#8211; Priklju\u010dak od acetalne smole za cijevi<\/p>\n","protected":false},"featured_media":5752300,"comment_status":"open","ping_status":"closed","template":"","meta":[],"product_brand":[3356],"product_cat":[1661],"product_tag":[],"class_list":{"0":"post-5756112","1":"product","2":"type-product","3":"status-publish","4":"has-post-thumbnail","6":"product_brand-seaflow-hr","7":"product_cat-elementi-brodskog-vovovoda-plastika","9":"first","10":"instock","11":"shipping-taxable","12":"purchasable","13":"product-type-simple"},"_links":{"self":[{"href":"https:\/\/stoic-curie.212-227-153-4.plesk.page\/hr\/wp-json\/wp\/v2\/product\/5756112","targetHints":{"allow":["GET"]}}],"collection":[{"href":"https:\/\/stoic-curie.212-227-153-4.plesk.page\/hr\/wp-json\/wp\/v2\/product"}],"about":[{"href":"https:\/\/stoic-curie.212-227-153-4.plesk.page\/hr\/wp-json\/wp\/v2\/types\/product"}],"replies":[{"embeddable":true,"href":"https:\/\/stoic-curie.212-227-153-4.plesk.page\/hr\/wp-json\/wp\/v2\/comments?post=5756112"}],"version-history":[{"count":0,"href":"https:\/\/stoic-curie.212-227-153-4.plesk.page\/hr\/wp-json\/wp\/v2\/product\/5756112\/revisions"}],"wp:featuredmedia":[{"embeddable":true,"href":"https:\/\/stoic-curie.212-227-153-4.plesk.page\/hr\/wp-json\/wp\/v2\/media\/5752300"}],"wp:attachment":[{"href":"https:\/\/stoic-curie.212-227-153-4.plesk.page\/hr\/wp-json\/wp\/v2\/media?parent=5756112"}],"wp:term":[{"taxonomy":"product_brand","embeddable":true,"href":"https:\/\/stoic-curie.212-227-153-4.plesk.page\/hr\/wp-json\/wp\/v2\/product_brand?post=5756112"},{"taxonomy":"product_cat","embeddable":true,"href":"https:\/\/stoic-curie.212-227-153-4.plesk.page\/hr\/wp-json\/wp\/v2\/product_cat?post=5756112"},{"taxonomy":"product_tag","embeddable":true,"href":"https:\/\/stoic-curie.212-227-153-4.plesk.page\/hr\/wp-json\/wp\/v2\/product_tag?post=5756112"}],"curies":[{"name":"wp","href":"https:\/\/api.w.org\/{rel}","templated":true}]}}