{"id":5756113,"date":"2026-02-12T13:45:50","date_gmt":"2026-02-12T12:45:50","guid":{"rendered":"https:\/\/stoic-curie.212-227-153-4.plesk.page\/product\/t-acetalna-smola-pom-cijev-na-cijev-za-20-cijev-o-mm\/"},"modified":"2026-02-25T00:01:28","modified_gmt":"2026-02-25T00:01:28","slug":"t-acetalna-smola-pom-cijev-na-cijev-za-20-cijev-o-mm","status":"publish","type":"product","link":"https:\/\/stoic-curie.212-227-153-4.plesk.page\/hr\/product\/t-acetalna-smola-pom-cijev-na-cijev-za-20-cijev-o-mm\/","title":{"rendered":"T Acetalna Smola (POM) Cijev-na-Cijev za 20 Cijev \u00d8 mm"},"content":{"rendered":"<p>T Acetalna Smola (POM) Cijev-na-Cijev za 20 Cijev \u00d8 mm &#8211; <\/p>\n<p>Fiting cijev-na-cijev od polimera acetalne smole, dizajniran za sustave slatke vode, otpadnih voda i morske vode. Ima glatki unutarnji prolaz za protok teku\u0107ina bez o\u0161trih rubova i debele zidove koji otporni na udarce i koroziju. Mo\u017ee podnijeti radni tlak do 10 bara pri maksimalnoj temperaturi od 85 \u00b0C.<\/p>\n","protected":false},"excerpt":{"rendered":"<p>T Acetalna Smola (POM) Cijev-na-Cijev za 20 Cijev \u00d8 mm &#8211; Fiting cijev-na-cijev od polimera acetalne smole, dizajniran za sustave<\/p>\n","protected":false},"featured_media":5752300,"comment_status":"open","ping_status":"closed","template":"","meta":[],"product_brand":[3356],"product_cat":[1661],"product_tag":[],"class_list":{"0":"post-5756113","1":"product","2":"type-product","3":"status-publish","4":"has-post-thumbnail","6":"product_brand-seaflow-hr","7":"product_cat-elementi-brodskog-vovovoda-plastika","9":"first","10":"instock","11":"shipping-taxable","12":"purchasable","13":"product-type-simple"},"_links":{"self":[{"href":"https:\/\/stoic-curie.212-227-153-4.plesk.page\/hr\/wp-json\/wp\/v2\/product\/5756113","targetHints":{"allow":["GET"]}}],"collection":[{"href":"https:\/\/stoic-curie.212-227-153-4.plesk.page\/hr\/wp-json\/wp\/v2\/product"}],"about":[{"href":"https:\/\/stoic-curie.212-227-153-4.plesk.page\/hr\/wp-json\/wp\/v2\/types\/product"}],"replies":[{"embeddable":true,"href":"https:\/\/stoic-curie.212-227-153-4.plesk.page\/hr\/wp-json\/wp\/v2\/comments?post=5756113"}],"version-history":[{"count":0,"href":"https:\/\/stoic-curie.212-227-153-4.plesk.page\/hr\/wp-json\/wp\/v2\/product\/5756113\/revisions"}],"wp:featuredmedia":[{"embeddable":true,"href":"https:\/\/stoic-curie.212-227-153-4.plesk.page\/hr\/wp-json\/wp\/v2\/media\/5752300"}],"wp:attachment":[{"href":"https:\/\/stoic-curie.212-227-153-4.plesk.page\/hr\/wp-json\/wp\/v2\/media?parent=5756113"}],"wp:term":[{"taxonomy":"product_brand","embeddable":true,"href":"https:\/\/stoic-curie.212-227-153-4.plesk.page\/hr\/wp-json\/wp\/v2\/product_brand?post=5756113"},{"taxonomy":"product_cat","embeddable":true,"href":"https:\/\/stoic-curie.212-227-153-4.plesk.page\/hr\/wp-json\/wp\/v2\/product_cat?post=5756113"},{"taxonomy":"product_tag","embeddable":true,"href":"https:\/\/stoic-curie.212-227-153-4.plesk.page\/hr\/wp-json\/wp\/v2\/product_tag?post=5756113"}],"curies":[{"name":"wp","href":"https:\/\/api.w.org\/{rel}","templated":true}]}}