{"id":5756117,"date":"2026-02-12T13:45:53","date_gmt":"2026-02-12T12:45:53","guid":{"rendered":"https:\/\/stoic-curie.212-227-153-4.plesk.page\/product\/y-acetalna-smola-pom-prikljucak-cijevi-na-cijev-za-cijev-o-12-mm\/"},"modified":"2026-02-25T00:01:28","modified_gmt":"2026-02-25T00:01:28","slug":"y-acetalna-smola-pom-prikljucak-cijevi-na-cijev-za-cijev-o-12-mm","status":"publish","type":"product","link":"https:\/\/stoic-curie.212-227-153-4.plesk.page\/hr\/product\/y-acetalna-smola-pom-prikljucak-cijevi-na-cijev-za-cijev-o-12-mm\/","title":{"rendered":"Y Acetalna Smola (POM) Priklju\u010dak Cijevi na Cijev za Cijev \u00d8 12 mm"},"content":{"rendered":"<p>Y Acetalna Smola (POM) Priklju\u010dak Cijevi na Cijev za Cijev \u00d8 12 mm &#8211; <\/p>\n<p>Priklju\u010dak cijevi na cijev od polimera acetalne smole pogodan za sustave slatke vode, otpadnih voda i morske vode. Osmi\u0161ljen za glatku unutarnju prolaznost teku\u0107ina bez ivica, s debelim zidovima koji pru\u017eaju otpornost na udarce i koroziju. Radni tlak od 10 bara pri maksimalnoj temperaturi od 85 \u00b0C.<\/p>\n","protected":false},"excerpt":{"rendered":"<p>Y Acetalna Smola (POM) Priklju\u010dak Cijevi na Cijev za Cijev \u00d8 12 mm &#8211; Priklju\u010dak cijevi na cijev od polimera<\/p>\n","protected":false},"featured_media":5752314,"comment_status":"open","ping_status":"closed","template":"","meta":[],"product_brand":[3356],"product_cat":[1661],"product_tag":[],"class_list":{"0":"post-5756117","1":"product","2":"type-product","3":"status-publish","4":"has-post-thumbnail","6":"product_brand-seaflow-hr","7":"product_cat-elementi-brodskog-vovovoda-plastika","9":"first","10":"instock","11":"shipping-taxable","12":"purchasable","13":"product-type-simple"},"_links":{"self":[{"href":"https:\/\/stoic-curie.212-227-153-4.plesk.page\/hr\/wp-json\/wp\/v2\/product\/5756117","targetHints":{"allow":["GET"]}}],"collection":[{"href":"https:\/\/stoic-curie.212-227-153-4.plesk.page\/hr\/wp-json\/wp\/v2\/product"}],"about":[{"href":"https:\/\/stoic-curie.212-227-153-4.plesk.page\/hr\/wp-json\/wp\/v2\/types\/product"}],"replies":[{"embeddable":true,"href":"https:\/\/stoic-curie.212-227-153-4.plesk.page\/hr\/wp-json\/wp\/v2\/comments?post=5756117"}],"version-history":[{"count":0,"href":"https:\/\/stoic-curie.212-227-153-4.plesk.page\/hr\/wp-json\/wp\/v2\/product\/5756117\/revisions"}],"wp:featuredmedia":[{"embeddable":true,"href":"https:\/\/stoic-curie.212-227-153-4.plesk.page\/hr\/wp-json\/wp\/v2\/media\/5752314"}],"wp:attachment":[{"href":"https:\/\/stoic-curie.212-227-153-4.plesk.page\/hr\/wp-json\/wp\/v2\/media?parent=5756117"}],"wp:term":[{"taxonomy":"product_brand","embeddable":true,"href":"https:\/\/stoic-curie.212-227-153-4.plesk.page\/hr\/wp-json\/wp\/v2\/product_brand?post=5756117"},{"taxonomy":"product_cat","embeddable":true,"href":"https:\/\/stoic-curie.212-227-153-4.plesk.page\/hr\/wp-json\/wp\/v2\/product_cat?post=5756117"},{"taxonomy":"product_tag","embeddable":true,"href":"https:\/\/stoic-curie.212-227-153-4.plesk.page\/hr\/wp-json\/wp\/v2\/product_tag?post=5756117"}],"curies":[{"name":"wp","href":"https:\/\/api.w.org\/{rel}","templated":true}]}}