{"id":5756118,"date":"2026-02-12T13:45:54","date_gmt":"2026-02-12T12:45:54","guid":{"rendered":"https:\/\/stoic-curie.212-227-153-4.plesk.page\/product\/y-acetalna-smola-pom-cijev-na-cijev-za-16-mm-cijev-o\/"},"modified":"2026-02-25T00:01:28","modified_gmt":"2026-02-25T00:01:28","slug":"y-acetalna-smola-pom-cijev-na-cijev-za-16-mm-cijev-o","status":"publish","type":"product","link":"https:\/\/stoic-curie.212-227-153-4.plesk.page\/hr\/product\/y-acetalna-smola-pom-cijev-na-cijev-za-16-mm-cijev-o\/","title":{"rendered":"Y Acetalna Smola (POM) Cijev-na-Cijev za 16 mm Cijev \u00d8"},"content":{"rendered":"<p>Y Acetalna Smola (POM) Cijev-na-Cijev za 16 mm Cijev \u00d8 &#8211; <\/p>\n<p>Akusti\u010dni priklju\u010dak od acetalne smole za sustave pitke vode, otpadnih voda i morske vode. Pru\u017ea glatku unutarnju prolaznost za protok teku\u0107ina, bez rubova, te debelih zidova za ve\u0107u otpornost na udarce i koroziju. Radni tlak je 10 bara pri maksimalnoj temperaturi od 85 \u00b0C.<\/p>\n","protected":false},"excerpt":{"rendered":"<p>Y Acetalna Smola (POM) Cijev-na-Cijev za 16 mm Cijev \u00d8 &#8211; Akusti\u010dni priklju\u010dak od acetalne smole za sustave pitke vode,<\/p>\n","protected":false},"featured_media":5752314,"comment_status":"open","ping_status":"closed","template":"","meta":[],"product_brand":[3356],"product_cat":[1661],"product_tag":[],"class_list":{"0":"post-5756118","1":"product","2":"type-product","3":"status-publish","4":"has-post-thumbnail","6":"product_brand-seaflow-hr","7":"product_cat-elementi-brodskog-vovovoda-plastika","9":"first","10":"instock","11":"shipping-taxable","12":"purchasable","13":"product-type-simple"},"_links":{"self":[{"href":"https:\/\/stoic-curie.212-227-153-4.plesk.page\/hr\/wp-json\/wp\/v2\/product\/5756118","targetHints":{"allow":["GET"]}}],"collection":[{"href":"https:\/\/stoic-curie.212-227-153-4.plesk.page\/hr\/wp-json\/wp\/v2\/product"}],"about":[{"href":"https:\/\/stoic-curie.212-227-153-4.plesk.page\/hr\/wp-json\/wp\/v2\/types\/product"}],"replies":[{"embeddable":true,"href":"https:\/\/stoic-curie.212-227-153-4.plesk.page\/hr\/wp-json\/wp\/v2\/comments?post=5756118"}],"version-history":[{"count":0,"href":"https:\/\/stoic-curie.212-227-153-4.plesk.page\/hr\/wp-json\/wp\/v2\/product\/5756118\/revisions"}],"wp:featuredmedia":[{"embeddable":true,"href":"https:\/\/stoic-curie.212-227-153-4.plesk.page\/hr\/wp-json\/wp\/v2\/media\/5752314"}],"wp:attachment":[{"href":"https:\/\/stoic-curie.212-227-153-4.plesk.page\/hr\/wp-json\/wp\/v2\/media?parent=5756118"}],"wp:term":[{"taxonomy":"product_brand","embeddable":true,"href":"https:\/\/stoic-curie.212-227-153-4.plesk.page\/hr\/wp-json\/wp\/v2\/product_brand?post=5756118"},{"taxonomy":"product_cat","embeddable":true,"href":"https:\/\/stoic-curie.212-227-153-4.plesk.page\/hr\/wp-json\/wp\/v2\/product_cat?post=5756118"},{"taxonomy":"product_tag","embeddable":true,"href":"https:\/\/stoic-curie.212-227-153-4.plesk.page\/hr\/wp-json\/wp\/v2\/product_tag?post=5756118"}],"curies":[{"name":"wp","href":"https:\/\/api.w.org\/{rel}","templated":true}]}}