{"id":5756129,"date":"2026-02-12T13:46:01","date_gmt":"2026-02-12T12:46:01","guid":{"rendered":"https:\/\/stoic-curie.212-227-153-4.plesk.page\/product\/m-cijev-do-cijevi-g-3-8-x-12-navoja\/"},"modified":"2026-02-25T00:01:28","modified_gmt":"2026-02-25T00:01:28","slug":"m-cijev-do-cijevi-g-3-8-x-12-navoja","status":"publish","type":"product","link":"https:\/\/stoic-curie.212-227-153-4.plesk.page\/hr\/product\/m-cijev-do-cijevi-g-3-8-x-12-navoja\/","title":{"rendered":"M Cijev-do-Cijevi G 3\/8 x 12 Navoja (&#8221; )"},"content":{"rendered":"<p>M Cijev-do-Cijevi G 3\/8 x 12 Navoja (&#8221; ) &#8211; <\/p>\n<p>M Cijev-do-cijevi izra\u0111ena je od kompozitnog polipropilena oja\u010danog staklenim vlaknima. Odlikuje se superiornom navo\u0111enjem i \u010dvrsto\u0107om pritiska, otporna na habanje, tro\u0161enje te slobodna od kemijske i galvanske korozije. Prikladna je za prijenos svje\u017ee vode u skladu s CE 10\/2011 i DM174\/2004. Radni tlak iznosi 10 bara pri maksimalnoj temperaturi od 100\u00b0C.<\/p>\n","protected":false},"excerpt":{"rendered":"<p>M Cijev-do-Cijevi G 3\/8 x 12 Navoja (&#8221; ) &#8211; M Cijev-do-cijevi izra\u0111ena je od kompozitnog polipropilena oja\u010danog staklenim vlaknima.<\/p>\n","protected":false},"featured_media":5752330,"comment_status":"open","ping_status":"closed","template":"","meta":[],"product_brand":[3356],"product_cat":[1661],"product_tag":[],"class_list":{"0":"post-5756129","1":"product","2":"type-product","3":"status-publish","4":"has-post-thumbnail","6":"product_brand-seaflow-hr","7":"product_cat-elementi-brodskog-vovovoda-plastika","9":"first","10":"instock","11":"shipping-taxable","12":"purchasable","13":"product-type-simple"},"_links":{"self":[{"href":"https:\/\/stoic-curie.212-227-153-4.plesk.page\/hr\/wp-json\/wp\/v2\/product\/5756129","targetHints":{"allow":["GET"]}}],"collection":[{"href":"https:\/\/stoic-curie.212-227-153-4.plesk.page\/hr\/wp-json\/wp\/v2\/product"}],"about":[{"href":"https:\/\/stoic-curie.212-227-153-4.plesk.page\/hr\/wp-json\/wp\/v2\/types\/product"}],"replies":[{"embeddable":true,"href":"https:\/\/stoic-curie.212-227-153-4.plesk.page\/hr\/wp-json\/wp\/v2\/comments?post=5756129"}],"version-history":[{"count":0,"href":"https:\/\/stoic-curie.212-227-153-4.plesk.page\/hr\/wp-json\/wp\/v2\/product\/5756129\/revisions"}],"wp:featuredmedia":[{"embeddable":true,"href":"https:\/\/stoic-curie.212-227-153-4.plesk.page\/hr\/wp-json\/wp\/v2\/media\/5752330"}],"wp:attachment":[{"href":"https:\/\/stoic-curie.212-227-153-4.plesk.page\/hr\/wp-json\/wp\/v2\/media?parent=5756129"}],"wp:term":[{"taxonomy":"product_brand","embeddable":true,"href":"https:\/\/stoic-curie.212-227-153-4.plesk.page\/hr\/wp-json\/wp\/v2\/product_brand?post=5756129"},{"taxonomy":"product_cat","embeddable":true,"href":"https:\/\/stoic-curie.212-227-153-4.plesk.page\/hr\/wp-json\/wp\/v2\/product_cat?post=5756129"},{"taxonomy":"product_tag","embeddable":true,"href":"https:\/\/stoic-curie.212-227-153-4.plesk.page\/hr\/wp-json\/wp\/v2\/product_tag?post=5756129"}],"curies":[{"name":"wp","href":"https:\/\/api.w.org\/{rel}","templated":true}]}}